{"id":1578,"date":"2023-02-27T18:59:14","date_gmt":"2023-02-27T18:59:14","guid":{"rendered":"https:\/\/pilleri.chelly.ee\/toode\/tadapox-80mg\/"},"modified":"2024-09-02T06:34:17","modified_gmt":"2024-09-02T06:34:17","slug":"tadapox-80mg","status":"publish","type":"product","link":"https:\/\/viagratenerife.shop\/fi\/tuote\/tadapox-80mg\/","title":{"rendered":"TDPX 80"},"content":{"rendered":"","protected":false},"excerpt":{"rendered":"<p><strong>Tadapox 80 <\/strong>ja <strong>Super Vidalista 80<\/strong> (Tadalafil 20mg &amp; Dapoxetine 60mg) on suosittu ja menestyksek\u00e4s hoito erektioh\u00e4iri\u00f6ihin. Koska se sis\u00e4lt\u00e4\u00e4 samoja vaikuttavia aineita kuin Cialis, potilaat voivat hy\u00f6ty\u00e4 v\u00e4hint\u00e4\u00e4n 36 tunnin tehokkaasta hoitoajasta. N\u00e4in parit voivat harrastaa yhdynt\u00e4\u00e4 luonnolliseen aikaan. T\u00e4m\u00e4 pidempi tehokas hoitoaika on saanut l\u00e4\u00e4kkeelle lempinimen &#8221;Le Weekender&#8221; Ranskassa.<\/p>\n","protected":false},"featured_media":1310,"template":"","meta":[],"product_brand":[],"product_cat":[73,140],"product_tag":[],"class_list":{"0":"post-1578","1":"product","2":"type-product","3":"status-publish","4":"has-post-thumbnail","6":"product_cat-generic-priligy-fi","7":"product_cat-super-hinta","9":"first","10":"instock","11":"shipping-taxable","12":"purchasable","13":"product-type-simple"},"yoast_head":"<!-- This site is optimized with the Yoast SEO Premium plugin v24.6 (Yoast SEO v27.4) - https:\/\/yoast.com\/product\/yoast-seo-premium-wordpress\/ -->\n<title>TDPX 80 - ViagraTenerife.shop<\/title>\n<meta name=\"robots\" content=\"index, follow, max-snippet:-1, max-image-preview:large, max-video-preview:-1\" \/>\n<link rel=\"canonical\" href=\"https:\/\/viagratenerife.shop\/tuote\/tadapox-80mg\/\" \/>\n<meta property=\"og:locale\" content=\"fi_FI\" \/>\n<meta property=\"og:type\" content=\"article\" \/>\n<meta property=\"og:title\" content=\"TDPX 80\" \/>\n<meta property=\"og:description\" content=\"Tadapox 80 ja Super Vidalista 80 (Tadalafil 20mg &amp; Dapoxetine 60mg) on suosittu ja menestyksek\u00e4s hoito erektioh\u00e4iri\u00f6ihin. Koska se sis\u00e4lt\u00e4\u00e4 samoja vaikuttavia aineita kuin Cialis, potilaat voivat hy\u00f6ty\u00e4 v\u00e4hint\u00e4\u00e4n 36 tunnin tehokkaasta hoitoajasta. N\u00e4in parit voivat harrastaa yhdynt\u00e4\u00e4 luonnolliseen aikaan. T\u00e4m\u00e4 pidempi tehokas hoitoaika on saanut l\u00e4\u00e4kkeelle lempinimen &quot;Le Weekender&quot; Ranskassa.\" \/>\n<meta property=\"og:url\" content=\"https:\/\/viagratenerife.shop\/tuote\/tadapox-80mg\/\" \/>\n<meta property=\"og:site_name\" content=\"ViagraTenerife.shop\" \/>\n<meta property=\"article:modified_time\" content=\"2024-09-02T06:34:17+00:00\" \/>\n<meta property=\"og:image\" content=\"https:\/\/viagratenerife.shop\/wp-content\/uploads\/2023\/02\/Tadapox-80Mg.webp\" \/>\n\t<meta property=\"og:image:width\" content=\"800\" \/>\n\t<meta property=\"og:image:height\" content=\"800\" \/>\n\t<meta property=\"og:image:type\" content=\"image\/webp\" \/>\n<meta name=\"twitter:card\" content=\"summary_large_image\" \/>\n<meta name=\"twitter:label1\" content=\"Hinta\" \/>\n\t<meta name=\"twitter:data1\" content=\"29,00&euro;\" \/>\n\t<meta name=\"twitter:label2\" content=\"Saatavuus\" \/>\n\t<meta name=\"twitter:data2\" content=\"Varastossa\" \/>\n<script type=\"application\/ld+json\" class=\"yoast-schema-graph\">{\"@context\":\"https:\\\/\\\/schema.org\",\"@graph\":[{\"@type\":\"WebPage\",\"@id\":\"https:\\\/\\\/viagratenerife.shop\\\/tuote\\\/tadapox-80mg\\\/\",\"url\":\"https:\\\/\\\/viagratenerife.shop\\\/tuote\\\/tadapox-80mg\\\/\",\"name\":\"TDPX 80 - ViagraTenerife.shop\",\"isPartOf\":{\"@id\":\"https:\\\/\\\/viagratenerife.shop\\\/#website\"},\"primaryImageOfPage\":{\"@id\":\"https:\\\/\\\/viagratenerife.shop\\\/tuote\\\/tadapox-80mg\\\/#primaryimage\"},\"image\":{\"@id\":\"https:\\\/\\\/viagratenerife.shop\\\/tuote\\\/tadapox-80mg\\\/#primaryimage\"},\"thumbnailUrl\":\"https:\\\/\\\/viagratenerife.shop\\\/wp-content\\\/uploads\\\/2023\\\/02\\\/Tadapox-80Mg.webp\",\"datePublished\":\"2023-02-27T18:59:14+00:00\",\"dateModified\":\"2024-09-02T06:34:17+00:00\",\"breadcrumb\":{\"@id\":\"https:\\\/\\\/viagratenerife.shop\\\/tuote\\\/tadapox-80mg\\\/#breadcrumb\"},\"inLanguage\":\"fi\",\"potentialAction\":[{\"@type\":\"ReadAction\",\"target\":[\"https:\\\/\\\/viagratenerife.shop\\\/tuote\\\/tadapox-80mg\\\/\"]}]},{\"@type\":\"ImageObject\",\"inLanguage\":\"fi\",\"@id\":\"https:\\\/\\\/viagratenerife.shop\\\/tuote\\\/tadapox-80mg\\\/#primaryimage\",\"url\":\"https:\\\/\\\/viagratenerife.shop\\\/wp-content\\\/uploads\\\/2023\\\/02\\\/Tadapox-80Mg.webp\",\"contentUrl\":\"https:\\\/\\\/viagratenerife.shop\\\/wp-content\\\/uploads\\\/2023\\\/02\\\/Tadapox-80Mg.webp\",\"width\":800,\"height\":800,\"caption\":\"Tadapox 80mg\"},{\"@type\":\"BreadcrumbList\",\"@id\":\"https:\\\/\\\/viagratenerife.shop\\\/tuote\\\/tadapox-80mg\\\/#breadcrumb\",\"itemListElement\":[{\"@type\":\"ListItem\",\"position\":1,\"name\":\"Home\",\"item\":\"https:\\\/\\\/viagratenerife.shop\\\/fi\\\/\"},{\"@type\":\"ListItem\",\"position\":2,\"name\":\"Tooted\"},{\"@type\":\"ListItem\",\"position\":3,\"name\":\"TDPX 80\"}]},{\"@type\":\"WebSite\",\"@id\":\"https:\\\/\\\/viagratenerife.shop\\\/#website\",\"url\":\"https:\\\/\\\/viagratenerife.shop\\\/\",\"name\":\"ViagraTenerife.shop\",\"description\":\"Laadukkaat potenssipillerit erekti\u00f6h\u00e4iri\u00f6iden hoitoon\",\"publisher\":{\"@id\":\"https:\\\/\\\/viagratenerife.shop\\\/#organization\"},\"potentialAction\":[{\"@type\":\"SearchAction\",\"target\":{\"@type\":\"EntryPoint\",\"urlTemplate\":\"https:\\\/\\\/viagratenerife.shop\\\/?s={search_term_string}\"},\"query-input\":{\"@type\":\"PropertyValueSpecification\",\"valueRequired\":true,\"valueName\":\"search_term_string\"}}],\"inLanguage\":\"fi\"},{\"@type\":\"Organization\",\"@id\":\"https:\\\/\\\/viagratenerife.shop\\\/#organization\",\"name\":\"KulliPilleri\",\"url\":\"https:\\\/\\\/viagratenerife.shop\\\/\",\"logo\":{\"@type\":\"ImageObject\",\"inLanguage\":\"fi\",\"@id\":\"https:\\\/\\\/viagratenerife.shop\\\/#\\\/schema\\\/logo\\\/image\\\/\",\"url\":\"https:\\\/\\\/viagratenerife.shop\\\/wp-content\\\/uploads\\\/2023\\\/02\\\/ikoon.png\",\"contentUrl\":\"https:\\\/\\\/viagratenerife.shop\\\/wp-content\\\/uploads\\\/2023\\\/02\\\/ikoon.png\",\"width\":513,\"height\":513,\"caption\":\"KulliPilleri\"},\"image\":{\"@id\":\"https:\\\/\\\/viagratenerife.shop\\\/#\\\/schema\\\/logo\\\/image\\\/\"}}]}<\/script>\n<meta property=\"product:brand\" content=\"Generic Priligy\" \/>\n<meta property=\"product:price:amount\" content=\"29.00\" \/>\n<meta property=\"product:price:currency\" content=\"EUR\" \/>\n<meta property=\"og:availability\" content=\"instock\" \/>\n<meta property=\"product:availability\" content=\"instock\" \/>\n<meta property=\"product:retailer_item_id\" content=\"TDPX-8067643878\" \/>\n<meta property=\"product:condition\" content=\"new\" \/>\n<!-- \/ Yoast SEO Premium plugin. -->","yoast_head_json":{"title":"TDPX 80 - ViagraTenerife.shop","robots":{"index":"index","follow":"follow","max-snippet":"max-snippet:-1","max-image-preview":"max-image-preview:large","max-video-preview":"max-video-preview:-1"},"canonical":"https:\/\/viagratenerife.shop\/tuote\/tadapox-80mg\/","og_locale":"fi_FI","og_type":"article","og_title":"TDPX 80","og_description":"Tadapox 80 ja Super Vidalista 80 (Tadalafil 20mg &amp; Dapoxetine 60mg) on suosittu ja menestyksek\u00e4s hoito erektioh\u00e4iri\u00f6ihin. Koska se sis\u00e4lt\u00e4\u00e4 samoja vaikuttavia aineita kuin Cialis, potilaat voivat hy\u00f6ty\u00e4 v\u00e4hint\u00e4\u00e4n 36 tunnin tehokkaasta hoitoajasta. N\u00e4in parit voivat harrastaa yhdynt\u00e4\u00e4 luonnolliseen aikaan. T\u00e4m\u00e4 pidempi tehokas hoitoaika on saanut l\u00e4\u00e4kkeelle lempinimen \"Le Weekender\" Ranskassa.","og_url":"https:\/\/viagratenerife.shop\/tuote\/tadapox-80mg\/","og_site_name":"ViagraTenerife.shop","article_modified_time":"2024-09-02T06:34:17+00:00","og_image":[{"width":800,"height":800,"url":"https:\/\/viagratenerife.shop\/wp-content\/uploads\/2023\/02\/Tadapox-80Mg.webp","type":"image\/webp"}],"twitter_card":"summary_large_image","twitter_misc":{"Hinta":"29,00&euro;","Saatavuus":"Varastossa"},"schema":{"@context":"https:\/\/schema.org","@graph":[{"@type":"WebPage","@id":"https:\/\/viagratenerife.shop\/tuote\/tadapox-80mg\/","url":"https:\/\/viagratenerife.shop\/tuote\/tadapox-80mg\/","name":"TDPX 80 - ViagraTenerife.shop","isPartOf":{"@id":"https:\/\/viagratenerife.shop\/#website"},"primaryImageOfPage":{"@id":"https:\/\/viagratenerife.shop\/tuote\/tadapox-80mg\/#primaryimage"},"image":{"@id":"https:\/\/viagratenerife.shop\/tuote\/tadapox-80mg\/#primaryimage"},"thumbnailUrl":"https:\/\/viagratenerife.shop\/wp-content\/uploads\/2023\/02\/Tadapox-80Mg.webp","datePublished":"2023-02-27T18:59:14+00:00","dateModified":"2024-09-02T06:34:17+00:00","breadcrumb":{"@id":"https:\/\/viagratenerife.shop\/tuote\/tadapox-80mg\/#breadcrumb"},"inLanguage":"fi","potentialAction":[{"@type":"ReadAction","target":["https:\/\/viagratenerife.shop\/tuote\/tadapox-80mg\/"]}]},{"@type":"ImageObject","inLanguage":"fi","@id":"https:\/\/viagratenerife.shop\/tuote\/tadapox-80mg\/#primaryimage","url":"https:\/\/viagratenerife.shop\/wp-content\/uploads\/2023\/02\/Tadapox-80Mg.webp","contentUrl":"https:\/\/viagratenerife.shop\/wp-content\/uploads\/2023\/02\/Tadapox-80Mg.webp","width":800,"height":800,"caption":"Tadapox 80mg"},{"@type":"BreadcrumbList","@id":"https:\/\/viagratenerife.shop\/tuote\/tadapox-80mg\/#breadcrumb","itemListElement":[{"@type":"ListItem","position":1,"name":"Home","item":"https:\/\/viagratenerife.shop\/fi\/"},{"@type":"ListItem","position":2,"name":"Tooted"},{"@type":"ListItem","position":3,"name":"TDPX 80"}]},{"@type":"WebSite","@id":"https:\/\/viagratenerife.shop\/#website","url":"https:\/\/viagratenerife.shop\/","name":"ViagraTenerife.shop","description":"Laadukkaat potenssipillerit erekti\u00f6h\u00e4iri\u00f6iden hoitoon","publisher":{"@id":"https:\/\/viagratenerife.shop\/#organization"},"potentialAction":[{"@type":"SearchAction","target":{"@type":"EntryPoint","urlTemplate":"https:\/\/viagratenerife.shop\/?s={search_term_string}"},"query-input":{"@type":"PropertyValueSpecification","valueRequired":true,"valueName":"search_term_string"}}],"inLanguage":"fi"},{"@type":"Organization","@id":"https:\/\/viagratenerife.shop\/#organization","name":"KulliPilleri","url":"https:\/\/viagratenerife.shop\/","logo":{"@type":"ImageObject","inLanguage":"fi","@id":"https:\/\/viagratenerife.shop\/#\/schema\/logo\/image\/","url":"https:\/\/viagratenerife.shop\/wp-content\/uploads\/2023\/02\/ikoon.png","contentUrl":"https:\/\/viagratenerife.shop\/wp-content\/uploads\/2023\/02\/ikoon.png","width":513,"height":513,"caption":"KulliPilleri"},"image":{"@id":"https:\/\/viagratenerife.shop\/#\/schema\/logo\/image\/"}}]},"product_brand":"Generic Priligy","product_price_amount":"29.00","product_price_currency":"EUR","og_availability":"instock","product_availability":"instock","product_retailer_item_id":"TDPX-8067643878","product_condition":"new"},"_links":{"self":[{"href":"https:\/\/viagratenerife.shop\/fi\/wp-json\/wp\/v2\/product\/1578","targetHints":{"allow":["GET"]}}],"collection":[{"href":"https:\/\/viagratenerife.shop\/fi\/wp-json\/wp\/v2\/product"}],"about":[{"href":"https:\/\/viagratenerife.shop\/fi\/wp-json\/wp\/v2\/types\/product"}],"wp:featuredmedia":[{"embeddable":true,"href":"https:\/\/viagratenerife.shop\/fi\/wp-json\/wp\/v2\/media\/1310"}],"wp:attachment":[{"href":"https:\/\/viagratenerife.shop\/fi\/wp-json\/wp\/v2\/media?parent=1578"}],"wp:term":[{"taxonomy":"product_brand","embeddable":true,"href":"https:\/\/viagratenerife.shop\/fi\/wp-json\/wp\/v2\/product_brand?post=1578"},{"taxonomy":"product_cat","embeddable":true,"href":"https:\/\/viagratenerife.shop\/fi\/wp-json\/wp\/v2\/product_cat?post=1578"},{"taxonomy":"product_tag","embeddable":true,"href":"https:\/\/viagratenerife.shop\/fi\/wp-json\/wp\/v2\/product_tag?post=1578"}],"curies":[{"name":"wp","href":"https:\/\/api.w.org\/{rel}","templated":true}]}}