{"id":1576,"date":"2023-02-27T18:57:15","date_gmt":"2023-02-27T18:57:15","guid":{"rendered":"https:\/\/pilleri.chelly.ee\/toode\/tadacip-20\/"},"modified":"2024-09-02T06:33:09","modified_gmt":"2024-09-02T06:33:09","slug":"tadacip-20","status":"publish","type":"product","link":"https:\/\/viagratenerife.shop\/fi\/tuote\/tadacip-20\/","title":{"rendered":"TDCP 20"},"content":{"rendered":"","protected":false},"excerpt":{"rendered":"<p>Suosittu oranssi seksipilleri <strong>Tadacip 20<\/strong> on suunniteltu miesten erektioh\u00e4iri\u00f6iden, joka tunnetaan my\u00f6s nimell\u00e4 seksuaalinen impotenssi, hoitoon. Toisin kuin <em>sildenafiilipohjaiset<\/em> l\u00e4\u00e4kkeet, k\u00e4ytt\u00e4m\u00e4ll\u00e4 20 mg <em>tadalafiilia<\/em> potilaat hy\u00f6tyv\u00e4t huomattavasti pidemm\u00e4st\u00e4 hoitoajasta, joka on v\u00e4hint\u00e4\u00e4n 36 tuntia.<\/p>\n","protected":false},"featured_media":1300,"template":"","meta":[],"product_brand":[],"product_cat":[69],"product_tag":[],"class_list":{"0":"post-1576","1":"product","2":"type-product","3":"status-publish","4":"has-post-thumbnail","6":"product_cat-generic-cialis-fi","8":"first","9":"instock","10":"shipping-taxable","11":"purchasable","12":"product-type-simple"},"yoast_head":"<!-- This site is optimized with the Yoast SEO Premium plugin v24.6 (Yoast SEO v27.4) - https:\/\/yoast.com\/product\/yoast-seo-premium-wordpress\/ -->\n<title>TDCP 20 - ViagraTenerife.shop<\/title>\n<meta name=\"robots\" content=\"index, follow, max-snippet:-1, max-image-preview:large, max-video-preview:-1\" \/>\n<link rel=\"canonical\" href=\"https:\/\/viagratenerife.shop\/tuote\/tadacip-20\/\" \/>\n<meta property=\"og:locale\" content=\"fi_FI\" \/>\n<meta property=\"og:type\" content=\"article\" \/>\n<meta property=\"og:title\" content=\"TDCP 20\" \/>\n<meta property=\"og:description\" content=\"Suosittu oranssi seksipilleri Tadacip 20 on suunniteltu miesten erektioh\u00e4iri\u00f6iden, joka tunnetaan my\u00f6s nimell\u00e4 seksuaalinen impotenssi, hoitoon. Toisin kuin sildenafiilipohjaiset l\u00e4\u00e4kkeet, k\u00e4ytt\u00e4m\u00e4ll\u00e4 20 mg tadalafiilia potilaat hy\u00f6tyv\u00e4t huomattavasti pidemm\u00e4st\u00e4 hoitoajasta, joka on v\u00e4hint\u00e4\u00e4n 36 tuntia.\" \/>\n<meta property=\"og:url\" content=\"https:\/\/viagratenerife.shop\/tuote\/tadacip-20\/\" \/>\n<meta property=\"og:site_name\" content=\"ViagraTenerife.shop\" \/>\n<meta property=\"article:modified_time\" content=\"2024-09-02T06:33:09+00:00\" \/>\n<meta property=\"og:image\" content=\"https:\/\/viagratenerife.shop\/wp-content\/uploads\/2023\/02\/tadacip-20-1-624x624-1.jpg\" \/>\n\t<meta property=\"og:image:width\" content=\"624\" \/>\n\t<meta property=\"og:image:height\" content=\"624\" \/>\n\t<meta property=\"og:image:type\" content=\"image\/jpeg\" \/>\n<meta name=\"twitter:card\" content=\"summary_large_image\" \/>\n<meta name=\"twitter:label1\" content=\"Hinta\" \/>\n\t<meta name=\"twitter:data1\" content=\"15,00&euro;\" \/>\n\t<meta name=\"twitter:label2\" content=\"Saatavuus\" \/>\n\t<meta name=\"twitter:data2\" content=\"Varastossa\" \/>\n<script type=\"application\/ld+json\" class=\"yoast-schema-graph\">{\"@context\":\"https:\\\/\\\/schema.org\",\"@graph\":[{\"@type\":\"WebPage\",\"@id\":\"https:\\\/\\\/viagratenerife.shop\\\/tuote\\\/tadacip-20\\\/\",\"url\":\"https:\\\/\\\/viagratenerife.shop\\\/tuote\\\/tadacip-20\\\/\",\"name\":\"TDCP 20 - ViagraTenerife.shop\",\"isPartOf\":{\"@id\":\"https:\\\/\\\/viagratenerife.shop\\\/#website\"},\"primaryImageOfPage\":{\"@id\":\"https:\\\/\\\/viagratenerife.shop\\\/tuote\\\/tadacip-20\\\/#primaryimage\"},\"image\":{\"@id\":\"https:\\\/\\\/viagratenerife.shop\\\/tuote\\\/tadacip-20\\\/#primaryimage\"},\"thumbnailUrl\":\"https:\\\/\\\/viagratenerife.shop\\\/wp-content\\\/uploads\\\/2023\\\/02\\\/tadacip-20-1-624x624-1.jpg\",\"datePublished\":\"2023-02-27T18:57:15+00:00\",\"dateModified\":\"2024-09-02T06:33:09+00:00\",\"breadcrumb\":{\"@id\":\"https:\\\/\\\/viagratenerife.shop\\\/tuote\\\/tadacip-20\\\/#breadcrumb\"},\"inLanguage\":\"fi\",\"potentialAction\":[{\"@type\":\"ReadAction\",\"target\":[\"https:\\\/\\\/viagratenerife.shop\\\/tuote\\\/tadacip-20\\\/\"]}]},{\"@type\":\"ImageObject\",\"inLanguage\":\"fi\",\"@id\":\"https:\\\/\\\/viagratenerife.shop\\\/tuote\\\/tadacip-20\\\/#primaryimage\",\"url\":\"https:\\\/\\\/viagratenerife.shop\\\/wp-content\\\/uploads\\\/2023\\\/02\\\/tadacip-20-1-624x624-1.jpg\",\"contentUrl\":\"https:\\\/\\\/viagratenerife.shop\\\/wp-content\\\/uploads\\\/2023\\\/02\\\/tadacip-20-1-624x624-1.jpg\",\"width\":624,\"height\":624,\"caption\":\"Tadacip 20mg\"},{\"@type\":\"BreadcrumbList\",\"@id\":\"https:\\\/\\\/viagratenerife.shop\\\/tuote\\\/tadacip-20\\\/#breadcrumb\",\"itemListElement\":[{\"@type\":\"ListItem\",\"position\":1,\"name\":\"Home\",\"item\":\"https:\\\/\\\/viagratenerife.shop\\\/fi\\\/\"},{\"@type\":\"ListItem\",\"position\":2,\"name\":\"Tooted\"},{\"@type\":\"ListItem\",\"position\":3,\"name\":\"TDCP 20\"}]},{\"@type\":\"WebSite\",\"@id\":\"https:\\\/\\\/viagratenerife.shop\\\/#website\",\"url\":\"https:\\\/\\\/viagratenerife.shop\\\/\",\"name\":\"ViagraTenerife.shop\",\"description\":\"Laadukkaat potenssipillerit erekti\u00f6h\u00e4iri\u00f6iden hoitoon\",\"publisher\":{\"@id\":\"https:\\\/\\\/viagratenerife.shop\\\/#organization\"},\"potentialAction\":[{\"@type\":\"SearchAction\",\"target\":{\"@type\":\"EntryPoint\",\"urlTemplate\":\"https:\\\/\\\/viagratenerife.shop\\\/?s={search_term_string}\"},\"query-input\":{\"@type\":\"PropertyValueSpecification\",\"valueRequired\":true,\"valueName\":\"search_term_string\"}}],\"inLanguage\":\"fi\"},{\"@type\":\"Organization\",\"@id\":\"https:\\\/\\\/viagratenerife.shop\\\/#organization\",\"name\":\"KulliPilleri\",\"url\":\"https:\\\/\\\/viagratenerife.shop\\\/\",\"logo\":{\"@type\":\"ImageObject\",\"inLanguage\":\"fi\",\"@id\":\"https:\\\/\\\/viagratenerife.shop\\\/#\\\/schema\\\/logo\\\/image\\\/\",\"url\":\"https:\\\/\\\/viagratenerife.shop\\\/wp-content\\\/uploads\\\/2023\\\/02\\\/ikoon.png\",\"contentUrl\":\"https:\\\/\\\/viagratenerife.shop\\\/wp-content\\\/uploads\\\/2023\\\/02\\\/ikoon.png\",\"width\":513,\"height\":513,\"caption\":\"KulliPilleri\"},\"image\":{\"@id\":\"https:\\\/\\\/viagratenerife.shop\\\/#\\\/schema\\\/logo\\\/image\\\/\"}}]}<\/script>\n<meta property=\"product:brand\" content=\"Generic Cialis\" \/>\n<meta property=\"product:price:amount\" content=\"15.00\" \/>\n<meta property=\"product:price:currency\" content=\"EUR\" \/>\n<meta property=\"og:availability\" content=\"instock\" \/>\n<meta property=\"product:availability\" content=\"instock\" \/>\n<meta property=\"product:retailer_item_id\" content=\"TDCP-2067326563\" \/>\n<meta property=\"product:condition\" content=\"new\" \/>\n<!-- \/ Yoast SEO Premium plugin. -->","yoast_head_json":{"title":"TDCP 20 - ViagraTenerife.shop","robots":{"index":"index","follow":"follow","max-snippet":"max-snippet:-1","max-image-preview":"max-image-preview:large","max-video-preview":"max-video-preview:-1"},"canonical":"https:\/\/viagratenerife.shop\/tuote\/tadacip-20\/","og_locale":"fi_FI","og_type":"article","og_title":"TDCP 20","og_description":"Suosittu oranssi seksipilleri Tadacip 20 on suunniteltu miesten erektioh\u00e4iri\u00f6iden, joka tunnetaan my\u00f6s nimell\u00e4 seksuaalinen impotenssi, hoitoon. Toisin kuin sildenafiilipohjaiset l\u00e4\u00e4kkeet, k\u00e4ytt\u00e4m\u00e4ll\u00e4 20 mg tadalafiilia potilaat hy\u00f6tyv\u00e4t huomattavasti pidemm\u00e4st\u00e4 hoitoajasta, joka on v\u00e4hint\u00e4\u00e4n 36 tuntia.","og_url":"https:\/\/viagratenerife.shop\/tuote\/tadacip-20\/","og_site_name":"ViagraTenerife.shop","article_modified_time":"2024-09-02T06:33:09+00:00","og_image":[{"width":624,"height":624,"url":"https:\/\/viagratenerife.shop\/wp-content\/uploads\/2023\/02\/tadacip-20-1-624x624-1.jpg","type":"image\/jpeg"}],"twitter_card":"summary_large_image","twitter_misc":{"Hinta":"15,00&euro;","Saatavuus":"Varastossa"},"schema":{"@context":"https:\/\/schema.org","@graph":[{"@type":"WebPage","@id":"https:\/\/viagratenerife.shop\/tuote\/tadacip-20\/","url":"https:\/\/viagratenerife.shop\/tuote\/tadacip-20\/","name":"TDCP 20 - ViagraTenerife.shop","isPartOf":{"@id":"https:\/\/viagratenerife.shop\/#website"},"primaryImageOfPage":{"@id":"https:\/\/viagratenerife.shop\/tuote\/tadacip-20\/#primaryimage"},"image":{"@id":"https:\/\/viagratenerife.shop\/tuote\/tadacip-20\/#primaryimage"},"thumbnailUrl":"https:\/\/viagratenerife.shop\/wp-content\/uploads\/2023\/02\/tadacip-20-1-624x624-1.jpg","datePublished":"2023-02-27T18:57:15+00:00","dateModified":"2024-09-02T06:33:09+00:00","breadcrumb":{"@id":"https:\/\/viagratenerife.shop\/tuote\/tadacip-20\/#breadcrumb"},"inLanguage":"fi","potentialAction":[{"@type":"ReadAction","target":["https:\/\/viagratenerife.shop\/tuote\/tadacip-20\/"]}]},{"@type":"ImageObject","inLanguage":"fi","@id":"https:\/\/viagratenerife.shop\/tuote\/tadacip-20\/#primaryimage","url":"https:\/\/viagratenerife.shop\/wp-content\/uploads\/2023\/02\/tadacip-20-1-624x624-1.jpg","contentUrl":"https:\/\/viagratenerife.shop\/wp-content\/uploads\/2023\/02\/tadacip-20-1-624x624-1.jpg","width":624,"height":624,"caption":"Tadacip 20mg"},{"@type":"BreadcrumbList","@id":"https:\/\/viagratenerife.shop\/tuote\/tadacip-20\/#breadcrumb","itemListElement":[{"@type":"ListItem","position":1,"name":"Home","item":"https:\/\/viagratenerife.shop\/fi\/"},{"@type":"ListItem","position":2,"name":"Tooted"},{"@type":"ListItem","position":3,"name":"TDCP 20"}]},{"@type":"WebSite","@id":"https:\/\/viagratenerife.shop\/#website","url":"https:\/\/viagratenerife.shop\/","name":"ViagraTenerife.shop","description":"Laadukkaat potenssipillerit erekti\u00f6h\u00e4iri\u00f6iden hoitoon","publisher":{"@id":"https:\/\/viagratenerife.shop\/#organization"},"potentialAction":[{"@type":"SearchAction","target":{"@type":"EntryPoint","urlTemplate":"https:\/\/viagratenerife.shop\/?s={search_term_string}"},"query-input":{"@type":"PropertyValueSpecification","valueRequired":true,"valueName":"search_term_string"}}],"inLanguage":"fi"},{"@type":"Organization","@id":"https:\/\/viagratenerife.shop\/#organization","name":"KulliPilleri","url":"https:\/\/viagratenerife.shop\/","logo":{"@type":"ImageObject","inLanguage":"fi","@id":"https:\/\/viagratenerife.shop\/#\/schema\/logo\/image\/","url":"https:\/\/viagratenerife.shop\/wp-content\/uploads\/2023\/02\/ikoon.png","contentUrl":"https:\/\/viagratenerife.shop\/wp-content\/uploads\/2023\/02\/ikoon.png","width":513,"height":513,"caption":"KulliPilleri"},"image":{"@id":"https:\/\/viagratenerife.shop\/#\/schema\/logo\/image\/"}}]},"product_brand":"Generic Cialis","product_price_amount":"15.00","product_price_currency":"EUR","og_availability":"instock","product_availability":"instock","product_retailer_item_id":"TDCP-2067326563","product_condition":"new"},"_links":{"self":[{"href":"https:\/\/viagratenerife.shop\/fi\/wp-json\/wp\/v2\/product\/1576","targetHints":{"allow":["GET"]}}],"collection":[{"href":"https:\/\/viagratenerife.shop\/fi\/wp-json\/wp\/v2\/product"}],"about":[{"href":"https:\/\/viagratenerife.shop\/fi\/wp-json\/wp\/v2\/types\/product"}],"wp:featuredmedia":[{"embeddable":true,"href":"https:\/\/viagratenerife.shop\/fi\/wp-json\/wp\/v2\/media\/1300"}],"wp:attachment":[{"href":"https:\/\/viagratenerife.shop\/fi\/wp-json\/wp\/v2\/media?parent=1576"}],"wp:term":[{"taxonomy":"product_brand","embeddable":true,"href":"https:\/\/viagratenerife.shop\/fi\/wp-json\/wp\/v2\/product_brand?post=1576"},{"taxonomy":"product_cat","embeddable":true,"href":"https:\/\/viagratenerife.shop\/fi\/wp-json\/wp\/v2\/product_cat?post=1576"},{"taxonomy":"product_tag","embeddable":true,"href":"https:\/\/viagratenerife.shop\/fi\/wp-json\/wp\/v2\/product_tag?post=1576"}],"curies":[{"name":"wp","href":"https:\/\/api.w.org\/{rel}","templated":true}]}}