{"id":1574,"date":"2023-02-27T18:52:34","date_gmt":"2023-02-27T18:52:34","guid":{"rendered":"https:\/\/pilleri.chelly.ee\/toode\/apcalis-sx-oral-jelly-20\/"},"modified":"2024-09-13T11:14:59","modified_gmt":"2024-09-13T11:14:59","slug":"apcalis-sx-oral-jelly-20","status":"publish","type":"product","link":"https:\/\/viagratenerife.shop\/fi\/tuote\/apcalis-sx-oral-jelly-20\/","title":{"rendered":"PCLS-SX RL JLLY 20"},"content":{"rendered":"","protected":false},"excerpt":{"rendered":"<p><strong>Apcalis-sx Oral Jelly 20<\/strong> -seksigeeli on suosittu ja menestyksek\u00e4s hoito erektioh\u00e4iri\u00f6ihin. Se on yksinkertaisesti turvallisempi ja tehokkaampi vaihtoehto nykyisille \u00f6ljyille ja pillereille. Toisin kuin vaikeasti nielt\u00e4v\u00e4t tabletit, Apcalis-sx Oral Jelly voidaan puristaa lusikkaan ja niell\u00e4 helposti.<\/p>\n<p><strong>M\u00e4\u00e4r\u00e4:<\/strong> 1x = 7.annos, 2x = 14.annos jne&#8230;<\/p>\n","protected":false},"featured_media":1694,"template":"","meta":[],"product_brand":[],"product_cat":[69,140],"product_tag":[],"class_list":{"0":"post-1574","1":"product","2":"type-product","3":"status-publish","4":"has-post-thumbnail","6":"product_cat-generic-cialis-fi","7":"product_cat-super-hinta","9":"first","10":"instock","11":"shipping-taxable","12":"purchasable","13":"product-type-simple"},"yoast_head":"<!-- This site is optimized with the Yoast SEO Premium plugin v24.6 (Yoast SEO v27.4) - https:\/\/yoast.com\/product\/yoast-seo-premium-wordpress\/ -->\n<title>PCLS-SX RL JLLY 20 - ViagraTenerife.shop<\/title>\n<meta name=\"robots\" content=\"index, follow, max-snippet:-1, max-image-preview:large, max-video-preview:-1\" \/>\n<link rel=\"canonical\" href=\"https:\/\/viagratenerife.shop\/tuote\/apcalis-sx-oral-jelly-20\/\" \/>\n<meta property=\"og:locale\" content=\"fi_FI\" \/>\n<meta property=\"og:type\" content=\"article\" \/>\n<meta property=\"og:title\" content=\"PCLS-SX RL JLLY 20\" \/>\n<meta property=\"og:description\" content=\"Apcalis-sx Oral Jelly 20 -seksigeeli on suosittu ja menestyksek\u00e4s hoito erektioh\u00e4iri\u00f6ihin. Se on yksinkertaisesti turvallisempi ja tehokkaampi vaihtoehto nykyisille \u00f6ljyille ja pillereille. Toisin kuin vaikeasti nielt\u00e4v\u00e4t tabletit, Apcalis-sx Oral Jelly voidaan puristaa lusikkaan ja niell\u00e4 helposti.  M\u00e4\u00e4r\u00e4: 1x = 7.annos, 2x = 14.annos jne...\" \/>\n<meta property=\"og:url\" content=\"https:\/\/viagratenerife.shop\/tuote\/apcalis-sx-oral-jelly-20\/\" \/>\n<meta property=\"og:site_name\" content=\"ViagraTenerife.shop\" \/>\n<meta property=\"article:modified_time\" content=\"2024-09-13T11:14:59+00:00\" \/>\n<meta property=\"og:image\" content=\"https:\/\/viagratenerife.shop\/wp-content\/uploads\/2023\/02\/apcalis-sx-oral-jelly-1-624x624-1.jpg\" \/>\n\t<meta property=\"og:image:width\" content=\"624\" \/>\n\t<meta property=\"og:image:height\" content=\"624\" \/>\n\t<meta property=\"og:image:type\" content=\"image\/jpeg\" \/>\n<meta name=\"twitter:card\" content=\"summary_large_image\" \/>\n<meta name=\"twitter:label1\" content=\"Hinta\" \/>\n\t<meta name=\"twitter:data1\" content=\"24,00&euro;\" \/>\n\t<meta name=\"twitter:label2\" content=\"Saatavuus\" \/>\n\t<meta name=\"twitter:data2\" content=\"Varastossa\" \/>\n<script type=\"application\/ld+json\" class=\"yoast-schema-graph\">{\"@context\":\"https:\\\/\\\/schema.org\",\"@graph\":[{\"@type\":\"WebPage\",\"@id\":\"https:\\\/\\\/viagratenerife.shop\\\/tuote\\\/apcalis-sx-oral-jelly-20\\\/\",\"url\":\"https:\\\/\\\/viagratenerife.shop\\\/tuote\\\/apcalis-sx-oral-jelly-20\\\/\",\"name\":\"PCLS-SX RL JLLY 20 - ViagraTenerife.shop\",\"isPartOf\":{\"@id\":\"https:\\\/\\\/viagratenerife.shop\\\/#website\"},\"primaryImageOfPage\":{\"@id\":\"https:\\\/\\\/viagratenerife.shop\\\/tuote\\\/apcalis-sx-oral-jelly-20\\\/#primaryimage\"},\"image\":{\"@id\":\"https:\\\/\\\/viagratenerife.shop\\\/tuote\\\/apcalis-sx-oral-jelly-20\\\/#primaryimage\"},\"thumbnailUrl\":\"https:\\\/\\\/viagratenerife.shop\\\/wp-content\\\/uploads\\\/2023\\\/02\\\/apcalis-sx-oral-jelly-1-624x624-1.jpg\",\"datePublished\":\"2023-02-27T18:52:34+00:00\",\"dateModified\":\"2024-09-13T11:14:59+00:00\",\"breadcrumb\":{\"@id\":\"https:\\\/\\\/viagratenerife.shop\\\/tuote\\\/apcalis-sx-oral-jelly-20\\\/#breadcrumb\"},\"inLanguage\":\"fi\",\"potentialAction\":[{\"@type\":\"ReadAction\",\"target\":[\"https:\\\/\\\/viagratenerife.shop\\\/tuote\\\/apcalis-sx-oral-jelly-20\\\/\"]}]},{\"@type\":\"ImageObject\",\"inLanguage\":\"fi\",\"@id\":\"https:\\\/\\\/viagratenerife.shop\\\/tuote\\\/apcalis-sx-oral-jelly-20\\\/#primaryimage\",\"url\":\"https:\\\/\\\/viagratenerife.shop\\\/wp-content\\\/uploads\\\/2023\\\/02\\\/apcalis-sx-oral-jelly-1-624x624-1.jpg\",\"contentUrl\":\"https:\\\/\\\/viagratenerife.shop\\\/wp-content\\\/uploads\\\/2023\\\/02\\\/apcalis-sx-oral-jelly-1-624x624-1.jpg\",\"width\":624,\"height\":624,\"caption\":\"Apcalis-sx oral jelly\"},{\"@type\":\"BreadcrumbList\",\"@id\":\"https:\\\/\\\/viagratenerife.shop\\\/tuote\\\/apcalis-sx-oral-jelly-20\\\/#breadcrumb\",\"itemListElement\":[{\"@type\":\"ListItem\",\"position\":1,\"name\":\"Home\",\"item\":\"https:\\\/\\\/viagratenerife.shop\\\/fi\\\/\"},{\"@type\":\"ListItem\",\"position\":2,\"name\":\"Tooted\"},{\"@type\":\"ListItem\",\"position\":3,\"name\":\"PCLS-SX RL JLLY 20\"}]},{\"@type\":\"WebSite\",\"@id\":\"https:\\\/\\\/viagratenerife.shop\\\/#website\",\"url\":\"https:\\\/\\\/viagratenerife.shop\\\/\",\"name\":\"ViagraTenerife.shop\",\"description\":\"Laadukkaat potenssipillerit erekti\u00f6h\u00e4iri\u00f6iden hoitoon\",\"publisher\":{\"@id\":\"https:\\\/\\\/viagratenerife.shop\\\/#organization\"},\"potentialAction\":[{\"@type\":\"SearchAction\",\"target\":{\"@type\":\"EntryPoint\",\"urlTemplate\":\"https:\\\/\\\/viagratenerife.shop\\\/?s={search_term_string}\"},\"query-input\":{\"@type\":\"PropertyValueSpecification\",\"valueRequired\":true,\"valueName\":\"search_term_string\"}}],\"inLanguage\":\"fi\"},{\"@type\":\"Organization\",\"@id\":\"https:\\\/\\\/viagratenerife.shop\\\/#organization\",\"name\":\"KulliPilleri\",\"url\":\"https:\\\/\\\/viagratenerife.shop\\\/\",\"logo\":{\"@type\":\"ImageObject\",\"inLanguage\":\"fi\",\"@id\":\"https:\\\/\\\/viagratenerife.shop\\\/#\\\/schema\\\/logo\\\/image\\\/\",\"url\":\"https:\\\/\\\/viagratenerife.shop\\\/wp-content\\\/uploads\\\/2023\\\/02\\\/ikoon.png\",\"contentUrl\":\"https:\\\/\\\/viagratenerife.shop\\\/wp-content\\\/uploads\\\/2023\\\/02\\\/ikoon.png\",\"width\":513,\"height\":513,\"caption\":\"KulliPilleri\"},\"image\":{\"@id\":\"https:\\\/\\\/viagratenerife.shop\\\/#\\\/schema\\\/logo\\\/image\\\/\"}}]}<\/script>\n<meta property=\"product:brand\" content=\"Generic Cialis\" \/>\n<meta property=\"product:price:amount\" content=\"24.00\" \/>\n<meta property=\"product:price:currency\" content=\"EUR\" \/>\n<meta property=\"og:availability\" content=\"instock\" \/>\n<meta property=\"product:availability\" content=\"instock\" \/>\n<meta property=\"product:retailer_item_id\" content=\"PCLS-SX-20656856\" \/>\n<meta property=\"product:condition\" content=\"new\" \/>\n<!-- \/ Yoast SEO Premium plugin. -->","yoast_head_json":{"title":"PCLS-SX RL JLLY 20 - ViagraTenerife.shop","robots":{"index":"index","follow":"follow","max-snippet":"max-snippet:-1","max-image-preview":"max-image-preview:large","max-video-preview":"max-video-preview:-1"},"canonical":"https:\/\/viagratenerife.shop\/tuote\/apcalis-sx-oral-jelly-20\/","og_locale":"fi_FI","og_type":"article","og_title":"PCLS-SX RL JLLY 20","og_description":"Apcalis-sx Oral Jelly 20 -seksigeeli on suosittu ja menestyksek\u00e4s hoito erektioh\u00e4iri\u00f6ihin. Se on yksinkertaisesti turvallisempi ja tehokkaampi vaihtoehto nykyisille \u00f6ljyille ja pillereille. Toisin kuin vaikeasti nielt\u00e4v\u00e4t tabletit, Apcalis-sx Oral Jelly voidaan puristaa lusikkaan ja niell\u00e4 helposti.  M\u00e4\u00e4r\u00e4: 1x = 7.annos, 2x = 14.annos jne...","og_url":"https:\/\/viagratenerife.shop\/tuote\/apcalis-sx-oral-jelly-20\/","og_site_name":"ViagraTenerife.shop","article_modified_time":"2024-09-13T11:14:59+00:00","og_image":[{"width":624,"height":624,"url":"https:\/\/viagratenerife.shop\/wp-content\/uploads\/2023\/02\/apcalis-sx-oral-jelly-1-624x624-1.jpg","type":"image\/jpeg"}],"twitter_card":"summary_large_image","twitter_misc":{"Hinta":"24,00&euro;","Saatavuus":"Varastossa"},"schema":{"@context":"https:\/\/schema.org","@graph":[{"@type":"WebPage","@id":"https:\/\/viagratenerife.shop\/tuote\/apcalis-sx-oral-jelly-20\/","url":"https:\/\/viagratenerife.shop\/tuote\/apcalis-sx-oral-jelly-20\/","name":"PCLS-SX RL JLLY 20 - ViagraTenerife.shop","isPartOf":{"@id":"https:\/\/viagratenerife.shop\/#website"},"primaryImageOfPage":{"@id":"https:\/\/viagratenerife.shop\/tuote\/apcalis-sx-oral-jelly-20\/#primaryimage"},"image":{"@id":"https:\/\/viagratenerife.shop\/tuote\/apcalis-sx-oral-jelly-20\/#primaryimage"},"thumbnailUrl":"https:\/\/viagratenerife.shop\/wp-content\/uploads\/2023\/02\/apcalis-sx-oral-jelly-1-624x624-1.jpg","datePublished":"2023-02-27T18:52:34+00:00","dateModified":"2024-09-13T11:14:59+00:00","breadcrumb":{"@id":"https:\/\/viagratenerife.shop\/tuote\/apcalis-sx-oral-jelly-20\/#breadcrumb"},"inLanguage":"fi","potentialAction":[{"@type":"ReadAction","target":["https:\/\/viagratenerife.shop\/tuote\/apcalis-sx-oral-jelly-20\/"]}]},{"@type":"ImageObject","inLanguage":"fi","@id":"https:\/\/viagratenerife.shop\/tuote\/apcalis-sx-oral-jelly-20\/#primaryimage","url":"https:\/\/viagratenerife.shop\/wp-content\/uploads\/2023\/02\/apcalis-sx-oral-jelly-1-624x624-1.jpg","contentUrl":"https:\/\/viagratenerife.shop\/wp-content\/uploads\/2023\/02\/apcalis-sx-oral-jelly-1-624x624-1.jpg","width":624,"height":624,"caption":"Apcalis-sx oral jelly"},{"@type":"BreadcrumbList","@id":"https:\/\/viagratenerife.shop\/tuote\/apcalis-sx-oral-jelly-20\/#breadcrumb","itemListElement":[{"@type":"ListItem","position":1,"name":"Home","item":"https:\/\/viagratenerife.shop\/fi\/"},{"@type":"ListItem","position":2,"name":"Tooted"},{"@type":"ListItem","position":3,"name":"PCLS-SX RL JLLY 20"}]},{"@type":"WebSite","@id":"https:\/\/viagratenerife.shop\/#website","url":"https:\/\/viagratenerife.shop\/","name":"ViagraTenerife.shop","description":"Laadukkaat potenssipillerit erekti\u00f6h\u00e4iri\u00f6iden hoitoon","publisher":{"@id":"https:\/\/viagratenerife.shop\/#organization"},"potentialAction":[{"@type":"SearchAction","target":{"@type":"EntryPoint","urlTemplate":"https:\/\/viagratenerife.shop\/?s={search_term_string}"},"query-input":{"@type":"PropertyValueSpecification","valueRequired":true,"valueName":"search_term_string"}}],"inLanguage":"fi"},{"@type":"Organization","@id":"https:\/\/viagratenerife.shop\/#organization","name":"KulliPilleri","url":"https:\/\/viagratenerife.shop\/","logo":{"@type":"ImageObject","inLanguage":"fi","@id":"https:\/\/viagratenerife.shop\/#\/schema\/logo\/image\/","url":"https:\/\/viagratenerife.shop\/wp-content\/uploads\/2023\/02\/ikoon.png","contentUrl":"https:\/\/viagratenerife.shop\/wp-content\/uploads\/2023\/02\/ikoon.png","width":513,"height":513,"caption":"KulliPilleri"},"image":{"@id":"https:\/\/viagratenerife.shop\/#\/schema\/logo\/image\/"}}]},"product_brand":"Generic Cialis","product_price_amount":"24.00","product_price_currency":"EUR","og_availability":"instock","product_availability":"instock","product_retailer_item_id":"PCLS-SX-20656856","product_condition":"new"},"_links":{"self":[{"href":"https:\/\/viagratenerife.shop\/fi\/wp-json\/wp\/v2\/product\/1574","targetHints":{"allow":["GET"]}}],"collection":[{"href":"https:\/\/viagratenerife.shop\/fi\/wp-json\/wp\/v2\/product"}],"about":[{"href":"https:\/\/viagratenerife.shop\/fi\/wp-json\/wp\/v2\/types\/product"}],"wp:featuredmedia":[{"embeddable":true,"href":"https:\/\/viagratenerife.shop\/fi\/wp-json\/wp\/v2\/media\/1694"}],"wp:attachment":[{"href":"https:\/\/viagratenerife.shop\/fi\/wp-json\/wp\/v2\/media?parent=1574"}],"wp:term":[{"taxonomy":"product_brand","embeddable":true,"href":"https:\/\/viagratenerife.shop\/fi\/wp-json\/wp\/v2\/product_brand?post=1574"},{"taxonomy":"product_cat","embeddable":true,"href":"https:\/\/viagratenerife.shop\/fi\/wp-json\/wp\/v2\/product_cat?post=1574"},{"taxonomy":"product_tag","embeddable":true,"href":"https:\/\/viagratenerife.shop\/fi\/wp-json\/wp\/v2\/product_tag?post=1574"}],"curies":[{"name":"wp","href":"https:\/\/api.w.org\/{rel}","templated":true}]}}