{"id":1566,"date":"2023-02-27T18:43:39","date_gmt":"2023-02-27T18:43:39","guid":{"rendered":"https:\/\/pilleri.chelly.ee\/toode\/cobra-120mg\/"},"modified":"2024-09-02T06:35:11","modified_gmt":"2024-09-02T06:35:11","slug":"cobra-120mg","status":"publish","type":"product","link":"https:\/\/viagratenerife.shop\/fi\/tuote\/cobra-120mg\/","title":{"rendered":"CBR 120"},"content":{"rendered":"","protected":false},"excerpt":{"rendered":"<p><strong>Cobra Vega Extra Extra 120<\/strong> erektioh\u00e4iri\u00f6tabletit kuuluvat sildenafiilisitraattia sis\u00e4lt\u00e4vien Viagra-generaalien ryhm\u00e4\u00e4n. N\u00e4it\u00e4 l\u00e4\u00e4kkeit\u00e4 k\u00e4ytet\u00e4\u00e4n erektioh\u00e4iri\u00f6iden (ED) hoitoon. Tabletin vaikuttava aine on 120 mg sildenafiilisitraattia.<\/p>\n","protected":false},"featured_media":1271,"template":"","meta":[],"product_brand":[],"product_cat":[71],"product_tag":[],"class_list":{"0":"post-1566","1":"product","2":"type-product","3":"status-publish","4":"has-post-thumbnail","6":"product_cat-generic-viagra-fi","8":"first","9":"instock","10":"shipping-taxable","11":"purchasable","12":"product-type-simple"},"yoast_head":"<!-- This site is optimized with the Yoast SEO Premium plugin v24.6 (Yoast SEO v27.4) - https:\/\/yoast.com\/product\/yoast-seo-premium-wordpress\/ -->\n<title>CBR 120 - ViagraTenerife.shop<\/title>\n<meta name=\"robots\" content=\"index, follow, max-snippet:-1, max-image-preview:large, max-video-preview:-1\" \/>\n<link rel=\"canonical\" href=\"https:\/\/viagratenerife.shop\/tuote\/cobra-120mg\/\" \/>\n<meta property=\"og:locale\" content=\"fi_FI\" \/>\n<meta property=\"og:type\" content=\"article\" \/>\n<meta property=\"og:title\" content=\"CBR 120\" \/>\n<meta property=\"og:description\" content=\"Cobra Vega Extra Extra 120 erektioh\u00e4iri\u00f6tabletit kuuluvat sildenafiilisitraattia sis\u00e4lt\u00e4vien Viagra-generaalien ryhm\u00e4\u00e4n. N\u00e4it\u00e4 l\u00e4\u00e4kkeit\u00e4 k\u00e4ytet\u00e4\u00e4n erektioh\u00e4iri\u00f6iden (ED) hoitoon. Tabletin vaikuttava aine on 120 mg sildenafiilisitraattia.\" \/>\n<meta property=\"og:url\" content=\"https:\/\/viagratenerife.shop\/tuote\/cobra-120mg\/\" \/>\n<meta property=\"og:site_name\" content=\"ViagraTenerife.shop\" \/>\n<meta property=\"article:modified_time\" content=\"2024-09-02T06:35:11+00:00\" \/>\n<meta property=\"og:image\" content=\"https:\/\/viagratenerife.shop\/wp-content\/uploads\/2023\/02\/cobra-120-1-624x624-1.jpg\" \/>\n\t<meta property=\"og:image:width\" content=\"624\" \/>\n\t<meta property=\"og:image:height\" content=\"624\" \/>\n\t<meta property=\"og:image:type\" content=\"image\/jpeg\" \/>\n<meta name=\"twitter:card\" content=\"summary_large_image\" \/>\n<meta name=\"twitter:label1\" content=\"Hinta\" \/>\n\t<meta name=\"twitter:data1\" content=\"18,00&euro;\" \/>\n\t<meta name=\"twitter:label2\" content=\"Saatavuus\" \/>\n\t<meta name=\"twitter:data2\" content=\"Varastossa\" \/>\n<script type=\"application\/ld+json\" class=\"yoast-schema-graph\">{\"@context\":\"https:\\\/\\\/schema.org\",\"@graph\":[{\"@type\":\"WebPage\",\"@id\":\"https:\\\/\\\/viagratenerife.shop\\\/tuote\\\/cobra-120mg\\\/\",\"url\":\"https:\\\/\\\/viagratenerife.shop\\\/tuote\\\/cobra-120mg\\\/\",\"name\":\"CBR 120 - ViagraTenerife.shop\",\"isPartOf\":{\"@id\":\"https:\\\/\\\/viagratenerife.shop\\\/#website\"},\"primaryImageOfPage\":{\"@id\":\"https:\\\/\\\/viagratenerife.shop\\\/tuote\\\/cobra-120mg\\\/#primaryimage\"},\"image\":{\"@id\":\"https:\\\/\\\/viagratenerife.shop\\\/tuote\\\/cobra-120mg\\\/#primaryimage\"},\"thumbnailUrl\":\"https:\\\/\\\/viagratenerife.shop\\\/wp-content\\\/uploads\\\/2023\\\/02\\\/cobra-120-1-624x624-1.jpg\",\"datePublished\":\"2023-02-27T18:43:39+00:00\",\"dateModified\":\"2024-09-02T06:35:11+00:00\",\"breadcrumb\":{\"@id\":\"https:\\\/\\\/viagratenerife.shop\\\/tuote\\\/cobra-120mg\\\/#breadcrumb\"},\"inLanguage\":\"fi\",\"potentialAction\":[{\"@type\":\"ReadAction\",\"target\":[\"https:\\\/\\\/viagratenerife.shop\\\/tuote\\\/cobra-120mg\\\/\"]}]},{\"@type\":\"ImageObject\",\"inLanguage\":\"fi\",\"@id\":\"https:\\\/\\\/viagratenerife.shop\\\/tuote\\\/cobra-120mg\\\/#primaryimage\",\"url\":\"https:\\\/\\\/viagratenerife.shop\\\/wp-content\\\/uploads\\\/2023\\\/02\\\/cobra-120-1-624x624-1.jpg\",\"contentUrl\":\"https:\\\/\\\/viagratenerife.shop\\\/wp-content\\\/uploads\\\/2023\\\/02\\\/cobra-120-1-624x624-1.jpg\",\"width\":624,\"height\":624,\"caption\":\"Cobra 120\"},{\"@type\":\"BreadcrumbList\",\"@id\":\"https:\\\/\\\/viagratenerife.shop\\\/tuote\\\/cobra-120mg\\\/#breadcrumb\",\"itemListElement\":[{\"@type\":\"ListItem\",\"position\":1,\"name\":\"Home\",\"item\":\"https:\\\/\\\/viagratenerife.shop\\\/fi\\\/\"},{\"@type\":\"ListItem\",\"position\":2,\"name\":\"Tooted\"},{\"@type\":\"ListItem\",\"position\":3,\"name\":\"CBR 120\"}]},{\"@type\":\"WebSite\",\"@id\":\"https:\\\/\\\/viagratenerife.shop\\\/#website\",\"url\":\"https:\\\/\\\/viagratenerife.shop\\\/\",\"name\":\"ViagraTenerife.shop\",\"description\":\"Laadukkaat potenssipillerit erekti\u00f6h\u00e4iri\u00f6iden hoitoon\",\"publisher\":{\"@id\":\"https:\\\/\\\/viagratenerife.shop\\\/#organization\"},\"potentialAction\":[{\"@type\":\"SearchAction\",\"target\":{\"@type\":\"EntryPoint\",\"urlTemplate\":\"https:\\\/\\\/viagratenerife.shop\\\/?s={search_term_string}\"},\"query-input\":{\"@type\":\"PropertyValueSpecification\",\"valueRequired\":true,\"valueName\":\"search_term_string\"}}],\"inLanguage\":\"fi\"},{\"@type\":\"Organization\",\"@id\":\"https:\\\/\\\/viagratenerife.shop\\\/#organization\",\"name\":\"KulliPilleri\",\"url\":\"https:\\\/\\\/viagratenerife.shop\\\/\",\"logo\":{\"@type\":\"ImageObject\",\"inLanguage\":\"fi\",\"@id\":\"https:\\\/\\\/viagratenerife.shop\\\/#\\\/schema\\\/logo\\\/image\\\/\",\"url\":\"https:\\\/\\\/viagratenerife.shop\\\/wp-content\\\/uploads\\\/2023\\\/02\\\/ikoon.png\",\"contentUrl\":\"https:\\\/\\\/viagratenerife.shop\\\/wp-content\\\/uploads\\\/2023\\\/02\\\/ikoon.png\",\"width\":513,\"height\":513,\"caption\":\"KulliPilleri\"},\"image\":{\"@id\":\"https:\\\/\\\/viagratenerife.shop\\\/#\\\/schema\\\/logo\\\/image\\\/\"}}]}<\/script>\n<meta property=\"product:brand\" content=\"Generic Viagra\" \/>\n<meta property=\"product:price:amount\" content=\"18.00\" \/>\n<meta property=\"product:price:currency\" content=\"EUR\" \/>\n<meta property=\"og:availability\" content=\"instock\" \/>\n<meta property=\"product:availability\" content=\"instock\" \/>\n<meta property=\"product:retailer_item_id\" content=\"CBR-12089465626\" \/>\n<meta property=\"product:condition\" content=\"new\" \/>\n<!-- \/ Yoast SEO Premium plugin. -->","yoast_head_json":{"title":"CBR 120 - ViagraTenerife.shop","robots":{"index":"index","follow":"follow","max-snippet":"max-snippet:-1","max-image-preview":"max-image-preview:large","max-video-preview":"max-video-preview:-1"},"canonical":"https:\/\/viagratenerife.shop\/tuote\/cobra-120mg\/","og_locale":"fi_FI","og_type":"article","og_title":"CBR 120","og_description":"Cobra Vega Extra Extra 120 erektioh\u00e4iri\u00f6tabletit kuuluvat sildenafiilisitraattia sis\u00e4lt\u00e4vien Viagra-generaalien ryhm\u00e4\u00e4n. N\u00e4it\u00e4 l\u00e4\u00e4kkeit\u00e4 k\u00e4ytet\u00e4\u00e4n erektioh\u00e4iri\u00f6iden (ED) hoitoon. Tabletin vaikuttava aine on 120 mg sildenafiilisitraattia.","og_url":"https:\/\/viagratenerife.shop\/tuote\/cobra-120mg\/","og_site_name":"ViagraTenerife.shop","article_modified_time":"2024-09-02T06:35:11+00:00","og_image":[{"width":624,"height":624,"url":"https:\/\/viagratenerife.shop\/wp-content\/uploads\/2023\/02\/cobra-120-1-624x624-1.jpg","type":"image\/jpeg"}],"twitter_card":"summary_large_image","twitter_misc":{"Hinta":"18,00&euro;","Saatavuus":"Varastossa"},"schema":{"@context":"https:\/\/schema.org","@graph":[{"@type":"WebPage","@id":"https:\/\/viagratenerife.shop\/tuote\/cobra-120mg\/","url":"https:\/\/viagratenerife.shop\/tuote\/cobra-120mg\/","name":"CBR 120 - ViagraTenerife.shop","isPartOf":{"@id":"https:\/\/viagratenerife.shop\/#website"},"primaryImageOfPage":{"@id":"https:\/\/viagratenerife.shop\/tuote\/cobra-120mg\/#primaryimage"},"image":{"@id":"https:\/\/viagratenerife.shop\/tuote\/cobra-120mg\/#primaryimage"},"thumbnailUrl":"https:\/\/viagratenerife.shop\/wp-content\/uploads\/2023\/02\/cobra-120-1-624x624-1.jpg","datePublished":"2023-02-27T18:43:39+00:00","dateModified":"2024-09-02T06:35:11+00:00","breadcrumb":{"@id":"https:\/\/viagratenerife.shop\/tuote\/cobra-120mg\/#breadcrumb"},"inLanguage":"fi","potentialAction":[{"@type":"ReadAction","target":["https:\/\/viagratenerife.shop\/tuote\/cobra-120mg\/"]}]},{"@type":"ImageObject","inLanguage":"fi","@id":"https:\/\/viagratenerife.shop\/tuote\/cobra-120mg\/#primaryimage","url":"https:\/\/viagratenerife.shop\/wp-content\/uploads\/2023\/02\/cobra-120-1-624x624-1.jpg","contentUrl":"https:\/\/viagratenerife.shop\/wp-content\/uploads\/2023\/02\/cobra-120-1-624x624-1.jpg","width":624,"height":624,"caption":"Cobra 120"},{"@type":"BreadcrumbList","@id":"https:\/\/viagratenerife.shop\/tuote\/cobra-120mg\/#breadcrumb","itemListElement":[{"@type":"ListItem","position":1,"name":"Home","item":"https:\/\/viagratenerife.shop\/fi\/"},{"@type":"ListItem","position":2,"name":"Tooted"},{"@type":"ListItem","position":3,"name":"CBR 120"}]},{"@type":"WebSite","@id":"https:\/\/viagratenerife.shop\/#website","url":"https:\/\/viagratenerife.shop\/","name":"ViagraTenerife.shop","description":"Laadukkaat potenssipillerit erekti\u00f6h\u00e4iri\u00f6iden hoitoon","publisher":{"@id":"https:\/\/viagratenerife.shop\/#organization"},"potentialAction":[{"@type":"SearchAction","target":{"@type":"EntryPoint","urlTemplate":"https:\/\/viagratenerife.shop\/?s={search_term_string}"},"query-input":{"@type":"PropertyValueSpecification","valueRequired":true,"valueName":"search_term_string"}}],"inLanguage":"fi"},{"@type":"Organization","@id":"https:\/\/viagratenerife.shop\/#organization","name":"KulliPilleri","url":"https:\/\/viagratenerife.shop\/","logo":{"@type":"ImageObject","inLanguage":"fi","@id":"https:\/\/viagratenerife.shop\/#\/schema\/logo\/image\/","url":"https:\/\/viagratenerife.shop\/wp-content\/uploads\/2023\/02\/ikoon.png","contentUrl":"https:\/\/viagratenerife.shop\/wp-content\/uploads\/2023\/02\/ikoon.png","width":513,"height":513,"caption":"KulliPilleri"},"image":{"@id":"https:\/\/viagratenerife.shop\/#\/schema\/logo\/image\/"}}]},"product_brand":"Generic Viagra","product_price_amount":"18.00","product_price_currency":"EUR","og_availability":"instock","product_availability":"instock","product_retailer_item_id":"CBR-12089465626","product_condition":"new"},"_links":{"self":[{"href":"https:\/\/viagratenerife.shop\/fi\/wp-json\/wp\/v2\/product\/1566","targetHints":{"allow":["GET"]}}],"collection":[{"href":"https:\/\/viagratenerife.shop\/fi\/wp-json\/wp\/v2\/product"}],"about":[{"href":"https:\/\/viagratenerife.shop\/fi\/wp-json\/wp\/v2\/types\/product"}],"wp:featuredmedia":[{"embeddable":true,"href":"https:\/\/viagratenerife.shop\/fi\/wp-json\/wp\/v2\/media\/1271"}],"wp:attachment":[{"href":"https:\/\/viagratenerife.shop\/fi\/wp-json\/wp\/v2\/media?parent=1566"}],"wp:term":[{"taxonomy":"product_brand","embeddable":true,"href":"https:\/\/viagratenerife.shop\/fi\/wp-json\/wp\/v2\/product_brand?post=1566"},{"taxonomy":"product_cat","embeddable":true,"href":"https:\/\/viagratenerife.shop\/fi\/wp-json\/wp\/v2\/product_cat?post=1566"},{"taxonomy":"product_tag","embeddable":true,"href":"https:\/\/viagratenerife.shop\/fi\/wp-json\/wp\/v2\/product_tag?post=1566"}],"curies":[{"name":"wp","href":"https:\/\/api.w.org\/{rel}","templated":true}]}}