{"id":1549,"date":"2023-02-26T13:10:54","date_gmt":"2023-02-26T13:10:54","guid":{"rendered":"https:\/\/pilleri.chelly.ee\/toode\/cenforce-soft-100mg\/"},"modified":"2024-09-02T06:39:33","modified_gmt":"2024-09-02T06:39:33","slug":"cenforce-soft-100mg","status":"publish","type":"product","link":"https:\/\/viagratenerife.shop\/fi\/tuote\/cenforce-soft-100mg\/","title":{"rendered":"CNFRC SFT 100"},"content":{"rendered":"","protected":false},"excerpt":{"rendered":"<p><strong>Cenforce Soft 100<\/strong> p\u00e4\u00e4llyst\u00e4m\u00e4tt\u00f6m\u00e4t purutabletit on suunniteltu erityisesti niille, joilla on vaikeuksia niell\u00e4 erektioh\u00e4iri\u00f6tabletteja tai jotka eiv\u00e4t halua niell\u00e4 niit\u00e4. T\u00e4m\u00e4 uuden sukupolven tabletti on helppo pureskella ja niell\u00e4, joten se sopii erinomaisesti asiakkaille, joiden on vaikea niell\u00e4 tavallista tablettia. Cenforce-pehmyttabletit sis\u00e4lt\u00e4v\u00e4t samaa vaikuttavaa ainetta kuin Cenforce-pillerit, joten ne toimivat samalla tavalla. Tehokas hoitoaika on 4-6 tuntia, vaikka monet l\u00e4\u00e4k\u00e4rit raportoivat pidemmist\u00e4 hoitoajoista.<\/p>\n","protected":false},"featured_media":1171,"template":"","meta":[],"product_brand":[],"product_cat":[71],"product_tag":[],"class_list":{"0":"post-1549","1":"product","2":"type-product","3":"status-publish","4":"has-post-thumbnail","6":"product_cat-generic-viagra-fi","8":"first","9":"instock","10":"shipping-taxable","11":"purchasable","12":"product-type-simple"},"yoast_head":"<!-- This site is optimized with the Yoast SEO Premium plugin v24.6 (Yoast SEO v27.4) - https:\/\/yoast.com\/product\/yoast-seo-premium-wordpress\/ -->\n<title>CNFRC SFT 100 - ViagraTenerife.shop<\/title>\n<meta name=\"robots\" content=\"index, follow, max-snippet:-1, max-image-preview:large, max-video-preview:-1\" \/>\n<link rel=\"canonical\" href=\"https:\/\/viagratenerife.shop\/tuote\/cenforce-soft-100mg\/\" \/>\n<meta property=\"og:locale\" content=\"fi_FI\" \/>\n<meta property=\"og:type\" content=\"article\" \/>\n<meta property=\"og:title\" content=\"CNFRC SFT 100\" \/>\n<meta property=\"og:description\" content=\"Cenforce Soft 100 p\u00e4\u00e4llyst\u00e4m\u00e4tt\u00f6m\u00e4t purutabletit on suunniteltu erityisesti niille, joilla on vaikeuksia niell\u00e4 erektioh\u00e4iri\u00f6tabletteja tai jotka eiv\u00e4t halua niell\u00e4 niit\u00e4. T\u00e4m\u00e4 uuden sukupolven tabletti on helppo pureskella ja niell\u00e4, joten se sopii erinomaisesti asiakkaille, joiden on vaikea niell\u00e4 tavallista tablettia. Cenforce-pehmyttabletit sis\u00e4lt\u00e4v\u00e4t samaa vaikuttavaa ainetta kuin Cenforce-pillerit, joten ne toimivat samalla tavalla. Tehokas hoitoaika on 4-6 tuntia, vaikka monet l\u00e4\u00e4k\u00e4rit raportoivat pidemmist\u00e4 hoitoajoista.\" \/>\n<meta property=\"og:url\" content=\"https:\/\/viagratenerife.shop\/tuote\/cenforce-soft-100mg\/\" \/>\n<meta property=\"og:site_name\" content=\"ViagraTenerife.shop\" \/>\n<meta property=\"article:modified_time\" content=\"2024-09-02T06:39:33+00:00\" \/>\n<meta property=\"og:image\" content=\"https:\/\/viagratenerife.shop\/wp-content\/uploads\/2023\/02\/487_pict_e34ee263_cenforce-soft-100-1000x1000-01.jpg\" \/>\n\t<meta property=\"og:image:width\" content=\"1000\" \/>\n\t<meta property=\"og:image:height\" content=\"1000\" \/>\n\t<meta property=\"og:image:type\" content=\"image\/jpeg\" \/>\n<meta name=\"twitter:card\" content=\"summary_large_image\" \/>\n<meta name=\"twitter:label1\" content=\"Hinta\" \/>\n\t<meta name=\"twitter:data1\" content=\"22,00&euro;\" \/>\n\t<meta name=\"twitter:label2\" content=\"Saatavuus\" \/>\n\t<meta name=\"twitter:data2\" content=\"Varastossa\" \/>\n<script type=\"application\/ld+json\" class=\"yoast-schema-graph\">{\"@context\":\"https:\\\/\\\/schema.org\",\"@graph\":[{\"@type\":\"WebPage\",\"@id\":\"https:\\\/\\\/viagratenerife.shop\\\/tuote\\\/cenforce-soft-100mg\\\/\",\"url\":\"https:\\\/\\\/viagratenerife.shop\\\/tuote\\\/cenforce-soft-100mg\\\/\",\"name\":\"CNFRC SFT 100 - ViagraTenerife.shop\",\"isPartOf\":{\"@id\":\"https:\\\/\\\/viagratenerife.shop\\\/#website\"},\"primaryImageOfPage\":{\"@id\":\"https:\\\/\\\/viagratenerife.shop\\\/tuote\\\/cenforce-soft-100mg\\\/#primaryimage\"},\"image\":{\"@id\":\"https:\\\/\\\/viagratenerife.shop\\\/tuote\\\/cenforce-soft-100mg\\\/#primaryimage\"},\"thumbnailUrl\":\"https:\\\/\\\/viagratenerife.shop\\\/wp-content\\\/uploads\\\/2023\\\/02\\\/487_pict_e34ee263_cenforce-soft-100-1000x1000-01.jpg\",\"datePublished\":\"2023-02-26T13:10:54+00:00\",\"dateModified\":\"2024-09-02T06:39:33+00:00\",\"breadcrumb\":{\"@id\":\"https:\\\/\\\/viagratenerife.shop\\\/tuote\\\/cenforce-soft-100mg\\\/#breadcrumb\"},\"inLanguage\":\"fi\",\"potentialAction\":[{\"@type\":\"ReadAction\",\"target\":[\"https:\\\/\\\/viagratenerife.shop\\\/tuote\\\/cenforce-soft-100mg\\\/\"]}]},{\"@type\":\"ImageObject\",\"inLanguage\":\"fi\",\"@id\":\"https:\\\/\\\/viagratenerife.shop\\\/tuote\\\/cenforce-soft-100mg\\\/#primaryimage\",\"url\":\"https:\\\/\\\/viagratenerife.shop\\\/wp-content\\\/uploads\\\/2023\\\/02\\\/487_pict_e34ee263_cenforce-soft-100-1000x1000-01.jpg\",\"contentUrl\":\"https:\\\/\\\/viagratenerife.shop\\\/wp-content\\\/uploads\\\/2023\\\/02\\\/487_pict_e34ee263_cenforce-soft-100-1000x1000-01.jpg\",\"width\":1000,\"height\":1000,\"caption\":\"Cenforce Soft 100\"},{\"@type\":\"BreadcrumbList\",\"@id\":\"https:\\\/\\\/viagratenerife.shop\\\/tuote\\\/cenforce-soft-100mg\\\/#breadcrumb\",\"itemListElement\":[{\"@type\":\"ListItem\",\"position\":1,\"name\":\"Home\",\"item\":\"https:\\\/\\\/viagratenerife.shop\\\/fi\\\/\"},{\"@type\":\"ListItem\",\"position\":2,\"name\":\"Tooted\"},{\"@type\":\"ListItem\",\"position\":3,\"name\":\"CNFRC SFT 100\"}]},{\"@type\":\"WebSite\",\"@id\":\"https:\\\/\\\/viagratenerife.shop\\\/#website\",\"url\":\"https:\\\/\\\/viagratenerife.shop\\\/\",\"name\":\"ViagraTenerife.shop\",\"description\":\"Laadukkaat potenssipillerit erekti\u00f6h\u00e4iri\u00f6iden hoitoon\",\"publisher\":{\"@id\":\"https:\\\/\\\/viagratenerife.shop\\\/#organization\"},\"potentialAction\":[{\"@type\":\"SearchAction\",\"target\":{\"@type\":\"EntryPoint\",\"urlTemplate\":\"https:\\\/\\\/viagratenerife.shop\\\/?s={search_term_string}\"},\"query-input\":{\"@type\":\"PropertyValueSpecification\",\"valueRequired\":true,\"valueName\":\"search_term_string\"}}],\"inLanguage\":\"fi\"},{\"@type\":\"Organization\",\"@id\":\"https:\\\/\\\/viagratenerife.shop\\\/#organization\",\"name\":\"KulliPilleri\",\"url\":\"https:\\\/\\\/viagratenerife.shop\\\/\",\"logo\":{\"@type\":\"ImageObject\",\"inLanguage\":\"fi\",\"@id\":\"https:\\\/\\\/viagratenerife.shop\\\/#\\\/schema\\\/logo\\\/image\\\/\",\"url\":\"https:\\\/\\\/viagratenerife.shop\\\/wp-content\\\/uploads\\\/2023\\\/02\\\/ikoon.png\",\"contentUrl\":\"https:\\\/\\\/viagratenerife.shop\\\/wp-content\\\/uploads\\\/2023\\\/02\\\/ikoon.png\",\"width\":513,\"height\":513,\"caption\":\"KulliPilleri\"},\"image\":{\"@id\":\"https:\\\/\\\/viagratenerife.shop\\\/#\\\/schema\\\/logo\\\/image\\\/\"}}]}<\/script>\n<meta property=\"product:brand\" content=\"Generic Viagra\" \/>\n<meta property=\"product:price:amount\" content=\"22.00\" \/>\n<meta property=\"product:price:currency\" content=\"EUR\" \/>\n<meta property=\"og:availability\" content=\"instock\" \/>\n<meta property=\"product:availability\" content=\"instock\" \/>\n<meta property=\"product:retailer_item_id\" content=\"SFT-1003345821\" \/>\n<meta property=\"product:condition\" content=\"new\" \/>\n<!-- \/ Yoast SEO Premium plugin. -->","yoast_head_json":{"title":"CNFRC SFT 100 - ViagraTenerife.shop","robots":{"index":"index","follow":"follow","max-snippet":"max-snippet:-1","max-image-preview":"max-image-preview:large","max-video-preview":"max-video-preview:-1"},"canonical":"https:\/\/viagratenerife.shop\/tuote\/cenforce-soft-100mg\/","og_locale":"fi_FI","og_type":"article","og_title":"CNFRC SFT 100","og_description":"Cenforce Soft 100 p\u00e4\u00e4llyst\u00e4m\u00e4tt\u00f6m\u00e4t purutabletit on suunniteltu erityisesti niille, joilla on vaikeuksia niell\u00e4 erektioh\u00e4iri\u00f6tabletteja tai jotka eiv\u00e4t halua niell\u00e4 niit\u00e4. T\u00e4m\u00e4 uuden sukupolven tabletti on helppo pureskella ja niell\u00e4, joten se sopii erinomaisesti asiakkaille, joiden on vaikea niell\u00e4 tavallista tablettia. Cenforce-pehmyttabletit sis\u00e4lt\u00e4v\u00e4t samaa vaikuttavaa ainetta kuin Cenforce-pillerit, joten ne toimivat samalla tavalla. Tehokas hoitoaika on 4-6 tuntia, vaikka monet l\u00e4\u00e4k\u00e4rit raportoivat pidemmist\u00e4 hoitoajoista.","og_url":"https:\/\/viagratenerife.shop\/tuote\/cenforce-soft-100mg\/","og_site_name":"ViagraTenerife.shop","article_modified_time":"2024-09-02T06:39:33+00:00","og_image":[{"width":1000,"height":1000,"url":"https:\/\/viagratenerife.shop\/wp-content\/uploads\/2023\/02\/487_pict_e34ee263_cenforce-soft-100-1000x1000-01.jpg","type":"image\/jpeg"}],"twitter_card":"summary_large_image","twitter_misc":{"Hinta":"22,00&euro;","Saatavuus":"Varastossa"},"schema":{"@context":"https:\/\/schema.org","@graph":[{"@type":"WebPage","@id":"https:\/\/viagratenerife.shop\/tuote\/cenforce-soft-100mg\/","url":"https:\/\/viagratenerife.shop\/tuote\/cenforce-soft-100mg\/","name":"CNFRC SFT 100 - ViagraTenerife.shop","isPartOf":{"@id":"https:\/\/viagratenerife.shop\/#website"},"primaryImageOfPage":{"@id":"https:\/\/viagratenerife.shop\/tuote\/cenforce-soft-100mg\/#primaryimage"},"image":{"@id":"https:\/\/viagratenerife.shop\/tuote\/cenforce-soft-100mg\/#primaryimage"},"thumbnailUrl":"https:\/\/viagratenerife.shop\/wp-content\/uploads\/2023\/02\/487_pict_e34ee263_cenforce-soft-100-1000x1000-01.jpg","datePublished":"2023-02-26T13:10:54+00:00","dateModified":"2024-09-02T06:39:33+00:00","breadcrumb":{"@id":"https:\/\/viagratenerife.shop\/tuote\/cenforce-soft-100mg\/#breadcrumb"},"inLanguage":"fi","potentialAction":[{"@type":"ReadAction","target":["https:\/\/viagratenerife.shop\/tuote\/cenforce-soft-100mg\/"]}]},{"@type":"ImageObject","inLanguage":"fi","@id":"https:\/\/viagratenerife.shop\/tuote\/cenforce-soft-100mg\/#primaryimage","url":"https:\/\/viagratenerife.shop\/wp-content\/uploads\/2023\/02\/487_pict_e34ee263_cenforce-soft-100-1000x1000-01.jpg","contentUrl":"https:\/\/viagratenerife.shop\/wp-content\/uploads\/2023\/02\/487_pict_e34ee263_cenforce-soft-100-1000x1000-01.jpg","width":1000,"height":1000,"caption":"Cenforce Soft 100"},{"@type":"BreadcrumbList","@id":"https:\/\/viagratenerife.shop\/tuote\/cenforce-soft-100mg\/#breadcrumb","itemListElement":[{"@type":"ListItem","position":1,"name":"Home","item":"https:\/\/viagratenerife.shop\/fi\/"},{"@type":"ListItem","position":2,"name":"Tooted"},{"@type":"ListItem","position":3,"name":"CNFRC SFT 100"}]},{"@type":"WebSite","@id":"https:\/\/viagratenerife.shop\/#website","url":"https:\/\/viagratenerife.shop\/","name":"ViagraTenerife.shop","description":"Laadukkaat potenssipillerit erekti\u00f6h\u00e4iri\u00f6iden hoitoon","publisher":{"@id":"https:\/\/viagratenerife.shop\/#organization"},"potentialAction":[{"@type":"SearchAction","target":{"@type":"EntryPoint","urlTemplate":"https:\/\/viagratenerife.shop\/?s={search_term_string}"},"query-input":{"@type":"PropertyValueSpecification","valueRequired":true,"valueName":"search_term_string"}}],"inLanguage":"fi"},{"@type":"Organization","@id":"https:\/\/viagratenerife.shop\/#organization","name":"KulliPilleri","url":"https:\/\/viagratenerife.shop\/","logo":{"@type":"ImageObject","inLanguage":"fi","@id":"https:\/\/viagratenerife.shop\/#\/schema\/logo\/image\/","url":"https:\/\/viagratenerife.shop\/wp-content\/uploads\/2023\/02\/ikoon.png","contentUrl":"https:\/\/viagratenerife.shop\/wp-content\/uploads\/2023\/02\/ikoon.png","width":513,"height":513,"caption":"KulliPilleri"},"image":{"@id":"https:\/\/viagratenerife.shop\/#\/schema\/logo\/image\/"}}]},"product_brand":"Generic Viagra","product_price_amount":"22.00","product_price_currency":"EUR","og_availability":"instock","product_availability":"instock","product_retailer_item_id":"SFT-1003345821","product_condition":"new"},"_links":{"self":[{"href":"https:\/\/viagratenerife.shop\/fi\/wp-json\/wp\/v2\/product\/1549","targetHints":{"allow":["GET"]}}],"collection":[{"href":"https:\/\/viagratenerife.shop\/fi\/wp-json\/wp\/v2\/product"}],"about":[{"href":"https:\/\/viagratenerife.shop\/fi\/wp-json\/wp\/v2\/types\/product"}],"wp:featuredmedia":[{"embeddable":true,"href":"https:\/\/viagratenerife.shop\/fi\/wp-json\/wp\/v2\/media\/1171"}],"wp:attachment":[{"href":"https:\/\/viagratenerife.shop\/fi\/wp-json\/wp\/v2\/media?parent=1549"}],"wp:term":[{"taxonomy":"product_brand","embeddable":true,"href":"https:\/\/viagratenerife.shop\/fi\/wp-json\/wp\/v2\/product_brand?post=1549"},{"taxonomy":"product_cat","embeddable":true,"href":"https:\/\/viagratenerife.shop\/fi\/wp-json\/wp\/v2\/product_cat?post=1549"},{"taxonomy":"product_tag","embeddable":true,"href":"https:\/\/viagratenerife.shop\/fi\/wp-json\/wp\/v2\/product_tag?post=1549"}],"curies":[{"name":"wp","href":"https:\/\/api.w.org\/{rel}","templated":true}]}}