{"id":1542,"date":"2023-02-26T13:01:16","date_gmt":"2023-02-26T13:01:16","guid":{"rendered":"https:\/\/pilleri.chelly.ee\/toode\/cenforce-100mg\/"},"modified":"2025-04-07T05:34:15","modified_gmt":"2025-04-07T05:34:15","slug":"cenforce-100mg","status":"publish","type":"product","link":"https:\/\/viagratenerife.shop\/fi\/tuote\/cenforce-100mg\/","title":{"rendered":"CNFRC 100"},"content":{"rendered":"","protected":false},"excerpt":{"rendered":"<p><a href=\"https:\/\/viagratenerife.shop\/toode\/cenforce-100mg\/\">Cenforce 100<\/a> (Viagra \u2013 Sildenafiili) on upea tuote pitk\u00e4kestoiseen ja tehokkaaseen erektioon. Seksuaalisen stimulaation lis\u00e4ksi l\u00e4\u00e4ke parantaa verenkiertoa penikseen, mik\u00e4 auttaa miehi\u00e4 saavuttamaan vahvan, nautinnollisen erektion pidemm\u00e4ksi aikaa.<\/p>\n<p>Tabletti kannattaa ottaa tyhj\u00e4\u00e4n mahaan, koska ruoansulatus mahassa vaikeuttaa tabletin vaikutuksen nopeutta. Cenforce 100 mg:n vaikutus kest\u00e4\u00e4 v\u00e4hint\u00e4\u00e4n 6 tuntia. Ota Cenforce 100 mg yksi tabletti p\u00e4iv\u00e4ss\u00e4.<\/p>\n","protected":false},"featured_media":1709,"template":"","meta":[],"product_brand":[],"product_cat":[71,140],"product_tag":[],"class_list":{"0":"post-1542","1":"product","2":"type-product","3":"status-publish","4":"has-post-thumbnail","6":"product_cat-generic-viagra-fi","7":"product_cat-super-hinta","9":"first","10":"instock","11":"shipping-taxable","12":"purchasable","13":"product-type-simple"},"yoast_head":"<!-- This site is optimized with the Yoast SEO Premium plugin v24.6 (Yoast SEO v27.4) - https:\/\/yoast.com\/product\/yoast-seo-premium-wordpress\/ -->\n<title>CNFRC 100 - ViagraTenerife.shop<\/title>\n<meta name=\"robots\" content=\"index, follow, max-snippet:-1, max-image-preview:large, max-video-preview:-1\" \/>\n<link rel=\"canonical\" href=\"https:\/\/viagratenerife.shop\/fi\/tuote\/cenforce-100mg\/\" \/>\n<meta property=\"og:locale\" content=\"fi_FI\" \/>\n<meta property=\"og:type\" content=\"article\" \/>\n<meta property=\"og:title\" content=\"CNFRC 100\" \/>\n<meta property=\"og:description\" content=\"Cenforce 100 (Viagra \u2013 Sildenafiili) on upea tuote pitk\u00e4kestoiseen ja tehokkaaseen erektioon. Seksuaalisen stimulaation lis\u00e4ksi l\u00e4\u00e4ke parantaa verenkiertoa penikseen, mik\u00e4 auttaa miehi\u00e4 saavuttamaan vahvan, nautinnollisen erektion pidemm\u00e4ksi aikaa.  Tabletti kannattaa ottaa tyhj\u00e4\u00e4n mahaan, koska ruoansulatus mahassa vaikeuttaa tabletin vaikutuksen nopeutta. Cenforce 100 mg:n vaikutus kest\u00e4\u00e4 v\u00e4hint\u00e4\u00e4n 6 tuntia. Ota Cenforce 100 mg yksi tabletti p\u00e4iv\u00e4ss\u00e4.\" \/>\n<meta property=\"og:url\" content=\"https:\/\/viagratenerife.shop\/fi\/tuote\/cenforce-100mg\/\" \/>\n<meta property=\"og:site_name\" content=\"ViagraTenerife.shop\" \/>\n<meta property=\"article:modified_time\" content=\"2025-04-07T05:34:15+00:00\" \/>\n<meta property=\"og:image\" content=\"https:\/\/viagratenerife.shop\/wp-content\/uploads\/2023\/02\/cenforce-100.png\" \/>\n\t<meta property=\"og:image:width\" content=\"624\" \/>\n\t<meta property=\"og:image:height\" content=\"624\" \/>\n\t<meta property=\"og:image:type\" content=\"image\/png\" \/>\n<meta name=\"twitter:card\" content=\"summary_large_image\" \/>\n<meta name=\"twitter:label1\" content=\"Hinta\" \/>\n\t<meta name=\"twitter:data1\" content=\"24,00&euro;\" \/>\n\t<meta name=\"twitter:label2\" content=\"Saatavuus\" \/>\n\t<meta name=\"twitter:data2\" content=\"Varastossa\" \/>\n<script type=\"application\/ld+json\" class=\"yoast-schema-graph\">{\"@context\":\"https:\\\/\\\/schema.org\",\"@graph\":[{\"@type\":\"WebPage\",\"@id\":\"https:\\\/\\\/viagratenerife.shop\\\/fi\\\/tuote\\\/cenforce-100mg\\\/\",\"url\":\"https:\\\/\\\/viagratenerife.shop\\\/fi\\\/tuote\\\/cenforce-100mg\\\/\",\"name\":\"CNFRC 100 - ViagraTenerife.shop\",\"isPartOf\":{\"@id\":\"https:\\\/\\\/viagratenerife.shop\\\/#website\"},\"primaryImageOfPage\":{\"@id\":\"https:\\\/\\\/viagratenerife.shop\\\/fi\\\/tuote\\\/cenforce-100mg\\\/#primaryimage\"},\"image\":{\"@id\":\"https:\\\/\\\/viagratenerife.shop\\\/fi\\\/tuote\\\/cenforce-100mg\\\/#primaryimage\"},\"thumbnailUrl\":\"https:\\\/\\\/viagratenerife.shop\\\/wp-content\\\/uploads\\\/2023\\\/02\\\/cenforce-100.png\",\"datePublished\":\"2023-02-26T13:01:16+00:00\",\"dateModified\":\"2025-04-07T05:34:15+00:00\",\"breadcrumb\":{\"@id\":\"https:\\\/\\\/viagratenerife.shop\\\/fi\\\/tuote\\\/cenforce-100mg\\\/#breadcrumb\"},\"inLanguage\":\"fi\",\"potentialAction\":[{\"@type\":\"ReadAction\",\"target\":[\"https:\\\/\\\/viagratenerife.shop\\\/fi\\\/tuote\\\/cenforce-100mg\\\/\"]}]},{\"@type\":\"ImageObject\",\"inLanguage\":\"fi\",\"@id\":\"https:\\\/\\\/viagratenerife.shop\\\/fi\\\/tuote\\\/cenforce-100mg\\\/#primaryimage\",\"url\":\"https:\\\/\\\/viagratenerife.shop\\\/wp-content\\\/uploads\\\/2023\\\/02\\\/cenforce-100.png\",\"contentUrl\":\"https:\\\/\\\/viagratenerife.shop\\\/wp-content\\\/uploads\\\/2023\\\/02\\\/cenforce-100.png\",\"width\":624,\"height\":624,\"caption\":\"Cenforce 100mg\"},{\"@type\":\"BreadcrumbList\",\"@id\":\"https:\\\/\\\/viagratenerife.shop\\\/fi\\\/tuote\\\/cenforce-100mg\\\/#breadcrumb\",\"itemListElement\":[{\"@type\":\"ListItem\",\"position\":1,\"name\":\"Home\",\"item\":\"https:\\\/\\\/viagratenerife.shop\\\/fi\\\/\"},{\"@type\":\"ListItem\",\"position\":2,\"name\":\"Tooted\"},{\"@type\":\"ListItem\",\"position\":3,\"name\":\"CNFRC 100\"}]},{\"@type\":\"WebSite\",\"@id\":\"https:\\\/\\\/viagratenerife.shop\\\/#website\",\"url\":\"https:\\\/\\\/viagratenerife.shop\\\/\",\"name\":\"ViagraTenerife.shop\",\"description\":\"Laadukkaat potenssipillerit erekti\u00f6h\u00e4iri\u00f6iden hoitoon\",\"publisher\":{\"@id\":\"https:\\\/\\\/viagratenerife.shop\\\/#organization\"},\"potentialAction\":[{\"@type\":\"SearchAction\",\"target\":{\"@type\":\"EntryPoint\",\"urlTemplate\":\"https:\\\/\\\/viagratenerife.shop\\\/?s={search_term_string}\"},\"query-input\":{\"@type\":\"PropertyValueSpecification\",\"valueRequired\":true,\"valueName\":\"search_term_string\"}}],\"inLanguage\":\"fi\"},{\"@type\":\"Organization\",\"@id\":\"https:\\\/\\\/viagratenerife.shop\\\/#organization\",\"name\":\"KulliPilleri\",\"url\":\"https:\\\/\\\/viagratenerife.shop\\\/\",\"logo\":{\"@type\":\"ImageObject\",\"inLanguage\":\"fi\",\"@id\":\"https:\\\/\\\/viagratenerife.shop\\\/#\\\/schema\\\/logo\\\/image\\\/\",\"url\":\"https:\\\/\\\/viagratenerife.shop\\\/wp-content\\\/uploads\\\/2023\\\/02\\\/ikoon.png\",\"contentUrl\":\"https:\\\/\\\/viagratenerife.shop\\\/wp-content\\\/uploads\\\/2023\\\/02\\\/ikoon.png\",\"width\":513,\"height\":513,\"caption\":\"KulliPilleri\"},\"image\":{\"@id\":\"https:\\\/\\\/viagratenerife.shop\\\/#\\\/schema\\\/logo\\\/image\\\/\"}}]}<\/script>\n<meta property=\"product:brand\" content=\"Generic Viagra\" \/>\n<meta property=\"product:price:amount\" content=\"24.00\" \/>\n<meta property=\"product:price:currency\" content=\"EUR\" \/>\n<meta property=\"og:availability\" content=\"instock\" \/>\n<meta property=\"product:availability\" content=\"instock\" \/>\n<meta property=\"product:retailer_item_id\" content=\"CNFRC-10061236746\" \/>\n<meta property=\"product:condition\" content=\"new\" \/>\n<!-- \/ Yoast SEO Premium plugin. -->","yoast_head_json":{"title":"CNFRC 100 - ViagraTenerife.shop","robots":{"index":"index","follow":"follow","max-snippet":"max-snippet:-1","max-image-preview":"max-image-preview:large","max-video-preview":"max-video-preview:-1"},"canonical":"https:\/\/viagratenerife.shop\/fi\/tuote\/cenforce-100mg\/","og_locale":"fi_FI","og_type":"article","og_title":"CNFRC 100","og_description":"Cenforce 100 (Viagra \u2013 Sildenafiili) on upea tuote pitk\u00e4kestoiseen ja tehokkaaseen erektioon. Seksuaalisen stimulaation lis\u00e4ksi l\u00e4\u00e4ke parantaa verenkiertoa penikseen, mik\u00e4 auttaa miehi\u00e4 saavuttamaan vahvan, nautinnollisen erektion pidemm\u00e4ksi aikaa.  Tabletti kannattaa ottaa tyhj\u00e4\u00e4n mahaan, koska ruoansulatus mahassa vaikeuttaa tabletin vaikutuksen nopeutta. Cenforce 100 mg:n vaikutus kest\u00e4\u00e4 v\u00e4hint\u00e4\u00e4n 6 tuntia. Ota Cenforce 100 mg yksi tabletti p\u00e4iv\u00e4ss\u00e4.","og_url":"https:\/\/viagratenerife.shop\/fi\/tuote\/cenforce-100mg\/","og_site_name":"ViagraTenerife.shop","article_modified_time":"2025-04-07T05:34:15+00:00","og_image":[{"width":624,"height":624,"url":"https:\/\/viagratenerife.shop\/wp-content\/uploads\/2023\/02\/cenforce-100.png","type":"image\/png"}],"twitter_card":"summary_large_image","twitter_misc":{"Hinta":"24,00&euro;","Saatavuus":"Varastossa"},"schema":{"@context":"https:\/\/schema.org","@graph":[{"@type":"WebPage","@id":"https:\/\/viagratenerife.shop\/fi\/tuote\/cenforce-100mg\/","url":"https:\/\/viagratenerife.shop\/fi\/tuote\/cenforce-100mg\/","name":"CNFRC 100 - ViagraTenerife.shop","isPartOf":{"@id":"https:\/\/viagratenerife.shop\/#website"},"primaryImageOfPage":{"@id":"https:\/\/viagratenerife.shop\/fi\/tuote\/cenforce-100mg\/#primaryimage"},"image":{"@id":"https:\/\/viagratenerife.shop\/fi\/tuote\/cenforce-100mg\/#primaryimage"},"thumbnailUrl":"https:\/\/viagratenerife.shop\/wp-content\/uploads\/2023\/02\/cenforce-100.png","datePublished":"2023-02-26T13:01:16+00:00","dateModified":"2025-04-07T05:34:15+00:00","breadcrumb":{"@id":"https:\/\/viagratenerife.shop\/fi\/tuote\/cenforce-100mg\/#breadcrumb"},"inLanguage":"fi","potentialAction":[{"@type":"ReadAction","target":["https:\/\/viagratenerife.shop\/fi\/tuote\/cenforce-100mg\/"]}]},{"@type":"ImageObject","inLanguage":"fi","@id":"https:\/\/viagratenerife.shop\/fi\/tuote\/cenforce-100mg\/#primaryimage","url":"https:\/\/viagratenerife.shop\/wp-content\/uploads\/2023\/02\/cenforce-100.png","contentUrl":"https:\/\/viagratenerife.shop\/wp-content\/uploads\/2023\/02\/cenforce-100.png","width":624,"height":624,"caption":"Cenforce 100mg"},{"@type":"BreadcrumbList","@id":"https:\/\/viagratenerife.shop\/fi\/tuote\/cenforce-100mg\/#breadcrumb","itemListElement":[{"@type":"ListItem","position":1,"name":"Home","item":"https:\/\/viagratenerife.shop\/fi\/"},{"@type":"ListItem","position":2,"name":"Tooted"},{"@type":"ListItem","position":3,"name":"CNFRC 100"}]},{"@type":"WebSite","@id":"https:\/\/viagratenerife.shop\/#website","url":"https:\/\/viagratenerife.shop\/","name":"ViagraTenerife.shop","description":"Laadukkaat potenssipillerit erekti\u00f6h\u00e4iri\u00f6iden hoitoon","publisher":{"@id":"https:\/\/viagratenerife.shop\/#organization"},"potentialAction":[{"@type":"SearchAction","target":{"@type":"EntryPoint","urlTemplate":"https:\/\/viagratenerife.shop\/?s={search_term_string}"},"query-input":{"@type":"PropertyValueSpecification","valueRequired":true,"valueName":"search_term_string"}}],"inLanguage":"fi"},{"@type":"Organization","@id":"https:\/\/viagratenerife.shop\/#organization","name":"KulliPilleri","url":"https:\/\/viagratenerife.shop\/","logo":{"@type":"ImageObject","inLanguage":"fi","@id":"https:\/\/viagratenerife.shop\/#\/schema\/logo\/image\/","url":"https:\/\/viagratenerife.shop\/wp-content\/uploads\/2023\/02\/ikoon.png","contentUrl":"https:\/\/viagratenerife.shop\/wp-content\/uploads\/2023\/02\/ikoon.png","width":513,"height":513,"caption":"KulliPilleri"},"image":{"@id":"https:\/\/viagratenerife.shop\/#\/schema\/logo\/image\/"}}]},"product_brand":"Generic Viagra","product_price_amount":"24.00","product_price_currency":"EUR","og_availability":"instock","product_availability":"instock","product_retailer_item_id":"CNFRC-10061236746","product_condition":"new"},"_links":{"self":[{"href":"https:\/\/viagratenerife.shop\/fi\/wp-json\/wp\/v2\/product\/1542","targetHints":{"allow":["GET"]}}],"collection":[{"href":"https:\/\/viagratenerife.shop\/fi\/wp-json\/wp\/v2\/product"}],"about":[{"href":"https:\/\/viagratenerife.shop\/fi\/wp-json\/wp\/v2\/types\/product"}],"wp:featuredmedia":[{"embeddable":true,"href":"https:\/\/viagratenerife.shop\/fi\/wp-json\/wp\/v2\/media\/1709"}],"wp:attachment":[{"href":"https:\/\/viagratenerife.shop\/fi\/wp-json\/wp\/v2\/media?parent=1542"}],"wp:term":[{"taxonomy":"product_brand","embeddable":true,"href":"https:\/\/viagratenerife.shop\/fi\/wp-json\/wp\/v2\/product_brand?post=1542"},{"taxonomy":"product_cat","embeddable":true,"href":"https:\/\/viagratenerife.shop\/fi\/wp-json\/wp\/v2\/product_cat?post=1542"},{"taxonomy":"product_tag","embeddable":true,"href":"https:\/\/viagratenerife.shop\/fi\/wp-json\/wp\/v2\/product_tag?post=1542"}],"curies":[{"name":"wp","href":"https:\/\/api.w.org\/{rel}","templated":true}]}}