{"id":1537,"date":"2023-02-26T12:52:04","date_gmt":"2023-02-26T12:52:04","guid":{"rendered":"https:\/\/pilleri.chelly.ee\/toode\/extra-super-p-force-200mg\/"},"modified":"2024-11-15T12:52:30","modified_gmt":"2024-11-15T12:52:30","slug":"extra-super-p-force-200mg","status":"publish","type":"product","link":"https:\/\/viagratenerife.shop\/fi\/tuote\/extra-super-p-force-200mg\/","title":{"rendered":"XTR SPR P-FRC 200"},"content":{"rendered":"","protected":false},"excerpt":{"rendered":"<p><strong>Extra Super P-Force<\/strong> (Sildenafiilisitraatti 100mg &amp; Dapoksetiini 100mg) on uudenlainen yhdistelm\u00e4hoito erektioh\u00e4iri\u00f6ihin ja ennenaikaiseen siemensy\u00f6ksyyn. Sildenafiilisitraattia ja dapoksetiinia sis\u00e4lt\u00e4vien vaikuttavien aineiden ansiosta potilaat voivat kokea terveen erektion ja hallita paremmin yhdynn\u00e4n pituutta. Dapoksetiini on kliinisesti todistettu ja hyv\u00e4ksytty monissa maissa ennenaikaisen siemensy\u00f6ksyn hoitoon, ja sen avulla yhdynt\u00e4 kest\u00e4\u00e4 pidemp\u00e4\u00e4n. Extra Super P-Force -valmistetta k\u00e4ytt\u00e4v\u00e4t potilaat voivat odottaa 4-6 tunnin tehokasta hoitoaikaa.<\/p>\n","protected":false},"featured_media":1123,"template":"","meta":[],"product_brand":[],"product_cat":[73,71],"product_tag":[],"class_list":{"0":"post-1537","1":"product","2":"type-product","3":"status-publish","4":"has-post-thumbnail","6":"product_cat-generic-priligy-fi","7":"product_cat-generic-viagra-fi","9":"first","10":"instock","11":"shipping-taxable","12":"purchasable","13":"product-type-simple"},"yoast_head":"<!-- This site is optimized with the Yoast SEO Premium plugin v24.6 (Yoast SEO v27.4) - https:\/\/yoast.com\/product\/yoast-seo-premium-wordpress\/ -->\n<title>XTR SPR P-FRC 200 - ViagraTenerife.shop<\/title>\n<meta name=\"robots\" content=\"index, follow, max-snippet:-1, max-image-preview:large, max-video-preview:-1\" \/>\n<link rel=\"canonical\" href=\"https:\/\/viagratenerife.shop\/tuote\/extra-super-p-force-200mg\/\" \/>\n<meta property=\"og:locale\" content=\"fi_FI\" \/>\n<meta property=\"og:type\" content=\"article\" \/>\n<meta property=\"og:title\" content=\"XTR SPR P-FRC 200\" \/>\n<meta property=\"og:description\" content=\"Extra Super P-Force (Sildenafiilisitraatti 100mg &amp; Dapoksetiini 100mg) on uudenlainen yhdistelm\u00e4hoito erektioh\u00e4iri\u00f6ihin ja ennenaikaiseen siemensy\u00f6ksyyn. Sildenafiilisitraattia ja dapoksetiinia sis\u00e4lt\u00e4vien vaikuttavien aineiden ansiosta potilaat voivat kokea terveen erektion ja hallita paremmin yhdynn\u00e4n pituutta. Dapoksetiini on kliinisesti todistettu ja hyv\u00e4ksytty monissa maissa ennenaikaisen siemensy\u00f6ksyn hoitoon, ja sen avulla yhdynt\u00e4 kest\u00e4\u00e4 pidemp\u00e4\u00e4n. Extra Super P-Force -valmistetta k\u00e4ytt\u00e4v\u00e4t potilaat voivat odottaa 4-6 tunnin tehokasta hoitoaikaa.\" \/>\n<meta property=\"og:url\" content=\"https:\/\/viagratenerife.shop\/tuote\/extra-super-p-force-200mg\/\" \/>\n<meta property=\"og:site_name\" content=\"ViagraTenerife.shop\" \/>\n<meta property=\"article:modified_time\" content=\"2024-11-15T12:52:30+00:00\" \/>\n<meta property=\"og:image\" content=\"https:\/\/viagratenerife.shop\/wp-content\/uploads\/2023\/02\/p-force-extra-super-1-624x624-1.jpg\" \/>\n\t<meta property=\"og:image:width\" content=\"624\" \/>\n\t<meta property=\"og:image:height\" content=\"624\" \/>\n\t<meta property=\"og:image:type\" content=\"image\/jpeg\" \/>\n<meta name=\"twitter:card\" content=\"summary_large_image\" \/>\n<meta name=\"twitter:label1\" content=\"Hinta\" \/>\n\t<meta name=\"twitter:data1\" content=\"24,00&euro;\" \/>\n\t<meta name=\"twitter:label2\" content=\"Saatavuus\" \/>\n\t<meta name=\"twitter:data2\" content=\"Varastossa\" \/>\n<script type=\"application\/ld+json\" class=\"yoast-schema-graph\">{\"@context\":\"https:\\\/\\\/schema.org\",\"@graph\":[{\"@type\":\"WebPage\",\"@id\":\"https:\\\/\\\/viagratenerife.shop\\\/tuote\\\/extra-super-p-force-200mg\\\/\",\"url\":\"https:\\\/\\\/viagratenerife.shop\\\/tuote\\\/extra-super-p-force-200mg\\\/\",\"name\":\"XTR SPR P-FRC 200 - ViagraTenerife.shop\",\"isPartOf\":{\"@id\":\"https:\\\/\\\/viagratenerife.shop\\\/#website\"},\"primaryImageOfPage\":{\"@id\":\"https:\\\/\\\/viagratenerife.shop\\\/tuote\\\/extra-super-p-force-200mg\\\/#primaryimage\"},\"image\":{\"@id\":\"https:\\\/\\\/viagratenerife.shop\\\/tuote\\\/extra-super-p-force-200mg\\\/#primaryimage\"},\"thumbnailUrl\":\"https:\\\/\\\/viagratenerife.shop\\\/wp-content\\\/uploads\\\/2023\\\/02\\\/p-force-extra-super-1-624x624-1.jpg\",\"datePublished\":\"2023-02-26T12:52:04+00:00\",\"dateModified\":\"2024-11-15T12:52:30+00:00\",\"breadcrumb\":{\"@id\":\"https:\\\/\\\/viagratenerife.shop\\\/tuote\\\/extra-super-p-force-200mg\\\/#breadcrumb\"},\"inLanguage\":\"fi\",\"potentialAction\":[{\"@type\":\"ReadAction\",\"target\":[\"https:\\\/\\\/viagratenerife.shop\\\/tuote\\\/extra-super-p-force-200mg\\\/\"]}]},{\"@type\":\"ImageObject\",\"inLanguage\":\"fi\",\"@id\":\"https:\\\/\\\/viagratenerife.shop\\\/tuote\\\/extra-super-p-force-200mg\\\/#primaryimage\",\"url\":\"https:\\\/\\\/viagratenerife.shop\\\/wp-content\\\/uploads\\\/2023\\\/02\\\/p-force-extra-super-1-624x624-1.jpg\",\"contentUrl\":\"https:\\\/\\\/viagratenerife.shop\\\/wp-content\\\/uploads\\\/2023\\\/02\\\/p-force-extra-super-1-624x624-1.jpg\",\"width\":624,\"height\":624},{\"@type\":\"BreadcrumbList\",\"@id\":\"https:\\\/\\\/viagratenerife.shop\\\/tuote\\\/extra-super-p-force-200mg\\\/#breadcrumb\",\"itemListElement\":[{\"@type\":\"ListItem\",\"position\":1,\"name\":\"Home\",\"item\":\"https:\\\/\\\/viagratenerife.shop\\\/fi\\\/\"},{\"@type\":\"ListItem\",\"position\":2,\"name\":\"Tooted\"},{\"@type\":\"ListItem\",\"position\":3,\"name\":\"XTR SPR P-FRC 200\"}]},{\"@type\":\"WebSite\",\"@id\":\"https:\\\/\\\/viagratenerife.shop\\\/#website\",\"url\":\"https:\\\/\\\/viagratenerife.shop\\\/\",\"name\":\"ViagraTenerife.shop\",\"description\":\"Laadukkaat potenssipillerit erekti\u00f6h\u00e4iri\u00f6iden hoitoon\",\"publisher\":{\"@id\":\"https:\\\/\\\/viagratenerife.shop\\\/#organization\"},\"potentialAction\":[{\"@type\":\"SearchAction\",\"target\":{\"@type\":\"EntryPoint\",\"urlTemplate\":\"https:\\\/\\\/viagratenerife.shop\\\/?s={search_term_string}\"},\"query-input\":{\"@type\":\"PropertyValueSpecification\",\"valueRequired\":true,\"valueName\":\"search_term_string\"}}],\"inLanguage\":\"fi\"},{\"@type\":\"Organization\",\"@id\":\"https:\\\/\\\/viagratenerife.shop\\\/#organization\",\"name\":\"KulliPilleri\",\"url\":\"https:\\\/\\\/viagratenerife.shop\\\/\",\"logo\":{\"@type\":\"ImageObject\",\"inLanguage\":\"fi\",\"@id\":\"https:\\\/\\\/viagratenerife.shop\\\/#\\\/schema\\\/logo\\\/image\\\/\",\"url\":\"https:\\\/\\\/viagratenerife.shop\\\/wp-content\\\/uploads\\\/2023\\\/02\\\/ikoon.png\",\"contentUrl\":\"https:\\\/\\\/viagratenerife.shop\\\/wp-content\\\/uploads\\\/2023\\\/02\\\/ikoon.png\",\"width\":513,\"height\":513,\"caption\":\"KulliPilleri\"},\"image\":{\"@id\":\"https:\\\/\\\/viagratenerife.shop\\\/#\\\/schema\\\/logo\\\/image\\\/\"}}]}<\/script>\n<meta property=\"product:brand\" content=\"Generic Priligy\" \/>\n<meta property=\"product:price:amount\" content=\"24.00\" \/>\n<meta property=\"product:price:currency\" content=\"EUR\" \/>\n<meta property=\"og:availability\" content=\"instock\" \/>\n<meta property=\"product:availability\" content=\"instock\" \/>\n<meta property=\"product:retailer_item_id\" content=\"FRC-2005733164\" \/>\n<meta property=\"product:condition\" content=\"new\" \/>\n<!-- \/ Yoast SEO Premium plugin. -->","yoast_head_json":{"title":"XTR SPR P-FRC 200 - ViagraTenerife.shop","robots":{"index":"index","follow":"follow","max-snippet":"max-snippet:-1","max-image-preview":"max-image-preview:large","max-video-preview":"max-video-preview:-1"},"canonical":"https:\/\/viagratenerife.shop\/tuote\/extra-super-p-force-200mg\/","og_locale":"fi_FI","og_type":"article","og_title":"XTR SPR P-FRC 200","og_description":"Extra Super P-Force (Sildenafiilisitraatti 100mg &amp; Dapoksetiini 100mg) on uudenlainen yhdistelm\u00e4hoito erektioh\u00e4iri\u00f6ihin ja ennenaikaiseen siemensy\u00f6ksyyn. Sildenafiilisitraattia ja dapoksetiinia sis\u00e4lt\u00e4vien vaikuttavien aineiden ansiosta potilaat voivat kokea terveen erektion ja hallita paremmin yhdynn\u00e4n pituutta. Dapoksetiini on kliinisesti todistettu ja hyv\u00e4ksytty monissa maissa ennenaikaisen siemensy\u00f6ksyn hoitoon, ja sen avulla yhdynt\u00e4 kest\u00e4\u00e4 pidemp\u00e4\u00e4n. Extra Super P-Force -valmistetta k\u00e4ytt\u00e4v\u00e4t potilaat voivat odottaa 4-6 tunnin tehokasta hoitoaikaa.","og_url":"https:\/\/viagratenerife.shop\/tuote\/extra-super-p-force-200mg\/","og_site_name":"ViagraTenerife.shop","article_modified_time":"2024-11-15T12:52:30+00:00","og_image":[{"width":624,"height":624,"url":"https:\/\/viagratenerife.shop\/wp-content\/uploads\/2023\/02\/p-force-extra-super-1-624x624-1.jpg","type":"image\/jpeg"}],"twitter_card":"summary_large_image","twitter_misc":{"Hinta":"24,00&euro;","Saatavuus":"Varastossa"},"schema":{"@context":"https:\/\/schema.org","@graph":[{"@type":"WebPage","@id":"https:\/\/viagratenerife.shop\/tuote\/extra-super-p-force-200mg\/","url":"https:\/\/viagratenerife.shop\/tuote\/extra-super-p-force-200mg\/","name":"XTR SPR P-FRC 200 - ViagraTenerife.shop","isPartOf":{"@id":"https:\/\/viagratenerife.shop\/#website"},"primaryImageOfPage":{"@id":"https:\/\/viagratenerife.shop\/tuote\/extra-super-p-force-200mg\/#primaryimage"},"image":{"@id":"https:\/\/viagratenerife.shop\/tuote\/extra-super-p-force-200mg\/#primaryimage"},"thumbnailUrl":"https:\/\/viagratenerife.shop\/wp-content\/uploads\/2023\/02\/p-force-extra-super-1-624x624-1.jpg","datePublished":"2023-02-26T12:52:04+00:00","dateModified":"2024-11-15T12:52:30+00:00","breadcrumb":{"@id":"https:\/\/viagratenerife.shop\/tuote\/extra-super-p-force-200mg\/#breadcrumb"},"inLanguage":"fi","potentialAction":[{"@type":"ReadAction","target":["https:\/\/viagratenerife.shop\/tuote\/extra-super-p-force-200mg\/"]}]},{"@type":"ImageObject","inLanguage":"fi","@id":"https:\/\/viagratenerife.shop\/tuote\/extra-super-p-force-200mg\/#primaryimage","url":"https:\/\/viagratenerife.shop\/wp-content\/uploads\/2023\/02\/p-force-extra-super-1-624x624-1.jpg","contentUrl":"https:\/\/viagratenerife.shop\/wp-content\/uploads\/2023\/02\/p-force-extra-super-1-624x624-1.jpg","width":624,"height":624},{"@type":"BreadcrumbList","@id":"https:\/\/viagratenerife.shop\/tuote\/extra-super-p-force-200mg\/#breadcrumb","itemListElement":[{"@type":"ListItem","position":1,"name":"Home","item":"https:\/\/viagratenerife.shop\/fi\/"},{"@type":"ListItem","position":2,"name":"Tooted"},{"@type":"ListItem","position":3,"name":"XTR SPR P-FRC 200"}]},{"@type":"WebSite","@id":"https:\/\/viagratenerife.shop\/#website","url":"https:\/\/viagratenerife.shop\/","name":"ViagraTenerife.shop","description":"Laadukkaat potenssipillerit erekti\u00f6h\u00e4iri\u00f6iden hoitoon","publisher":{"@id":"https:\/\/viagratenerife.shop\/#organization"},"potentialAction":[{"@type":"SearchAction","target":{"@type":"EntryPoint","urlTemplate":"https:\/\/viagratenerife.shop\/?s={search_term_string}"},"query-input":{"@type":"PropertyValueSpecification","valueRequired":true,"valueName":"search_term_string"}}],"inLanguage":"fi"},{"@type":"Organization","@id":"https:\/\/viagratenerife.shop\/#organization","name":"KulliPilleri","url":"https:\/\/viagratenerife.shop\/","logo":{"@type":"ImageObject","inLanguage":"fi","@id":"https:\/\/viagratenerife.shop\/#\/schema\/logo\/image\/","url":"https:\/\/viagratenerife.shop\/wp-content\/uploads\/2023\/02\/ikoon.png","contentUrl":"https:\/\/viagratenerife.shop\/wp-content\/uploads\/2023\/02\/ikoon.png","width":513,"height":513,"caption":"KulliPilleri"},"image":{"@id":"https:\/\/viagratenerife.shop\/#\/schema\/logo\/image\/"}}]},"product_brand":"Generic Priligy","product_price_amount":"24.00","product_price_currency":"EUR","og_availability":"instock","product_availability":"instock","product_retailer_item_id":"FRC-2005733164","product_condition":"new"},"_links":{"self":[{"href":"https:\/\/viagratenerife.shop\/fi\/wp-json\/wp\/v2\/product\/1537","targetHints":{"allow":["GET"]}}],"collection":[{"href":"https:\/\/viagratenerife.shop\/fi\/wp-json\/wp\/v2\/product"}],"about":[{"href":"https:\/\/viagratenerife.shop\/fi\/wp-json\/wp\/v2\/types\/product"}],"wp:featuredmedia":[{"embeddable":true,"href":"https:\/\/viagratenerife.shop\/fi\/wp-json\/wp\/v2\/media\/1123"}],"wp:attachment":[{"href":"https:\/\/viagratenerife.shop\/fi\/wp-json\/wp\/v2\/media?parent=1537"}],"wp:term":[{"taxonomy":"product_brand","embeddable":true,"href":"https:\/\/viagratenerife.shop\/fi\/wp-json\/wp\/v2\/product_brand?post=1537"},{"taxonomy":"product_cat","embeddable":true,"href":"https:\/\/viagratenerife.shop\/fi\/wp-json\/wp\/v2\/product_cat?post=1537"},{"taxonomy":"product_tag","embeddable":true,"href":"https:\/\/viagratenerife.shop\/fi\/wp-json\/wp\/v2\/product_tag?post=1537"}],"curies":[{"name":"wp","href":"https:\/\/api.w.org\/{rel}","templated":true}]}}