{"id":5003,"date":"2023-02-27T18:46:42","date_gmt":"2023-02-27T18:46:42","guid":{"rendered":"https:\/\/viagratenerife.shop\/toode\/kmgr-chwbl\/"},"modified":"2023-02-27T18:46:42","modified_gmt":"2023-02-27T18:46:42","slug":"kmgr-chwbl","status":"publish","type":"product","link":"https:\/\/viagratenerife.shop\/es\/toode\/kmgr-chwbl\/","title":{"rendered":"KMGR CHWBL"},"content":{"rendered":"","protected":false},"excerpt":{"rendered":"<p>Las tabletas masticables Kamagra 100 est\u00e1n dise\u00f1adas especialmente para quienes tienen dificultad o no les gusta tragar pastillas para la disfunci\u00f3n er\u00e9ctil. Las tabletas blandas son f\u00e1ciles de masticar y tragar, por lo que son ideales para quienes tienen dificultad para tragar una tableta dura. Las tabletas blandas contienen los mismos ingredientes activos que las tabletas Kamagra y, por lo tanto, funcionan de la misma manera.<\/p>\n","protected":false},"featured_media":5004,"template":"","meta":[],"product_brand":[],"product_cat":[154],"product_tag":[],"class_list":{"0":"post-5003","1":"product","2":"type-product","3":"status-publish","4":"has-post-thumbnail","6":"product_cat-generic-viagra-es","8":"first","9":"instock","10":"shipping-taxable","11":"purchasable","12":"product-type-simple"},"yoast_head":"<!-- This site is optimized with the Yoast SEO Premium plugin v24.6 (Yoast SEO v27.4) - https:\/\/yoast.com\/product\/yoast-seo-premium-wordpress\/ -->\n<title>KMGR CHWBL - ViagraTenerife.shop<\/title>\n<meta name=\"robots\" content=\"index, follow, max-snippet:-1, max-image-preview:large, max-video-preview:-1\" \/>\n<link rel=\"canonical\" href=\"https:\/\/viagratenerife.shop\/toode\/kamagra-chewable\/\" \/>\n<meta property=\"og:locale\" content=\"es_ES\" \/>\n<meta property=\"og:type\" content=\"article\" \/>\n<meta property=\"og:title\" content=\"KMGR CHWBL\" \/>\n<meta property=\"og:description\" content=\"Las tabletas masticables Kamagra 100 est\u00e1n dise\u00f1adas especialmente para quienes tienen dificultad o no les gusta tragar pastillas para la disfunci\u00f3n er\u00e9ctil. Las tabletas blandas son f\u00e1ciles de masticar y tragar, por lo que son ideales para quienes tienen dificultad para tragar una tableta dura. Las tabletas blandas contienen los mismos ingredientes activos que las tabletas Kamagra y, por lo tanto, funcionan de la misma manera.\" \/>\n<meta property=\"og:url\" content=\"https:\/\/viagratenerife.shop\/toode\/kamagra-chewable\/\" \/>\n<meta property=\"og:site_name\" content=\"ViagraTenerife.shop\" \/>\n<meta property=\"og:image\" content=\"https:\/\/viagratenerife.shop\/wp-content\/uploads\/2023\/02\/kamagra-chewable-1-624x624-1.jpg\" \/>\n\t<meta property=\"og:image:width\" content=\"624\" \/>\n\t<meta property=\"og:image:height\" content=\"624\" \/>\n\t<meta property=\"og:image:type\" content=\"image\/jpeg\" \/>\n<meta name=\"twitter:card\" content=\"summary_large_image\" \/>\n<meta name=\"twitter:label1\" content=\"Precio\" \/>\n\t<meta name=\"twitter:data1\" content=\"16,00&euro;\" \/>\n\t<meta name=\"twitter:label2\" content=\"Disponibilidad\" \/>\n\t<meta name=\"twitter:data2\" content=\"Disponible\" \/>\n<script type=\"application\/ld+json\" class=\"yoast-schema-graph\">{\"@context\":\"https:\\\/\\\/schema.org\",\"@graph\":[{\"@type\":\"WebPage\",\"@id\":\"https:\\\/\\\/viagratenerife.shop\\\/toode\\\/kamagra-chewable\\\/\",\"url\":\"https:\\\/\\\/viagratenerife.shop\\\/toode\\\/kamagra-chewable\\\/\",\"name\":\"KMGR CHWBL - ViagraTenerife.shop\",\"isPartOf\":{\"@id\":\"https:\\\/\\\/viagratenerife.shop\\\/#website\"},\"primaryImageOfPage\":{\"@id\":\"https:\\\/\\\/viagratenerife.shop\\\/toode\\\/kamagra-chewable\\\/#primaryimage\"},\"image\":{\"@id\":\"https:\\\/\\\/viagratenerife.shop\\\/toode\\\/kamagra-chewable\\\/#primaryimage\"},\"thumbnailUrl\":\"https:\\\/\\\/viagratenerife.shop\\\/wp-content\\\/uploads\\\/2023\\\/02\\\/kamagra-chewable-1-624x624-1.jpg\",\"datePublished\":\"2023-02-27T18:46:42+00:00\",\"breadcrumb\":{\"@id\":\"https:\\\/\\\/viagratenerife.shop\\\/toode\\\/kamagra-chewable\\\/#breadcrumb\"},\"inLanguage\":\"es\",\"potentialAction\":[{\"@type\":\"ReadAction\",\"target\":[\"https:\\\/\\\/viagratenerife.shop\\\/toode\\\/kamagra-chewable\\\/\"]}]},{\"@type\":\"ImageObject\",\"inLanguage\":\"es\",\"@id\":\"https:\\\/\\\/viagratenerife.shop\\\/toode\\\/kamagra-chewable\\\/#primaryimage\",\"url\":\"https:\\\/\\\/viagratenerife.shop\\\/wp-content\\\/uploads\\\/2023\\\/02\\\/kamagra-chewable-1-624x624-1.jpg\",\"contentUrl\":\"https:\\\/\\\/viagratenerife.shop\\\/wp-content\\\/uploads\\\/2023\\\/02\\\/kamagra-chewable-1-624x624-1.jpg\",\"width\":624,\"height\":624},{\"@type\":\"BreadcrumbList\",\"@id\":\"https:\\\/\\\/viagratenerife.shop\\\/toode\\\/kamagra-chewable\\\/#breadcrumb\",\"itemListElement\":[{\"@type\":\"ListItem\",\"position\":1,\"name\":\"Home\",\"item\":\"https:\\\/\\\/viagratenerife.shop\\\/es\\\/\"},{\"@type\":\"ListItem\",\"position\":2,\"name\":\"Tooted\"},{\"@type\":\"ListItem\",\"position\":3,\"name\":\"KMGR CHWBL\"}]},{\"@type\":\"WebSite\",\"@id\":\"https:\\\/\\\/viagratenerife.shop\\\/#website\",\"url\":\"https:\\\/\\\/viagratenerife.shop\\\/\",\"name\":\"ViagraTenerife.shop\",\"description\":\"Quality sexual pills to treat erectile dysfunction\",\"publisher\":{\"@id\":\"https:\\\/\\\/viagratenerife.shop\\\/#organization\"},\"potentialAction\":[{\"@type\":\"SearchAction\",\"target\":{\"@type\":\"EntryPoint\",\"urlTemplate\":\"https:\\\/\\\/viagratenerife.shop\\\/?s={search_term_string}\"},\"query-input\":{\"@type\":\"PropertyValueSpecification\",\"valueRequired\":true,\"valueName\":\"search_term_string\"}}],\"inLanguage\":\"es\"},{\"@type\":\"Organization\",\"@id\":\"https:\\\/\\\/viagratenerife.shop\\\/#organization\",\"name\":\"KulliPilleri\",\"url\":\"https:\\\/\\\/viagratenerife.shop\\\/\",\"logo\":{\"@type\":\"ImageObject\",\"inLanguage\":\"es\",\"@id\":\"https:\\\/\\\/viagratenerife.shop\\\/#\\\/schema\\\/logo\\\/image\\\/\",\"url\":\"https:\\\/\\\/viagratenerife.shop\\\/wp-content\\\/uploads\\\/2023\\\/02\\\/ikoon.png\",\"contentUrl\":\"https:\\\/\\\/viagratenerife.shop\\\/wp-content\\\/uploads\\\/2023\\\/02\\\/ikoon.png\",\"width\":513,\"height\":513,\"caption\":\"KulliPilleri\"},\"image\":{\"@id\":\"https:\\\/\\\/viagratenerife.shop\\\/#\\\/schema\\\/logo\\\/image\\\/\"}}]}<\/script>\n<meta property=\"product:brand\" content=\"Generic Viagra\" \/>\n<meta property=\"product:price:amount\" content=\"16.00\" \/>\n<meta property=\"product:price:currency\" content=\"EUR\" \/>\n<meta property=\"og:availability\" content=\"instock\" \/>\n<meta property=\"product:availability\" content=\"instock\" \/>\n<meta property=\"product:retailer_item_id\" content=\"CHWBL-10086548566\" \/>\n<meta property=\"product:condition\" content=\"new\" \/>\n<!-- \/ Yoast SEO Premium plugin. -->","yoast_head_json":{"title":"KMGR CHWBL - ViagraTenerife.shop","robots":{"index":"index","follow":"follow","max-snippet":"max-snippet:-1","max-image-preview":"max-image-preview:large","max-video-preview":"max-video-preview:-1"},"canonical":"https:\/\/viagratenerife.shop\/toode\/kamagra-chewable\/","og_locale":"es_ES","og_type":"article","og_title":"KMGR CHWBL","og_description":"Las tabletas masticables Kamagra 100 est\u00e1n dise\u00f1adas especialmente para quienes tienen dificultad o no les gusta tragar pastillas para la disfunci\u00f3n er\u00e9ctil. Las tabletas blandas son f\u00e1ciles de masticar y tragar, por lo que son ideales para quienes tienen dificultad para tragar una tableta dura. Las tabletas blandas contienen los mismos ingredientes activos que las tabletas Kamagra y, por lo tanto, funcionan de la misma manera.","og_url":"https:\/\/viagratenerife.shop\/toode\/kamagra-chewable\/","og_site_name":"ViagraTenerife.shop","og_image":[{"width":624,"height":624,"url":"https:\/\/viagratenerife.shop\/wp-content\/uploads\/2023\/02\/kamagra-chewable-1-624x624-1.jpg","type":"image\/jpeg"}],"twitter_card":"summary_large_image","twitter_misc":{"Precio":"16,00&euro;","Disponibilidad":"Disponible"},"schema":{"@context":"https:\/\/schema.org","@graph":[{"@type":"WebPage","@id":"https:\/\/viagratenerife.shop\/toode\/kamagra-chewable\/","url":"https:\/\/viagratenerife.shop\/toode\/kamagra-chewable\/","name":"KMGR CHWBL - ViagraTenerife.shop","isPartOf":{"@id":"https:\/\/viagratenerife.shop\/#website"},"primaryImageOfPage":{"@id":"https:\/\/viagratenerife.shop\/toode\/kamagra-chewable\/#primaryimage"},"image":{"@id":"https:\/\/viagratenerife.shop\/toode\/kamagra-chewable\/#primaryimage"},"thumbnailUrl":"https:\/\/viagratenerife.shop\/wp-content\/uploads\/2023\/02\/kamagra-chewable-1-624x624-1.jpg","datePublished":"2023-02-27T18:46:42+00:00","breadcrumb":{"@id":"https:\/\/viagratenerife.shop\/toode\/kamagra-chewable\/#breadcrumb"},"inLanguage":"es","potentialAction":[{"@type":"ReadAction","target":["https:\/\/viagratenerife.shop\/toode\/kamagra-chewable\/"]}]},{"@type":"ImageObject","inLanguage":"es","@id":"https:\/\/viagratenerife.shop\/toode\/kamagra-chewable\/#primaryimage","url":"https:\/\/viagratenerife.shop\/wp-content\/uploads\/2023\/02\/kamagra-chewable-1-624x624-1.jpg","contentUrl":"https:\/\/viagratenerife.shop\/wp-content\/uploads\/2023\/02\/kamagra-chewable-1-624x624-1.jpg","width":624,"height":624},{"@type":"BreadcrumbList","@id":"https:\/\/viagratenerife.shop\/toode\/kamagra-chewable\/#breadcrumb","itemListElement":[{"@type":"ListItem","position":1,"name":"Home","item":"https:\/\/viagratenerife.shop\/es\/"},{"@type":"ListItem","position":2,"name":"Tooted"},{"@type":"ListItem","position":3,"name":"KMGR CHWBL"}]},{"@type":"WebSite","@id":"https:\/\/viagratenerife.shop\/#website","url":"https:\/\/viagratenerife.shop\/","name":"ViagraTenerife.shop","description":"Quality sexual pills to treat erectile dysfunction","publisher":{"@id":"https:\/\/viagratenerife.shop\/#organization"},"potentialAction":[{"@type":"SearchAction","target":{"@type":"EntryPoint","urlTemplate":"https:\/\/viagratenerife.shop\/?s={search_term_string}"},"query-input":{"@type":"PropertyValueSpecification","valueRequired":true,"valueName":"search_term_string"}}],"inLanguage":"es"},{"@type":"Organization","@id":"https:\/\/viagratenerife.shop\/#organization","name":"KulliPilleri","url":"https:\/\/viagratenerife.shop\/","logo":{"@type":"ImageObject","inLanguage":"es","@id":"https:\/\/viagratenerife.shop\/#\/schema\/logo\/image\/","url":"https:\/\/viagratenerife.shop\/wp-content\/uploads\/2023\/02\/ikoon.png","contentUrl":"https:\/\/viagratenerife.shop\/wp-content\/uploads\/2023\/02\/ikoon.png","width":513,"height":513,"caption":"KulliPilleri"},"image":{"@id":"https:\/\/viagratenerife.shop\/#\/schema\/logo\/image\/"}}]},"product_brand":"Generic Viagra","product_price_amount":"16.00","product_price_currency":"EUR","og_availability":"instock","product_availability":"instock","product_retailer_item_id":"CHWBL-10086548566","product_condition":"new"},"_links":{"self":[{"href":"https:\/\/viagratenerife.shop\/es\/wp-json\/wp\/v2\/product\/5003","targetHints":{"allow":["GET"]}}],"collection":[{"href":"https:\/\/viagratenerife.shop\/es\/wp-json\/wp\/v2\/product"}],"about":[{"href":"https:\/\/viagratenerife.shop\/es\/wp-json\/wp\/v2\/types\/product"}],"wp:featuredmedia":[{"embeddable":true,"href":"https:\/\/viagratenerife.shop\/es\/wp-json\/wp\/v2\/media\/5004"}],"wp:attachment":[{"href":"https:\/\/viagratenerife.shop\/es\/wp-json\/wp\/v2\/media?parent=5003"}],"wp:term":[{"taxonomy":"product_brand","embeddable":true,"href":"https:\/\/viagratenerife.shop\/es\/wp-json\/wp\/v2\/product_brand?post=5003"},{"taxonomy":"product_cat","embeddable":true,"href":"https:\/\/viagratenerife.shop\/es\/wp-json\/wp\/v2\/product_cat?post=5003"},{"taxonomy":"product_tag","embeddable":true,"href":"https:\/\/viagratenerife.shop\/es\/wp-json\/wp\/v2\/product_tag?post=5003"}],"curies":[{"name":"wp","href":"https:\/\/api.w.org\/{rel}","templated":true}]}}