{"id":4981,"date":"2023-02-26T13:10:54","date_gmt":"2023-02-26T13:10:54","guid":{"rendered":"https:\/\/viagratenerife.shop\/toode\/cnfrc-sft-100\/"},"modified":"2023-02-26T13:10:54","modified_gmt":"2023-02-26T13:10:54","slug":"cnfrc-sft-100","status":"publish","type":"product","link":"https:\/\/viagratenerife.shop\/es\/toode\/cnfrc-sft-100\/","title":{"rendered":"CNFRC SFT 100"},"content":{"rendered":"","protected":false},"excerpt":{"rendered":"<p>Las tabletas masticables sin recubrimiento Cenforce Soft 100 est\u00e1n especialmente dise\u00f1adas para quienes tienen dificultad o desagrado al tragar pastillas para la disfunci\u00f3n er\u00e9ctil. Esta nueva generaci\u00f3n de tabletas blandas es f\u00e1cil de masticar y tragar, lo que las hace ideales para pacientes que tienen dificultad para tomar una pastilla dura. Las tabletas blandas Cenforce contienen el mismo principio activo que las pastillas Cenforce y, por lo tanto, funcionan de la misma manera. El tratamiento efectivo dura de 4 a 6 horas, aunque muchos m\u00e9dicos informan tiempos de tratamiento m\u00e1s largos.<\/p>\n","protected":false},"featured_media":4982,"template":"","meta":[],"product_brand":[],"product_cat":[154],"product_tag":[],"class_list":{"0":"post-4981","1":"product","2":"type-product","3":"status-publish","4":"has-post-thumbnail","6":"product_cat-generic-viagra-es","8":"first","9":"instock","10":"shipping-taxable","11":"purchasable","12":"product-type-simple"},"yoast_head":"<!-- This site is optimized with the Yoast SEO Premium plugin v24.6 (Yoast SEO v27.4) - https:\/\/yoast.com\/product\/yoast-seo-premium-wordpress\/ -->\n<title>CNFRC SFT 100 - ViagraTenerife.shop<\/title>\n<meta name=\"robots\" content=\"index, follow, max-snippet:-1, max-image-preview:large, max-video-preview:-1\" \/>\n<link rel=\"canonical\" href=\"https:\/\/viagratenerife.shop\/toode\/cenforce-soft-100mg\/\" \/>\n<meta property=\"og:locale\" content=\"es_ES\" \/>\n<meta property=\"og:type\" content=\"article\" \/>\n<meta property=\"og:title\" content=\"CNFRC SFT 100\" \/>\n<meta property=\"og:description\" content=\"Las tabletas masticables sin recubrimiento Cenforce Soft 100 est\u00e1n especialmente dise\u00f1adas para quienes tienen dificultad o desagrado al tragar pastillas para la disfunci\u00f3n er\u00e9ctil. Esta nueva generaci\u00f3n de tabletas blandas es f\u00e1cil de masticar y tragar, lo que las hace ideales para pacientes que tienen dificultad para tomar una pastilla dura. Las tabletas blandas Cenforce contienen el mismo principio activo que las pastillas Cenforce y, por lo tanto, funcionan de la misma manera. El tratamiento efectivo dura de 4 a 6 horas, aunque muchos m\u00e9dicos informan tiempos de tratamiento m\u00e1s largos.\" \/>\n<meta property=\"og:url\" content=\"https:\/\/viagratenerife.shop\/toode\/cenforce-soft-100mg\/\" \/>\n<meta property=\"og:site_name\" content=\"ViagraTenerife.shop\" \/>\n<meta property=\"og:image\" content=\"https:\/\/viagratenerife.shop\/wp-content\/uploads\/2023\/02\/487_pict_e34ee263_cenforce-soft-100-1000x1000-01.jpg\" \/>\n\t<meta property=\"og:image:width\" content=\"1000\" \/>\n\t<meta property=\"og:image:height\" content=\"1000\" \/>\n\t<meta property=\"og:image:type\" content=\"image\/jpeg\" \/>\n<meta name=\"twitter:card\" content=\"summary_large_image\" \/>\n<meta name=\"twitter:label1\" content=\"Precio\" \/>\n\t<meta name=\"twitter:data1\" content=\"22,00&euro;\" \/>\n\t<meta name=\"twitter:label2\" content=\"Disponibilidad\" \/>\n\t<meta name=\"twitter:data2\" content=\"Disponible\" \/>\n<script type=\"application\/ld+json\" class=\"yoast-schema-graph\">{\"@context\":\"https:\\\/\\\/schema.org\",\"@graph\":[{\"@type\":\"WebPage\",\"@id\":\"https:\\\/\\\/viagratenerife.shop\\\/toode\\\/cenforce-soft-100mg\\\/\",\"url\":\"https:\\\/\\\/viagratenerife.shop\\\/toode\\\/cenforce-soft-100mg\\\/\",\"name\":\"CNFRC SFT 100 - ViagraTenerife.shop\",\"isPartOf\":{\"@id\":\"https:\\\/\\\/viagratenerife.shop\\\/#website\"},\"primaryImageOfPage\":{\"@id\":\"https:\\\/\\\/viagratenerife.shop\\\/toode\\\/cenforce-soft-100mg\\\/#primaryimage\"},\"image\":{\"@id\":\"https:\\\/\\\/viagratenerife.shop\\\/toode\\\/cenforce-soft-100mg\\\/#primaryimage\"},\"thumbnailUrl\":\"https:\\\/\\\/viagratenerife.shop\\\/wp-content\\\/uploads\\\/2023\\\/02\\\/487_pict_e34ee263_cenforce-soft-100-1000x1000-01.jpg\",\"datePublished\":\"2023-02-26T13:10:54+00:00\",\"breadcrumb\":{\"@id\":\"https:\\\/\\\/viagratenerife.shop\\\/toode\\\/cenforce-soft-100mg\\\/#breadcrumb\"},\"inLanguage\":\"es\",\"potentialAction\":[{\"@type\":\"ReadAction\",\"target\":[\"https:\\\/\\\/viagratenerife.shop\\\/toode\\\/cenforce-soft-100mg\\\/\"]}]},{\"@type\":\"ImageObject\",\"inLanguage\":\"es\",\"@id\":\"https:\\\/\\\/viagratenerife.shop\\\/toode\\\/cenforce-soft-100mg\\\/#primaryimage\",\"url\":\"https:\\\/\\\/viagratenerife.shop\\\/wp-content\\\/uploads\\\/2023\\\/02\\\/487_pict_e34ee263_cenforce-soft-100-1000x1000-01.jpg\",\"contentUrl\":\"https:\\\/\\\/viagratenerife.shop\\\/wp-content\\\/uploads\\\/2023\\\/02\\\/487_pict_e34ee263_cenforce-soft-100-1000x1000-01.jpg\",\"width\":1000,\"height\":1000},{\"@type\":\"BreadcrumbList\",\"@id\":\"https:\\\/\\\/viagratenerife.shop\\\/toode\\\/cenforce-soft-100mg\\\/#breadcrumb\",\"itemListElement\":[{\"@type\":\"ListItem\",\"position\":1,\"name\":\"Home\",\"item\":\"https:\\\/\\\/viagratenerife.shop\\\/es\\\/\"},{\"@type\":\"ListItem\",\"position\":2,\"name\":\"Tooted\"},{\"@type\":\"ListItem\",\"position\":3,\"name\":\"CNFRC SFT 100\"}]},{\"@type\":\"WebSite\",\"@id\":\"https:\\\/\\\/viagratenerife.shop\\\/#website\",\"url\":\"https:\\\/\\\/viagratenerife.shop\\\/\",\"name\":\"ViagraTenerife.shop\",\"description\":\"Quality sexual pills to treat erectile dysfunction\",\"publisher\":{\"@id\":\"https:\\\/\\\/viagratenerife.shop\\\/#organization\"},\"potentialAction\":[{\"@type\":\"SearchAction\",\"target\":{\"@type\":\"EntryPoint\",\"urlTemplate\":\"https:\\\/\\\/viagratenerife.shop\\\/?s={search_term_string}\"},\"query-input\":{\"@type\":\"PropertyValueSpecification\",\"valueRequired\":true,\"valueName\":\"search_term_string\"}}],\"inLanguage\":\"es\"},{\"@type\":\"Organization\",\"@id\":\"https:\\\/\\\/viagratenerife.shop\\\/#organization\",\"name\":\"KulliPilleri\",\"url\":\"https:\\\/\\\/viagratenerife.shop\\\/\",\"logo\":{\"@type\":\"ImageObject\",\"inLanguage\":\"es\",\"@id\":\"https:\\\/\\\/viagratenerife.shop\\\/#\\\/schema\\\/logo\\\/image\\\/\",\"url\":\"https:\\\/\\\/viagratenerife.shop\\\/wp-content\\\/uploads\\\/2023\\\/02\\\/ikoon.png\",\"contentUrl\":\"https:\\\/\\\/viagratenerife.shop\\\/wp-content\\\/uploads\\\/2023\\\/02\\\/ikoon.png\",\"width\":513,\"height\":513,\"caption\":\"KulliPilleri\"},\"image\":{\"@id\":\"https:\\\/\\\/viagratenerife.shop\\\/#\\\/schema\\\/logo\\\/image\\\/\"}}]}<\/script>\n<meta property=\"product:brand\" content=\"Generic Viagra\" \/>\n<meta property=\"product:price:amount\" content=\"22.00\" \/>\n<meta property=\"product:price:currency\" content=\"EUR\" \/>\n<meta property=\"og:availability\" content=\"instock\" \/>\n<meta property=\"product:availability\" content=\"instock\" \/>\n<meta property=\"product:retailer_item_id\" content=\"SFT-1003345821\" \/>\n<meta property=\"product:condition\" content=\"new\" \/>\n<!-- \/ Yoast SEO Premium plugin. -->","yoast_head_json":{"title":"CNFRC SFT 100 - ViagraTenerife.shop","robots":{"index":"index","follow":"follow","max-snippet":"max-snippet:-1","max-image-preview":"max-image-preview:large","max-video-preview":"max-video-preview:-1"},"canonical":"https:\/\/viagratenerife.shop\/toode\/cenforce-soft-100mg\/","og_locale":"es_ES","og_type":"article","og_title":"CNFRC SFT 100","og_description":"Las tabletas masticables sin recubrimiento Cenforce Soft 100 est\u00e1n especialmente dise\u00f1adas para quienes tienen dificultad o desagrado al tragar pastillas para la disfunci\u00f3n er\u00e9ctil. Esta nueva generaci\u00f3n de tabletas blandas es f\u00e1cil de masticar y tragar, lo que las hace ideales para pacientes que tienen dificultad para tomar una pastilla dura. Las tabletas blandas Cenforce contienen el mismo principio activo que las pastillas Cenforce y, por lo tanto, funcionan de la misma manera. El tratamiento efectivo dura de 4 a 6 horas, aunque muchos m\u00e9dicos informan tiempos de tratamiento m\u00e1s largos.","og_url":"https:\/\/viagratenerife.shop\/toode\/cenforce-soft-100mg\/","og_site_name":"ViagraTenerife.shop","og_image":[{"width":1000,"height":1000,"url":"https:\/\/viagratenerife.shop\/wp-content\/uploads\/2023\/02\/487_pict_e34ee263_cenforce-soft-100-1000x1000-01.jpg","type":"image\/jpeg"}],"twitter_card":"summary_large_image","twitter_misc":{"Precio":"22,00&euro;","Disponibilidad":"Disponible"},"schema":{"@context":"https:\/\/schema.org","@graph":[{"@type":"WebPage","@id":"https:\/\/viagratenerife.shop\/toode\/cenforce-soft-100mg\/","url":"https:\/\/viagratenerife.shop\/toode\/cenforce-soft-100mg\/","name":"CNFRC SFT 100 - ViagraTenerife.shop","isPartOf":{"@id":"https:\/\/viagratenerife.shop\/#website"},"primaryImageOfPage":{"@id":"https:\/\/viagratenerife.shop\/toode\/cenforce-soft-100mg\/#primaryimage"},"image":{"@id":"https:\/\/viagratenerife.shop\/toode\/cenforce-soft-100mg\/#primaryimage"},"thumbnailUrl":"https:\/\/viagratenerife.shop\/wp-content\/uploads\/2023\/02\/487_pict_e34ee263_cenforce-soft-100-1000x1000-01.jpg","datePublished":"2023-02-26T13:10:54+00:00","breadcrumb":{"@id":"https:\/\/viagratenerife.shop\/toode\/cenforce-soft-100mg\/#breadcrumb"},"inLanguage":"es","potentialAction":[{"@type":"ReadAction","target":["https:\/\/viagratenerife.shop\/toode\/cenforce-soft-100mg\/"]}]},{"@type":"ImageObject","inLanguage":"es","@id":"https:\/\/viagratenerife.shop\/toode\/cenforce-soft-100mg\/#primaryimage","url":"https:\/\/viagratenerife.shop\/wp-content\/uploads\/2023\/02\/487_pict_e34ee263_cenforce-soft-100-1000x1000-01.jpg","contentUrl":"https:\/\/viagratenerife.shop\/wp-content\/uploads\/2023\/02\/487_pict_e34ee263_cenforce-soft-100-1000x1000-01.jpg","width":1000,"height":1000},{"@type":"BreadcrumbList","@id":"https:\/\/viagratenerife.shop\/toode\/cenforce-soft-100mg\/#breadcrumb","itemListElement":[{"@type":"ListItem","position":1,"name":"Home","item":"https:\/\/viagratenerife.shop\/es\/"},{"@type":"ListItem","position":2,"name":"Tooted"},{"@type":"ListItem","position":3,"name":"CNFRC SFT 100"}]},{"@type":"WebSite","@id":"https:\/\/viagratenerife.shop\/#website","url":"https:\/\/viagratenerife.shop\/","name":"ViagraTenerife.shop","description":"Quality sexual pills to treat erectile dysfunction","publisher":{"@id":"https:\/\/viagratenerife.shop\/#organization"},"potentialAction":[{"@type":"SearchAction","target":{"@type":"EntryPoint","urlTemplate":"https:\/\/viagratenerife.shop\/?s={search_term_string}"},"query-input":{"@type":"PropertyValueSpecification","valueRequired":true,"valueName":"search_term_string"}}],"inLanguage":"es"},{"@type":"Organization","@id":"https:\/\/viagratenerife.shop\/#organization","name":"KulliPilleri","url":"https:\/\/viagratenerife.shop\/","logo":{"@type":"ImageObject","inLanguage":"es","@id":"https:\/\/viagratenerife.shop\/#\/schema\/logo\/image\/","url":"https:\/\/viagratenerife.shop\/wp-content\/uploads\/2023\/02\/ikoon.png","contentUrl":"https:\/\/viagratenerife.shop\/wp-content\/uploads\/2023\/02\/ikoon.png","width":513,"height":513,"caption":"KulliPilleri"},"image":{"@id":"https:\/\/viagratenerife.shop\/#\/schema\/logo\/image\/"}}]},"product_brand":"Generic Viagra","product_price_amount":"22.00","product_price_currency":"EUR","og_availability":"instock","product_availability":"instock","product_retailer_item_id":"SFT-1003345821","product_condition":"new"},"_links":{"self":[{"href":"https:\/\/viagratenerife.shop\/es\/wp-json\/wp\/v2\/product\/4981","targetHints":{"allow":["GET"]}}],"collection":[{"href":"https:\/\/viagratenerife.shop\/es\/wp-json\/wp\/v2\/product"}],"about":[{"href":"https:\/\/viagratenerife.shop\/es\/wp-json\/wp\/v2\/types\/product"}],"wp:featuredmedia":[{"embeddable":true,"href":"https:\/\/viagratenerife.shop\/es\/wp-json\/wp\/v2\/media\/4982"}],"wp:attachment":[{"href":"https:\/\/viagratenerife.shop\/es\/wp-json\/wp\/v2\/media?parent=4981"}],"wp:term":[{"taxonomy":"product_brand","embeddable":true,"href":"https:\/\/viagratenerife.shop\/es\/wp-json\/wp\/v2\/product_brand?post=4981"},{"taxonomy":"product_cat","embeddable":true,"href":"https:\/\/viagratenerife.shop\/es\/wp-json\/wp\/v2\/product_cat?post=4981"},{"taxonomy":"product_tag","embeddable":true,"href":"https:\/\/viagratenerife.shop\/es\/wp-json\/wp\/v2\/product_tag?post=4981"}],"curies":[{"name":"wp","href":"https:\/\/api.w.org\/{rel}","templated":true}]}}