{"id":4942,"date":"2023-02-26T12:40:32","date_gmt":"2023-02-26T12:40:32","guid":{"rendered":"https:\/\/viagratenerife.shop\/toode\/spr-vdlst-80\/"},"modified":"2023-02-26T12:40:32","modified_gmt":"2023-02-26T12:40:32","slug":"spr-vdlst-80","status":"publish","type":"product","link":"https:\/\/viagratenerife.shop\/es\/toode\/spr-vdlst-80\/","title":{"rendered":"SPR VDLST 80"},"content":{"rendered":"","protected":false},"excerpt":{"rendered":"<p><strong><span style=\"vertical-align: heritage;\"><span style=\"vertical-align: heritage;\">Super Vidalista 80<\/span><\/span><\/strong><span style=\"vertical-align: heritage;\"><span style=\"vertical-align: heritage;\"> y <\/span><\/span><strong><span style=\"vertical-align: heritage;\"><span style=\"vertical-align: heritage;\">Tadapox 80<\/span><\/span><\/strong><span style=\"vertical-align: heritage;\"><span style=\"vertical-align: heritage;\"> (Tadalafil 20 mg y Dapoxetina 60 mg) es un tratamiento popular y eficaz para la disfunci\u00f3n er\u00e9ctil. Al contener los mismos ingredientes activos que Cialis, los pacientes se benefician de una duraci\u00f3n de tratamiento efectiva de al menos 36 horas. <\/span><span style=\"vertical-align: heritage;\">Esto permite que las parejas tengan relaciones sexuales en su momento natural. Este per\u00edodo de tratamiento m\u00e1s prolongado y efectivo le ha valido al f\u00e1rmaco el apodo de \u00abLe Weekender\u00bb en Francia.<\/p>\n","protected":false},"featured_media":4943,"template":"","meta":[],"product_brand":[],"product_cat":[150,153],"product_tag":[],"class_list":{"0":"post-4942","1":"product","2":"type-product","3":"status-publish","4":"has-post-thumbnail","6":"product_cat-generic-cialis-es","7":"product_cat-generic-priligy-es","9":"first","10":"instock","11":"shipping-taxable","12":"purchasable","13":"product-type-simple"},"yoast_head":"<!-- This site is optimized with the Yoast SEO Premium plugin v24.6 (Yoast SEO v27.4) - https:\/\/yoast.com\/product\/yoast-seo-premium-wordpress\/ -->\n<title>SPR VDLST 80 - ViagraTenerife.shop<\/title>\n<meta name=\"robots\" content=\"index, follow, max-snippet:-1, max-image-preview:large, max-video-preview:-1\" \/>\n<link rel=\"canonical\" href=\"https:\/\/viagratenerife.shop\/toode\/super-vidalista-80mg\/\" \/>\n<meta property=\"og:locale\" content=\"es_ES\" \/>\n<meta property=\"og:type\" content=\"article\" \/>\n<meta property=\"og:title\" content=\"SPR VDLST 80\" \/>\n<meta property=\"og:description\" content=\"Super Vidalista 80 y Tadapox 80 (Tadalafil 20 mg y Dapoxetina 60 mg) es un tratamiento popular y eficaz para la disfunci\u00f3n er\u00e9ctil. Al contener los mismos ingredientes activos que Cialis, los pacientes se benefician de una duraci\u00f3n de tratamiento efectiva de al menos 36 horas. Esto permite que las parejas tengan relaciones sexuales en su momento natural. Este per\u00edodo de tratamiento m\u00e1s prolongado y efectivo le ha valido al f\u00e1rmaco el apodo de &quot;Le Weekender&quot; en Francia.\" \/>\n<meta property=\"og:url\" content=\"https:\/\/viagratenerife.shop\/toode\/super-vidalista-80mg\/\" \/>\n<meta property=\"og:site_name\" content=\"ViagraTenerife.shop\" \/>\n<meta property=\"og:image\" content=\"https:\/\/viagratenerife.shop\/wp-content\/uploads\/2023\/02\/super-vidalista-1-624x624-1.jpg\" \/>\n\t<meta property=\"og:image:width\" content=\"624\" \/>\n\t<meta property=\"og:image:height\" content=\"624\" \/>\n\t<meta property=\"og:image:type\" content=\"image\/jpeg\" \/>\n<meta name=\"twitter:card\" content=\"summary_large_image\" \/>\n<meta name=\"twitter:label1\" content=\"Precio\" \/>\n\t<meta name=\"twitter:data1\" content=\"29,00&euro;\" \/>\n\t<meta name=\"twitter:label2\" content=\"Disponibilidad\" \/>\n\t<meta name=\"twitter:data2\" content=\"Disponible\" \/>\n<script type=\"application\/ld+json\" class=\"yoast-schema-graph\">{\"@context\":\"https:\\\/\\\/schema.org\",\"@graph\":[{\"@type\":\"WebPage\",\"@id\":\"https:\\\/\\\/viagratenerife.shop\\\/toode\\\/super-vidalista-80mg\\\/\",\"url\":\"https:\\\/\\\/viagratenerife.shop\\\/toode\\\/super-vidalista-80mg\\\/\",\"name\":\"SPR VDLST 80 - ViagraTenerife.shop\",\"isPartOf\":{\"@id\":\"https:\\\/\\\/viagratenerife.shop\\\/#website\"},\"primaryImageOfPage\":{\"@id\":\"https:\\\/\\\/viagratenerife.shop\\\/toode\\\/super-vidalista-80mg\\\/#primaryimage\"},\"image\":{\"@id\":\"https:\\\/\\\/viagratenerife.shop\\\/toode\\\/super-vidalista-80mg\\\/#primaryimage\"},\"thumbnailUrl\":\"https:\\\/\\\/viagratenerife.shop\\\/wp-content\\\/uploads\\\/2023\\\/02\\\/super-vidalista-1-624x624-1.jpg\",\"datePublished\":\"2023-02-26T12:40:32+00:00\",\"breadcrumb\":{\"@id\":\"https:\\\/\\\/viagratenerife.shop\\\/toode\\\/super-vidalista-80mg\\\/#breadcrumb\"},\"inLanguage\":\"es\",\"potentialAction\":[{\"@type\":\"ReadAction\",\"target\":[\"https:\\\/\\\/viagratenerife.shop\\\/toode\\\/super-vidalista-80mg\\\/\"]}]},{\"@type\":\"ImageObject\",\"inLanguage\":\"es\",\"@id\":\"https:\\\/\\\/viagratenerife.shop\\\/toode\\\/super-vidalista-80mg\\\/#primaryimage\",\"url\":\"https:\\\/\\\/viagratenerife.shop\\\/wp-content\\\/uploads\\\/2023\\\/02\\\/super-vidalista-1-624x624-1.jpg\",\"contentUrl\":\"https:\\\/\\\/viagratenerife.shop\\\/wp-content\\\/uploads\\\/2023\\\/02\\\/super-vidalista-1-624x624-1.jpg\",\"width\":624,\"height\":624},{\"@type\":\"BreadcrumbList\",\"@id\":\"https:\\\/\\\/viagratenerife.shop\\\/toode\\\/super-vidalista-80mg\\\/#breadcrumb\",\"itemListElement\":[{\"@type\":\"ListItem\",\"position\":1,\"name\":\"Home\",\"item\":\"https:\\\/\\\/viagratenerife.shop\\\/es\\\/\"},{\"@type\":\"ListItem\",\"position\":2,\"name\":\"Tooted\"},{\"@type\":\"ListItem\",\"position\":3,\"name\":\"SPR VDLST 80\"}]},{\"@type\":\"WebSite\",\"@id\":\"https:\\\/\\\/viagratenerife.shop\\\/#website\",\"url\":\"https:\\\/\\\/viagratenerife.shop\\\/\",\"name\":\"ViagraTenerife.shop\",\"description\":\"Quality sexual pills to treat erectile dysfunction\",\"publisher\":{\"@id\":\"https:\\\/\\\/viagratenerife.shop\\\/#organization\"},\"potentialAction\":[{\"@type\":\"SearchAction\",\"target\":{\"@type\":\"EntryPoint\",\"urlTemplate\":\"https:\\\/\\\/viagratenerife.shop\\\/?s={search_term_string}\"},\"query-input\":{\"@type\":\"PropertyValueSpecification\",\"valueRequired\":true,\"valueName\":\"search_term_string\"}}],\"inLanguage\":\"es\"},{\"@type\":\"Organization\",\"@id\":\"https:\\\/\\\/viagratenerife.shop\\\/#organization\",\"name\":\"KulliPilleri\",\"url\":\"https:\\\/\\\/viagratenerife.shop\\\/\",\"logo\":{\"@type\":\"ImageObject\",\"inLanguage\":\"es\",\"@id\":\"https:\\\/\\\/viagratenerife.shop\\\/#\\\/schema\\\/logo\\\/image\\\/\",\"url\":\"https:\\\/\\\/viagratenerife.shop\\\/wp-content\\\/uploads\\\/2023\\\/02\\\/ikoon.png\",\"contentUrl\":\"https:\\\/\\\/viagratenerife.shop\\\/wp-content\\\/uploads\\\/2023\\\/02\\\/ikoon.png\",\"width\":513,\"height\":513,\"caption\":\"KulliPilleri\"},\"image\":{\"@id\":\"https:\\\/\\\/viagratenerife.shop\\\/#\\\/schema\\\/logo\\\/image\\\/\"}}]}<\/script>\n<meta property=\"product:brand\" content=\"Generic Cialis\" \/>\n<meta property=\"product:price:amount\" content=\"29.00\" \/>\n<meta property=\"product:price:currency\" content=\"EUR\" \/>\n<meta property=\"og:availability\" content=\"instock\" \/>\n<meta property=\"product:availability\" content=\"instock\" \/>\n<meta property=\"product:retailer_item_id\" content=\"VDLST-804461822\" \/>\n<meta property=\"product:condition\" content=\"new\" \/>\n<!-- \/ Yoast SEO Premium plugin. -->","yoast_head_json":{"title":"SPR VDLST 80 - ViagraTenerife.shop","robots":{"index":"index","follow":"follow","max-snippet":"max-snippet:-1","max-image-preview":"max-image-preview:large","max-video-preview":"max-video-preview:-1"},"canonical":"https:\/\/viagratenerife.shop\/toode\/super-vidalista-80mg\/","og_locale":"es_ES","og_type":"article","og_title":"SPR VDLST 80","og_description":"Super Vidalista 80 y Tadapox 80 (Tadalafil 20 mg y Dapoxetina 60 mg) es un tratamiento popular y eficaz para la disfunci\u00f3n er\u00e9ctil. Al contener los mismos ingredientes activos que Cialis, los pacientes se benefician de una duraci\u00f3n de tratamiento efectiva de al menos 36 horas. Esto permite que las parejas tengan relaciones sexuales en su momento natural. Este per\u00edodo de tratamiento m\u00e1s prolongado y efectivo le ha valido al f\u00e1rmaco el apodo de \"Le Weekender\" en Francia.","og_url":"https:\/\/viagratenerife.shop\/toode\/super-vidalista-80mg\/","og_site_name":"ViagraTenerife.shop","og_image":[{"width":624,"height":624,"url":"https:\/\/viagratenerife.shop\/wp-content\/uploads\/2023\/02\/super-vidalista-1-624x624-1.jpg","type":"image\/jpeg"}],"twitter_card":"summary_large_image","twitter_misc":{"Precio":"29,00&euro;","Disponibilidad":"Disponible"},"schema":{"@context":"https:\/\/schema.org","@graph":[{"@type":"WebPage","@id":"https:\/\/viagratenerife.shop\/toode\/super-vidalista-80mg\/","url":"https:\/\/viagratenerife.shop\/toode\/super-vidalista-80mg\/","name":"SPR VDLST 80 - ViagraTenerife.shop","isPartOf":{"@id":"https:\/\/viagratenerife.shop\/#website"},"primaryImageOfPage":{"@id":"https:\/\/viagratenerife.shop\/toode\/super-vidalista-80mg\/#primaryimage"},"image":{"@id":"https:\/\/viagratenerife.shop\/toode\/super-vidalista-80mg\/#primaryimage"},"thumbnailUrl":"https:\/\/viagratenerife.shop\/wp-content\/uploads\/2023\/02\/super-vidalista-1-624x624-1.jpg","datePublished":"2023-02-26T12:40:32+00:00","breadcrumb":{"@id":"https:\/\/viagratenerife.shop\/toode\/super-vidalista-80mg\/#breadcrumb"},"inLanguage":"es","potentialAction":[{"@type":"ReadAction","target":["https:\/\/viagratenerife.shop\/toode\/super-vidalista-80mg\/"]}]},{"@type":"ImageObject","inLanguage":"es","@id":"https:\/\/viagratenerife.shop\/toode\/super-vidalista-80mg\/#primaryimage","url":"https:\/\/viagratenerife.shop\/wp-content\/uploads\/2023\/02\/super-vidalista-1-624x624-1.jpg","contentUrl":"https:\/\/viagratenerife.shop\/wp-content\/uploads\/2023\/02\/super-vidalista-1-624x624-1.jpg","width":624,"height":624},{"@type":"BreadcrumbList","@id":"https:\/\/viagratenerife.shop\/toode\/super-vidalista-80mg\/#breadcrumb","itemListElement":[{"@type":"ListItem","position":1,"name":"Home","item":"https:\/\/viagratenerife.shop\/es\/"},{"@type":"ListItem","position":2,"name":"Tooted"},{"@type":"ListItem","position":3,"name":"SPR VDLST 80"}]},{"@type":"WebSite","@id":"https:\/\/viagratenerife.shop\/#website","url":"https:\/\/viagratenerife.shop\/","name":"ViagraTenerife.shop","description":"Quality sexual pills to treat erectile dysfunction","publisher":{"@id":"https:\/\/viagratenerife.shop\/#organization"},"potentialAction":[{"@type":"SearchAction","target":{"@type":"EntryPoint","urlTemplate":"https:\/\/viagratenerife.shop\/?s={search_term_string}"},"query-input":{"@type":"PropertyValueSpecification","valueRequired":true,"valueName":"search_term_string"}}],"inLanguage":"es"},{"@type":"Organization","@id":"https:\/\/viagratenerife.shop\/#organization","name":"KulliPilleri","url":"https:\/\/viagratenerife.shop\/","logo":{"@type":"ImageObject","inLanguage":"es","@id":"https:\/\/viagratenerife.shop\/#\/schema\/logo\/image\/","url":"https:\/\/viagratenerife.shop\/wp-content\/uploads\/2023\/02\/ikoon.png","contentUrl":"https:\/\/viagratenerife.shop\/wp-content\/uploads\/2023\/02\/ikoon.png","width":513,"height":513,"caption":"KulliPilleri"},"image":{"@id":"https:\/\/viagratenerife.shop\/#\/schema\/logo\/image\/"}}]},"product_brand":"Generic Cialis","product_price_amount":"29.00","product_price_currency":"EUR","og_availability":"instock","product_availability":"instock","product_retailer_item_id":"VDLST-804461822","product_condition":"new"},"_links":{"self":[{"href":"https:\/\/viagratenerife.shop\/es\/wp-json\/wp\/v2\/product\/4942","targetHints":{"allow":["GET"]}}],"collection":[{"href":"https:\/\/viagratenerife.shop\/es\/wp-json\/wp\/v2\/product"}],"about":[{"href":"https:\/\/viagratenerife.shop\/es\/wp-json\/wp\/v2\/types\/product"}],"wp:featuredmedia":[{"embeddable":true,"href":"https:\/\/viagratenerife.shop\/es\/wp-json\/wp\/v2\/media\/4943"}],"wp:attachment":[{"href":"https:\/\/viagratenerife.shop\/es\/wp-json\/wp\/v2\/media?parent=4942"}],"wp:term":[{"taxonomy":"product_brand","embeddable":true,"href":"https:\/\/viagratenerife.shop\/es\/wp-json\/wp\/v2\/product_brand?post=4942"},{"taxonomy":"product_cat","embeddable":true,"href":"https:\/\/viagratenerife.shop\/es\/wp-json\/wp\/v2\/product_cat?post=4942"},{"taxonomy":"product_tag","embeddable":true,"href":"https:\/\/viagratenerife.shop\/es\/wp-json\/wp\/v2\/product_tag?post=4942"}],"curies":[{"name":"wp","href":"https:\/\/api.w.org\/{rel}","templated":true}]}}