{"id":5177,"date":"2023-02-26T12:37:53","date_gmt":"2023-02-26T12:37:53","guid":{"rendered":"https:\/\/viagratenerife.shop\/toode\/tdrs-40\/"},"modified":"2023-02-26T12:37:53","modified_gmt":"2023-02-26T12:37:53","slug":"tdrs-40","status":"publish","type":"product","link":"https:\/\/viagratenerife.shop\/de\/toode\/tdrs-40\/","title":{"rendered":"TDRS 40"},"content":{"rendered":"","protected":false},"excerpt":{"rendered":"<p><strong>Tadarise 40<\/strong> enth\u00e4lt 40 mg des Wirkstoffs Tadalafil. Dieses Medikament hemmt die Wirkung des Enzyms Phosphodiesterase-5, erweitert oder entspannt die Blutgef\u00e4\u00dfe und verbessert so die Durchblutung des Penis. Eine erh\u00f6hte Durchblutung f\u00fchrt zu einer Erektion. Das Medikament unterst\u00fctzt lediglich den Erektionsprozess, erfordert jedoch sexuelle Stimulation. Tadalafil hilft auch bei BPH, indem es die Muskeln im Prostata- und Blasenbereich entspannt und so die Durchblutung verbessert. Dies f\u00f6rdert den Harnfluss und lindert die Symptome der BPH.<\/p>\n<h3>Hersteller<\/h3>\n<p>Tadarise wird von <strong>Sunrise Remedies Pvt. Ltd.<\/strong> hergestellt.<\/p>\n","protected":false},"featured_media":5178,"template":"","meta":[],"product_brand":[],"product_cat":[160],"product_tag":[],"class_list":{"0":"post-5177","1":"product","2":"type-product","3":"status-publish","4":"has-post-thumbnail","6":"product_cat-generic-cialis-de","8":"first","9":"instock","10":"shipping-taxable","11":"purchasable","12":"product-type-simple"},"yoast_head":"<!-- This site is optimized with the Yoast SEO Premium plugin v24.6 (Yoast SEO v27.4) - https:\/\/yoast.com\/product\/yoast-seo-premium-wordpress\/ -->\n<title>TDRS 40 - ViagraTenerife.shop<\/title>\n<meta name=\"robots\" content=\"index, follow, max-snippet:-1, max-image-preview:large, max-video-preview:-1\" \/>\n<link rel=\"canonical\" href=\"https:\/\/viagratenerife.shop\/toode\/tadarise-40mg\/\" \/>\n<meta property=\"og:locale\" content=\"de_DE\" \/>\n<meta property=\"og:type\" content=\"article\" \/>\n<meta property=\"og:title\" content=\"TDRS 40\" \/>\n<meta property=\"og:description\" content=\"Tadarise 40 enth\u00e4lt 40 mg des Wirkstoffs Tadalafil. Dieses Medikament hemmt die Wirkung des Enzyms Phosphodiesterase-5, erweitert oder entspannt die Blutgef\u00e4\u00dfe und verbessert so die Durchblutung des Penis. Eine erh\u00f6hte Durchblutung f\u00fchrt zu einer Erektion. Das Medikament unterst\u00fctzt lediglich den Erektionsprozess, erfordert jedoch sexuelle Stimulation. Tadalafil hilft auch bei BPH, indem es die Muskeln im Prostata- und Blasenbereich entspannt und so die Durchblutung verbessert. Dies f\u00f6rdert den Harnfluss und lindert die Symptome der BPH. Hersteller Tadarise wird von Sunrise Remedies Pvt. Ltd. hergestellt.\" \/>\n<meta property=\"og:url\" content=\"https:\/\/viagratenerife.shop\/toode\/tadarise-40mg\/\" \/>\n<meta property=\"og:site_name\" content=\"ViagraTenerife.shop\" \/>\n<meta property=\"og:image\" content=\"https:\/\/viagratenerife.shop\/wp-content\/uploads\/2023\/02\/tadarise-40-1en-600x600-1.jpg\" \/>\n\t<meta property=\"og:image:width\" content=\"600\" \/>\n\t<meta property=\"og:image:height\" content=\"600\" \/>\n\t<meta property=\"og:image:type\" content=\"image\/jpeg\" \/>\n<meta name=\"twitter:card\" content=\"summary_large_image\" \/>\n<meta name=\"twitter:label1\" content=\"Price\" \/>\n\t<meta name=\"twitter:data1\" content=\"24,00&euro;\" \/>\n\t<meta name=\"twitter:label2\" content=\"Availability\" \/>\n\t<meta name=\"twitter:data2\" content=\"In stock\" \/>\n<script type=\"application\/ld+json\" class=\"yoast-schema-graph\">{\"@context\":\"https:\\\/\\\/schema.org\",\"@graph\":[{\"@type\":\"WebPage\",\"@id\":\"https:\\\/\\\/viagratenerife.shop\\\/toode\\\/tadarise-40mg\\\/\",\"url\":\"https:\\\/\\\/viagratenerife.shop\\\/toode\\\/tadarise-40mg\\\/\",\"name\":\"TDRS 40 - ViagraTenerife.shop\",\"isPartOf\":{\"@id\":\"https:\\\/\\\/viagratenerife.shop\\\/#website\"},\"primaryImageOfPage\":{\"@id\":\"https:\\\/\\\/viagratenerife.shop\\\/toode\\\/tadarise-40mg\\\/#primaryimage\"},\"image\":{\"@id\":\"https:\\\/\\\/viagratenerife.shop\\\/toode\\\/tadarise-40mg\\\/#primaryimage\"},\"thumbnailUrl\":\"https:\\\/\\\/viagratenerife.shop\\\/wp-content\\\/uploads\\\/2023\\\/02\\\/tadarise-40-1en-600x600-1.jpg\",\"datePublished\":\"2023-02-26T12:37:53+00:00\",\"breadcrumb\":{\"@id\":\"https:\\\/\\\/viagratenerife.shop\\\/toode\\\/tadarise-40mg\\\/#breadcrumb\"},\"inLanguage\":\"de\",\"potentialAction\":[{\"@type\":\"ReadAction\",\"target\":[\"https:\\\/\\\/viagratenerife.shop\\\/toode\\\/tadarise-40mg\\\/\"]}]},{\"@type\":\"ImageObject\",\"inLanguage\":\"de\",\"@id\":\"https:\\\/\\\/viagratenerife.shop\\\/toode\\\/tadarise-40mg\\\/#primaryimage\",\"url\":\"https:\\\/\\\/viagratenerife.shop\\\/wp-content\\\/uploads\\\/2023\\\/02\\\/tadarise-40-1en-600x600-1.jpg\",\"contentUrl\":\"https:\\\/\\\/viagratenerife.shop\\\/wp-content\\\/uploads\\\/2023\\\/02\\\/tadarise-40-1en-600x600-1.jpg\",\"width\":600,\"height\":600},{\"@type\":\"BreadcrumbList\",\"@id\":\"https:\\\/\\\/viagratenerife.shop\\\/toode\\\/tadarise-40mg\\\/#breadcrumb\",\"itemListElement\":[{\"@type\":\"ListItem\",\"position\":1,\"name\":\"Home\",\"item\":\"https:\\\/\\\/viagratenerife.shop\\\/\"},{\"@type\":\"ListItem\",\"position\":2,\"name\":\"Tooted\"},{\"@type\":\"ListItem\",\"position\":3,\"name\":\"TDRS 40\"}]},{\"@type\":\"WebSite\",\"@id\":\"https:\\\/\\\/viagratenerife.shop\\\/#website\",\"url\":\"https:\\\/\\\/viagratenerife.shop\\\/\",\"name\":\"ViagraTenerife.shop\",\"description\":\"Hochwertige Sexpillen zur Behandlung von Erektionsst\u00f6rungen\",\"publisher\":{\"@id\":\"https:\\\/\\\/viagratenerife.shop\\\/#organization\"},\"potentialAction\":[{\"@type\":\"SearchAction\",\"target\":{\"@type\":\"EntryPoint\",\"urlTemplate\":\"https:\\\/\\\/viagratenerife.shop\\\/?s={search_term_string}\"},\"query-input\":{\"@type\":\"PropertyValueSpecification\",\"valueRequired\":true,\"valueName\":\"search_term_string\"}}],\"inLanguage\":\"de\"},{\"@type\":\"Organization\",\"@id\":\"https:\\\/\\\/viagratenerife.shop\\\/#organization\",\"name\":\"KulliPilleri\",\"url\":\"https:\\\/\\\/viagratenerife.shop\\\/\",\"logo\":{\"@type\":\"ImageObject\",\"inLanguage\":\"de\",\"@id\":\"https:\\\/\\\/viagratenerife.shop\\\/#\\\/schema\\\/logo\\\/image\\\/\",\"url\":\"https:\\\/\\\/viagratenerife.shop\\\/wp-content\\\/uploads\\\/2023\\\/02\\\/ikoon.png\",\"contentUrl\":\"https:\\\/\\\/viagratenerife.shop\\\/wp-content\\\/uploads\\\/2023\\\/02\\\/ikoon.png\",\"width\":513,\"height\":513,\"caption\":\"KulliPilleri\"},\"image\":{\"@id\":\"https:\\\/\\\/viagratenerife.shop\\\/#\\\/schema\\\/logo\\\/image\\\/\"}}]}<\/script>\n<meta property=\"product:brand\" content=\"Generic Cialis\" \/>\n<meta property=\"product:price:amount\" content=\"24.00\" \/>\n<meta property=\"product:price:currency\" content=\"EUR\" \/>\n<meta property=\"og:availability\" content=\"instock\" \/>\n<meta property=\"product:availability\" content=\"instock\" \/>\n<meta property=\"product:retailer_item_id\" content=\"TDRS-4000457824\" \/>\n<meta property=\"product:condition\" content=\"new\" \/>\n<!-- \/ Yoast SEO Premium plugin. -->","yoast_head_json":{"title":"TDRS 40 - ViagraTenerife.shop","robots":{"index":"index","follow":"follow","max-snippet":"max-snippet:-1","max-image-preview":"max-image-preview:large","max-video-preview":"max-video-preview:-1"},"canonical":"https:\/\/viagratenerife.shop\/toode\/tadarise-40mg\/","og_locale":"de_DE","og_type":"article","og_title":"TDRS 40","og_description":"Tadarise 40 enth\u00e4lt 40 mg des Wirkstoffs Tadalafil. Dieses Medikament hemmt die Wirkung des Enzyms Phosphodiesterase-5, erweitert oder entspannt die Blutgef\u00e4\u00dfe und verbessert so die Durchblutung des Penis. Eine erh\u00f6hte Durchblutung f\u00fchrt zu einer Erektion. Das Medikament unterst\u00fctzt lediglich den Erektionsprozess, erfordert jedoch sexuelle Stimulation. Tadalafil hilft auch bei BPH, indem es die Muskeln im Prostata- und Blasenbereich entspannt und so die Durchblutung verbessert. Dies f\u00f6rdert den Harnfluss und lindert die Symptome der BPH. Hersteller Tadarise wird von Sunrise Remedies Pvt. Ltd. hergestellt.","og_url":"https:\/\/viagratenerife.shop\/toode\/tadarise-40mg\/","og_site_name":"ViagraTenerife.shop","og_image":[{"width":600,"height":600,"url":"https:\/\/viagratenerife.shop\/wp-content\/uploads\/2023\/02\/tadarise-40-1en-600x600-1.jpg","type":"image\/jpeg"}],"twitter_card":"summary_large_image","twitter_misc":{"Price":"24,00&euro;","Availability":"In stock"},"schema":{"@context":"https:\/\/schema.org","@graph":[{"@type":"WebPage","@id":"https:\/\/viagratenerife.shop\/toode\/tadarise-40mg\/","url":"https:\/\/viagratenerife.shop\/toode\/tadarise-40mg\/","name":"TDRS 40 - ViagraTenerife.shop","isPartOf":{"@id":"https:\/\/viagratenerife.shop\/#website"},"primaryImageOfPage":{"@id":"https:\/\/viagratenerife.shop\/toode\/tadarise-40mg\/#primaryimage"},"image":{"@id":"https:\/\/viagratenerife.shop\/toode\/tadarise-40mg\/#primaryimage"},"thumbnailUrl":"https:\/\/viagratenerife.shop\/wp-content\/uploads\/2023\/02\/tadarise-40-1en-600x600-1.jpg","datePublished":"2023-02-26T12:37:53+00:00","breadcrumb":{"@id":"https:\/\/viagratenerife.shop\/toode\/tadarise-40mg\/#breadcrumb"},"inLanguage":"de","potentialAction":[{"@type":"ReadAction","target":["https:\/\/viagratenerife.shop\/toode\/tadarise-40mg\/"]}]},{"@type":"ImageObject","inLanguage":"de","@id":"https:\/\/viagratenerife.shop\/toode\/tadarise-40mg\/#primaryimage","url":"https:\/\/viagratenerife.shop\/wp-content\/uploads\/2023\/02\/tadarise-40-1en-600x600-1.jpg","contentUrl":"https:\/\/viagratenerife.shop\/wp-content\/uploads\/2023\/02\/tadarise-40-1en-600x600-1.jpg","width":600,"height":600},{"@type":"BreadcrumbList","@id":"https:\/\/viagratenerife.shop\/toode\/tadarise-40mg\/#breadcrumb","itemListElement":[{"@type":"ListItem","position":1,"name":"Home","item":"https:\/\/viagratenerife.shop\/"},{"@type":"ListItem","position":2,"name":"Tooted"},{"@type":"ListItem","position":3,"name":"TDRS 40"}]},{"@type":"WebSite","@id":"https:\/\/viagratenerife.shop\/#website","url":"https:\/\/viagratenerife.shop\/","name":"ViagraTenerife.shop","description":"Hochwertige Sexpillen zur Behandlung von Erektionsst\u00f6rungen","publisher":{"@id":"https:\/\/viagratenerife.shop\/#organization"},"potentialAction":[{"@type":"SearchAction","target":{"@type":"EntryPoint","urlTemplate":"https:\/\/viagratenerife.shop\/?s={search_term_string}"},"query-input":{"@type":"PropertyValueSpecification","valueRequired":true,"valueName":"search_term_string"}}],"inLanguage":"de"},{"@type":"Organization","@id":"https:\/\/viagratenerife.shop\/#organization","name":"KulliPilleri","url":"https:\/\/viagratenerife.shop\/","logo":{"@type":"ImageObject","inLanguage":"de","@id":"https:\/\/viagratenerife.shop\/#\/schema\/logo\/image\/","url":"https:\/\/viagratenerife.shop\/wp-content\/uploads\/2023\/02\/ikoon.png","contentUrl":"https:\/\/viagratenerife.shop\/wp-content\/uploads\/2023\/02\/ikoon.png","width":513,"height":513,"caption":"KulliPilleri"},"image":{"@id":"https:\/\/viagratenerife.shop\/#\/schema\/logo\/image\/"}}]},"product_brand":"Generic Cialis","product_price_amount":"24.00","product_price_currency":"EUR","og_availability":"instock","product_availability":"instock","product_retailer_item_id":"TDRS-4000457824","product_condition":"new"},"_links":{"self":[{"href":"https:\/\/viagratenerife.shop\/de\/wp-json\/wp\/v2\/product\/5177","targetHints":{"allow":["GET"]}}],"collection":[{"href":"https:\/\/viagratenerife.shop\/de\/wp-json\/wp\/v2\/product"}],"about":[{"href":"https:\/\/viagratenerife.shop\/de\/wp-json\/wp\/v2\/types\/product"}],"wp:featuredmedia":[{"embeddable":true,"href":"https:\/\/viagratenerife.shop\/de\/wp-json\/wp\/v2\/media\/5178"}],"wp:attachment":[{"href":"https:\/\/viagratenerife.shop\/de\/wp-json\/wp\/v2\/media?parent=5177"}],"wp:term":[{"taxonomy":"product_brand","embeddable":true,"href":"https:\/\/viagratenerife.shop\/de\/wp-json\/wp\/v2\/product_brand?post=5177"},{"taxonomy":"product_cat","embeddable":true,"href":"https:\/\/viagratenerife.shop\/de\/wp-json\/wp\/v2\/product_cat?post=5177"},{"taxonomy":"product_tag","embeddable":true,"href":"https:\/\/viagratenerife.shop\/de\/wp-json\/wp\/v2\/product_tag?post=5177"}],"curies":[{"name":"wp","href":"https:\/\/api.w.org\/{rel}","templated":true}]}}