{"id":5159,"date":"2023-02-26T12:48:15","date_gmt":"2023-02-26T12:48:15","guid":{"rendered":"https:\/\/viagratenerife.shop\/toode\/kmgr-rl-jlly\/"},"modified":"2023-02-26T12:48:15","modified_gmt":"2023-02-26T12:48:15","slug":"kmgr-rl-jlly","status":"publish","type":"product","link":"https:\/\/viagratenerife.shop\/de\/toode\/kmgr-rl-jlly\/","title":{"rendered":"KMGR RL JLLY"},"content":{"rendered":"","protected":false},"excerpt":{"rendered":"<p>Kamagra Oral Jelly (Sildenafil Citrat 100 mg) ist ein beliebtes und wirksames Medikament zur Behandlung von Erektionsst\u00f6rungen. Im Gegensatz zu schwer schluckbaren Tabletten k\u00f6nnen Kamagra Oral Jelly-Beutel einfach auf einen L\u00f6ffel gedr\u00fcckt und geschluckt werden.<\/p>\n","protected":false},"featured_media":5160,"template":"","meta":[],"product_brand":[],"product_cat":[161,159],"product_tag":[],"class_list":{"0":"post-5159","1":"product","2":"type-product","3":"status-publish","4":"has-post-thumbnail","6":"product_cat-best-price-de","7":"product_cat-generic-viagra-de","9":"first","10":"instock","11":"shipping-taxable","12":"purchasable","13":"product-type-simple"},"yoast_head":"<!-- This site is optimized with the Yoast SEO Premium plugin v24.6 (Yoast SEO v27.4) - https:\/\/yoast.com\/product\/yoast-seo-premium-wordpress\/ -->\n<title>Kamagra Oral Jelly - ViagraTenerife.shop<\/title>\n<meta name=\"description\" content=\"Kamagra Oral Jelly (Sildenafil Citrat 100 mg) ist ein beliebtes und wirksames Medikament zur Behandlung von Erektionsst\u00f6rungen. Im Gegensatz zu schwer schluckbaren Tabletten\" \/>\n<meta name=\"robots\" content=\"index, follow, max-snippet:-1, max-image-preview:large, max-video-preview:-1\" \/>\n<link rel=\"canonical\" href=\"https:\/\/viagratenerife.shop\/toode\/kamagra-oral-jelly\/\" \/>\n<meta property=\"og:locale\" content=\"de_DE\" \/>\n<meta property=\"og:type\" content=\"article\" \/>\n<meta property=\"og:title\" content=\"Kamagra Oral Jelly - ViagraTenerife.shop\" \/>\n<meta property=\"og:description\" content=\"Kamagra Oral Jelly (Sildenafil Citrat 100 mg) ist ein beliebtes und wirksames Medikament zur Behandlung von Erektionsst\u00f6rungen. Im Gegensatz zu schwer schluckbaren Tabletten\" \/>\n<meta property=\"og:url\" content=\"https:\/\/viagratenerife.shop\/toode\/kamagra-oral-jelly\/\" \/>\n<meta property=\"og:site_name\" content=\"ViagraTenerife.shop\" \/>\n<meta property=\"og:image\" content=\"https:\/\/viagratenerife.shop\/wp-content\/uploads\/2023\/02\/kamagra-oral-jelly-1-624x624-1.jpg\" \/>\n\t<meta property=\"og:image:width\" content=\"624\" \/>\n\t<meta property=\"og:image:height\" content=\"624\" \/>\n\t<meta property=\"og:image:type\" content=\"image\/jpeg\" \/>\n<meta name=\"twitter:card\" content=\"summary_large_image\" \/>\n<meta name=\"twitter:title\" content=\"Kamagra Oral Jelly - ViagraTenerife.shop\" \/>\n<meta name=\"twitter:description\" content=\"Kamagra Oral Jelly (Sildenafil Citrat 100 mg) ist ein beliebtes und wirksames Medikament zur Behandlung von Erektionsst\u00f6rungen. Im Gegensatz zu schwer schluckbaren Tabletten\" \/>\n<meta name=\"twitter:label1\" content=\"Price\" \/>\n\t<meta name=\"twitter:data1\" content=\"24,00&euro;\" \/>\n\t<meta name=\"twitter:label2\" content=\"Availability\" \/>\n\t<meta name=\"twitter:data2\" content=\"In stock\" \/>\n<script type=\"application\/ld+json\" class=\"yoast-schema-graph\">{\"@context\":\"https:\\\/\\\/schema.org\",\"@graph\":[{\"@type\":\"WebPage\",\"@id\":\"https:\\\/\\\/viagratenerife.shop\\\/toode\\\/kamagra-oral-jelly\\\/\",\"url\":\"https:\\\/\\\/viagratenerife.shop\\\/toode\\\/kamagra-oral-jelly\\\/\",\"name\":\"Kamagra Oral Jelly - ViagraTenerife.shop\",\"isPartOf\":{\"@id\":\"https:\\\/\\\/viagratenerife.shop\\\/#website\"},\"primaryImageOfPage\":{\"@id\":\"https:\\\/\\\/viagratenerife.shop\\\/toode\\\/kamagra-oral-jelly\\\/#primaryimage\"},\"image\":{\"@id\":\"https:\\\/\\\/viagratenerife.shop\\\/toode\\\/kamagra-oral-jelly\\\/#primaryimage\"},\"thumbnailUrl\":\"https:\\\/\\\/viagratenerife.shop\\\/wp-content\\\/uploads\\\/2023\\\/02\\\/kamagra-oral-jelly-1-624x624-1.jpg\",\"datePublished\":\"2023-02-26T12:48:15+00:00\",\"description\":\"Kamagra Oral Jelly (Sildenafil Citrat 100 mg) ist ein beliebtes und wirksames Medikament zur Behandlung von Erektionsst\u00f6rungen. Im Gegensatz zu schwer schluckbaren Tabletten\",\"breadcrumb\":{\"@id\":\"https:\\\/\\\/viagratenerife.shop\\\/toode\\\/kamagra-oral-jelly\\\/#breadcrumb\"},\"inLanguage\":\"de\",\"potentialAction\":[{\"@type\":\"ReadAction\",\"target\":[\"https:\\\/\\\/viagratenerife.shop\\\/toode\\\/kamagra-oral-jelly\\\/\"]}]},{\"@type\":\"ImageObject\",\"inLanguage\":\"de\",\"@id\":\"https:\\\/\\\/viagratenerife.shop\\\/toode\\\/kamagra-oral-jelly\\\/#primaryimage\",\"url\":\"https:\\\/\\\/viagratenerife.shop\\\/wp-content\\\/uploads\\\/2023\\\/02\\\/kamagra-oral-jelly-1-624x624-1.jpg\",\"contentUrl\":\"https:\\\/\\\/viagratenerife.shop\\\/wp-content\\\/uploads\\\/2023\\\/02\\\/kamagra-oral-jelly-1-624x624-1.jpg\",\"width\":624,\"height\":624,\"caption\":\"Kamagra Oral Jelly Tenerife\"},{\"@type\":\"BreadcrumbList\",\"@id\":\"https:\\\/\\\/viagratenerife.shop\\\/toode\\\/kamagra-oral-jelly\\\/#breadcrumb\",\"itemListElement\":[{\"@type\":\"ListItem\",\"position\":1,\"name\":\"Home\",\"item\":\"https:\\\/\\\/viagratenerife.shop\\\/\"},{\"@type\":\"ListItem\",\"position\":2,\"name\":\"Tooted\"},{\"@type\":\"ListItem\",\"position\":3,\"name\":\"KMGR RL JLLY\"}]},{\"@type\":\"WebSite\",\"@id\":\"https:\\\/\\\/viagratenerife.shop\\\/#website\",\"url\":\"https:\\\/\\\/viagratenerife.shop\\\/\",\"name\":\"ViagraTenerife.shop\",\"description\":\"Hochwertige Sexpillen zur Behandlung von Erektionsst\u00f6rungen\",\"publisher\":{\"@id\":\"https:\\\/\\\/viagratenerife.shop\\\/#organization\"},\"potentialAction\":[{\"@type\":\"SearchAction\",\"target\":{\"@type\":\"EntryPoint\",\"urlTemplate\":\"https:\\\/\\\/viagratenerife.shop\\\/?s={search_term_string}\"},\"query-input\":{\"@type\":\"PropertyValueSpecification\",\"valueRequired\":true,\"valueName\":\"search_term_string\"}}],\"inLanguage\":\"de\"},{\"@type\":\"Organization\",\"@id\":\"https:\\\/\\\/viagratenerife.shop\\\/#organization\",\"name\":\"KulliPilleri\",\"url\":\"https:\\\/\\\/viagratenerife.shop\\\/\",\"logo\":{\"@type\":\"ImageObject\",\"inLanguage\":\"de\",\"@id\":\"https:\\\/\\\/viagratenerife.shop\\\/#\\\/schema\\\/logo\\\/image\\\/\",\"url\":\"https:\\\/\\\/viagratenerife.shop\\\/wp-content\\\/uploads\\\/2023\\\/02\\\/ikoon.png\",\"contentUrl\":\"https:\\\/\\\/viagratenerife.shop\\\/wp-content\\\/uploads\\\/2023\\\/02\\\/ikoon.png\",\"width\":513,\"height\":513,\"caption\":\"KulliPilleri\"},\"image\":{\"@id\":\"https:\\\/\\\/viagratenerife.shop\\\/#\\\/schema\\\/logo\\\/image\\\/\"}}]}<\/script>\n<meta property=\"product:brand\" content=\"BEST PRICE\" \/>\n<meta property=\"product:price:amount\" content=\"24.00\" \/>\n<meta property=\"product:price:currency\" content=\"EUR\" \/>\n<meta property=\"og:availability\" content=\"instock\" \/>\n<meta property=\"product:availability\" content=\"instock\" \/>\n<meta property=\"product:retailer_item_id\" content=\"KMGR-0025362743\" \/>\n<meta property=\"product:condition\" content=\"new\" \/>\n<!-- \/ Yoast SEO Premium plugin. -->","yoast_head_json":{"title":"Kamagra Oral Jelly - ViagraTenerife.shop","description":"Kamagra Oral Jelly (Sildenafil Citrat 100 mg) ist ein beliebtes und wirksames Medikament zur Behandlung von Erektionsst\u00f6rungen. Im Gegensatz zu schwer schluckbaren Tabletten","robots":{"index":"index","follow":"follow","max-snippet":"max-snippet:-1","max-image-preview":"max-image-preview:large","max-video-preview":"max-video-preview:-1"},"canonical":"https:\/\/viagratenerife.shop\/toode\/kamagra-oral-jelly\/","og_locale":"de_DE","og_type":"article","og_title":"Kamagra Oral Jelly - ViagraTenerife.shop","og_description":"Kamagra Oral Jelly (Sildenafil Citrat 100 mg) ist ein beliebtes und wirksames Medikament zur Behandlung von Erektionsst\u00f6rungen. Im Gegensatz zu schwer schluckbaren Tabletten","og_url":"https:\/\/viagratenerife.shop\/toode\/kamagra-oral-jelly\/","og_site_name":"ViagraTenerife.shop","og_image":[{"width":624,"height":624,"url":"https:\/\/viagratenerife.shop\/wp-content\/uploads\/2023\/02\/kamagra-oral-jelly-1-624x624-1.jpg","type":"image\/jpeg"}],"twitter_card":"summary_large_image","twitter_title":"Kamagra Oral Jelly - ViagraTenerife.shop","twitter_description":"Kamagra Oral Jelly (Sildenafil Citrat 100 mg) ist ein beliebtes und wirksames Medikament zur Behandlung von Erektionsst\u00f6rungen. Im Gegensatz zu schwer schluckbaren Tabletten","twitter_misc":{"Price":"24,00&euro;","Availability":"In stock"},"schema":{"@context":"https:\/\/schema.org","@graph":[{"@type":"WebPage","@id":"https:\/\/viagratenerife.shop\/toode\/kamagra-oral-jelly\/","url":"https:\/\/viagratenerife.shop\/toode\/kamagra-oral-jelly\/","name":"Kamagra Oral Jelly - ViagraTenerife.shop","isPartOf":{"@id":"https:\/\/viagratenerife.shop\/#website"},"primaryImageOfPage":{"@id":"https:\/\/viagratenerife.shop\/toode\/kamagra-oral-jelly\/#primaryimage"},"image":{"@id":"https:\/\/viagratenerife.shop\/toode\/kamagra-oral-jelly\/#primaryimage"},"thumbnailUrl":"https:\/\/viagratenerife.shop\/wp-content\/uploads\/2023\/02\/kamagra-oral-jelly-1-624x624-1.jpg","datePublished":"2023-02-26T12:48:15+00:00","description":"Kamagra Oral Jelly (Sildenafil Citrat 100 mg) ist ein beliebtes und wirksames Medikament zur Behandlung von Erektionsst\u00f6rungen. Im Gegensatz zu schwer schluckbaren Tabletten","breadcrumb":{"@id":"https:\/\/viagratenerife.shop\/toode\/kamagra-oral-jelly\/#breadcrumb"},"inLanguage":"de","potentialAction":[{"@type":"ReadAction","target":["https:\/\/viagratenerife.shop\/toode\/kamagra-oral-jelly\/"]}]},{"@type":"ImageObject","inLanguage":"de","@id":"https:\/\/viagratenerife.shop\/toode\/kamagra-oral-jelly\/#primaryimage","url":"https:\/\/viagratenerife.shop\/wp-content\/uploads\/2023\/02\/kamagra-oral-jelly-1-624x624-1.jpg","contentUrl":"https:\/\/viagratenerife.shop\/wp-content\/uploads\/2023\/02\/kamagra-oral-jelly-1-624x624-1.jpg","width":624,"height":624,"caption":"Kamagra Oral Jelly Tenerife"},{"@type":"BreadcrumbList","@id":"https:\/\/viagratenerife.shop\/toode\/kamagra-oral-jelly\/#breadcrumb","itemListElement":[{"@type":"ListItem","position":1,"name":"Home","item":"https:\/\/viagratenerife.shop\/"},{"@type":"ListItem","position":2,"name":"Tooted"},{"@type":"ListItem","position":3,"name":"KMGR RL JLLY"}]},{"@type":"WebSite","@id":"https:\/\/viagratenerife.shop\/#website","url":"https:\/\/viagratenerife.shop\/","name":"ViagraTenerife.shop","description":"Hochwertige Sexpillen zur Behandlung von Erektionsst\u00f6rungen","publisher":{"@id":"https:\/\/viagratenerife.shop\/#organization"},"potentialAction":[{"@type":"SearchAction","target":{"@type":"EntryPoint","urlTemplate":"https:\/\/viagratenerife.shop\/?s={search_term_string}"},"query-input":{"@type":"PropertyValueSpecification","valueRequired":true,"valueName":"search_term_string"}}],"inLanguage":"de"},{"@type":"Organization","@id":"https:\/\/viagratenerife.shop\/#organization","name":"KulliPilleri","url":"https:\/\/viagratenerife.shop\/","logo":{"@type":"ImageObject","inLanguage":"de","@id":"https:\/\/viagratenerife.shop\/#\/schema\/logo\/image\/","url":"https:\/\/viagratenerife.shop\/wp-content\/uploads\/2023\/02\/ikoon.png","contentUrl":"https:\/\/viagratenerife.shop\/wp-content\/uploads\/2023\/02\/ikoon.png","width":513,"height":513,"caption":"KulliPilleri"},"image":{"@id":"https:\/\/viagratenerife.shop\/#\/schema\/logo\/image\/"}}]},"product_brand":"BEST PRICE","product_price_amount":"24.00","product_price_currency":"EUR","og_availability":"instock","product_availability":"instock","product_retailer_item_id":"KMGR-0025362743","product_condition":"new"},"_links":{"self":[{"href":"https:\/\/viagratenerife.shop\/de\/wp-json\/wp\/v2\/product\/5159","targetHints":{"allow":["GET"]}}],"collection":[{"href":"https:\/\/viagratenerife.shop\/de\/wp-json\/wp\/v2\/product"}],"about":[{"href":"https:\/\/viagratenerife.shop\/de\/wp-json\/wp\/v2\/types\/product"}],"wp:featuredmedia":[{"embeddable":true,"href":"https:\/\/viagratenerife.shop\/de\/wp-json\/wp\/v2\/media\/5160"}],"wp:attachment":[{"href":"https:\/\/viagratenerife.shop\/de\/wp-json\/wp\/v2\/media?parent=5159"}],"wp:term":[{"taxonomy":"product_brand","embeddable":true,"href":"https:\/\/viagratenerife.shop\/de\/wp-json\/wp\/v2\/product_brand?post=5159"},{"taxonomy":"product_cat","embeddable":true,"href":"https:\/\/viagratenerife.shop\/de\/wp-json\/wp\/v2\/product_cat?post=5159"},{"taxonomy":"product_tag","embeddable":true,"href":"https:\/\/viagratenerife.shop\/de\/wp-json\/wp\/v2\/product_tag?post=5159"}],"curies":[{"name":"wp","href":"https:\/\/api.w.org\/{rel}","templated":true}]}}