{"id":5141,"date":"2023-02-26T13:01:16","date_gmt":"2023-02-26T13:01:16","guid":{"rendered":"https:\/\/viagratenerife.shop\/toode\/cnfrc-100\/"},"modified":"2025-04-07T05:34:48","modified_gmt":"2025-04-07T05:34:48","slug":"cnfrc-100","status":"publish","type":"product","link":"https:\/\/viagratenerife.shop\/de\/toode\/cnfrc-100\/","title":{"rendered":"CNFRC 100"},"content":{"rendered":"","protected":false},"excerpt":{"rendered":"<p><a href=\"https:\/\/viagratenerife.shop\/toode\/cenforce-100mg\/\">Cenforce 100<\/a> (Viagra \u2013 Sildenafil) ist ein wunderbares Produkt zur Erzielung einer lang anhaltenden und starken Erektion. Zus\u00e4tzlich zur sexuellen Stimulation verbessert das Medikament die Durchblutung des Penis und hilft M\u00e4nnern, \u00fcber einen l\u00e4ngeren Zeitraum eine starke, angenehme Erektion zu erreichen.<\/p>\n<p>Es wird empfohlen, die Tablette auf leeren Magen einzunehmen, da die Wirkungsgeschwindigkeit der Tablette durch die Verdauung der Nahrung im Magen verlangsamt wird. Die Wirkung von Cenforce 100 mg h\u00e4lt mindestens 6 Stunden an. Nehmen Sie t\u00e4glich eine Cenforce 100 mg-Tablette ein.<\/p>\n","protected":false},"featured_media":5143,"template":"","meta":[],"product_brand":[],"product_cat":[161,159],"product_tag":[],"class_list":{"0":"post-5141","1":"product","2":"type-product","3":"status-publish","4":"has-post-thumbnail","6":"product_cat-best-price-de","7":"product_cat-generic-viagra-de","9":"first","10":"instock","11":"shipping-taxable","12":"purchasable","13":"product-type-simple"},"yoast_head":"<!-- This site is optimized with the Yoast SEO Premium plugin v24.6 (Yoast SEO v27.4) - https:\/\/yoast.com\/product\/yoast-seo-premium-wordpress\/ -->\n<title>CNFRC 100 - ViagraTenerife.shop<\/title>\n<meta name=\"robots\" content=\"index, follow, max-snippet:-1, max-image-preview:large, max-video-preview:-1\" \/>\n<link rel=\"canonical\" href=\"https:\/\/viagratenerife.shop\/toode\/cenforce-100mg\/\" \/>\n<meta property=\"og:locale\" content=\"de_DE\" \/>\n<meta property=\"og:type\" content=\"article\" \/>\n<meta property=\"og:title\" content=\"CNFRC 100\" \/>\n<meta property=\"og:description\" content=\"Cenforce 100 (Viagra \u2013 Sildenafil) ist ein wunderbares Produkt zur Erzielung einer lang anhaltenden und starken Erektion. Zus\u00e4tzlich zur sexuellen Stimulation verbessert das Medikament die Durchblutung des Penis und hilft M\u00e4nnern, \u00fcber einen l\u00e4ngeren Zeitraum eine starke, angenehme Erektion zu erreichen.  Es wird empfohlen, die Tablette auf leeren Magen einzunehmen, da die Wirkungsgeschwindigkeit der Tablette durch die Verdauung der Nahrung im Magen verlangsamt wird. Die Wirkung von Cenforce 100 mg h\u00e4lt mindestens 6 Stunden an. Nehmen Sie t\u00e4glich eine Cenforce 100 mg-Tablette ein.\" \/>\n<meta property=\"og:url\" content=\"https:\/\/viagratenerife.shop\/toode\/cenforce-100mg\/\" \/>\n<meta property=\"og:site_name\" content=\"ViagraTenerife.shop\" \/>\n<meta property=\"article:modified_time\" content=\"2025-04-07T05:34:48+00:00\" \/>\n<meta property=\"og:image\" content=\"https:\/\/viagratenerife.shop\/wp-content\/uploads\/2023\/02\/cenforce-100.png\" \/>\n\t<meta property=\"og:image:width\" content=\"624\" \/>\n\t<meta property=\"og:image:height\" content=\"624\" \/>\n\t<meta property=\"og:image:type\" content=\"image\/png\" \/>\n<meta name=\"twitter:card\" content=\"summary_large_image\" \/>\n<meta name=\"twitter:label1\" content=\"Price\" \/>\n\t<meta name=\"twitter:data1\" content=\"24,00&euro;\" \/>\n\t<meta name=\"twitter:label2\" content=\"Availability\" \/>\n\t<meta name=\"twitter:data2\" content=\"In stock\" \/>\n<script type=\"application\/ld+json\" class=\"yoast-schema-graph\">{\"@context\":\"https:\\\/\\\/schema.org\",\"@graph\":[{\"@type\":\"WebPage\",\"@id\":\"https:\\\/\\\/viagratenerife.shop\\\/toode\\\/cenforce-100mg\\\/\",\"url\":\"https:\\\/\\\/viagratenerife.shop\\\/toode\\\/cenforce-100mg\\\/\",\"name\":\"CNFRC 100 - ViagraTenerife.shop\",\"isPartOf\":{\"@id\":\"https:\\\/\\\/viagratenerife.shop\\\/#website\"},\"primaryImageOfPage\":{\"@id\":\"https:\\\/\\\/viagratenerife.shop\\\/toode\\\/cenforce-100mg\\\/#primaryimage\"},\"image\":{\"@id\":\"https:\\\/\\\/viagratenerife.shop\\\/toode\\\/cenforce-100mg\\\/#primaryimage\"},\"thumbnailUrl\":\"https:\\\/\\\/viagratenerife.shop\\\/wp-content\\\/uploads\\\/2023\\\/02\\\/cenforce-100.png\",\"datePublished\":\"2023-02-26T13:01:16+00:00\",\"dateModified\":\"2025-04-07T05:34:48+00:00\",\"breadcrumb\":{\"@id\":\"https:\\\/\\\/viagratenerife.shop\\\/toode\\\/cenforce-100mg\\\/#breadcrumb\"},\"inLanguage\":\"de\",\"potentialAction\":[{\"@type\":\"ReadAction\",\"target\":[\"https:\\\/\\\/viagratenerife.shop\\\/toode\\\/cenforce-100mg\\\/\"]}]},{\"@type\":\"ImageObject\",\"inLanguage\":\"de\",\"@id\":\"https:\\\/\\\/viagratenerife.shop\\\/toode\\\/cenforce-100mg\\\/#primaryimage\",\"url\":\"https:\\\/\\\/viagratenerife.shop\\\/wp-content\\\/uploads\\\/2023\\\/02\\\/cenforce-100.png\",\"contentUrl\":\"https:\\\/\\\/viagratenerife.shop\\\/wp-content\\\/uploads\\\/2023\\\/02\\\/cenforce-100.png\",\"width\":624,\"height\":624},{\"@type\":\"BreadcrumbList\",\"@id\":\"https:\\\/\\\/viagratenerife.shop\\\/toode\\\/cenforce-100mg\\\/#breadcrumb\",\"itemListElement\":[{\"@type\":\"ListItem\",\"position\":1,\"name\":\"Home\",\"item\":\"https:\\\/\\\/viagratenerife.shop\\\/\"},{\"@type\":\"ListItem\",\"position\":2,\"name\":\"Tooted\"},{\"@type\":\"ListItem\",\"position\":3,\"name\":\"CNFRC 100\"}]},{\"@type\":\"WebSite\",\"@id\":\"https:\\\/\\\/viagratenerife.shop\\\/#website\",\"url\":\"https:\\\/\\\/viagratenerife.shop\\\/\",\"name\":\"ViagraTenerife.shop\",\"description\":\"Hochwertige Sexpillen zur Behandlung von Erektionsst\u00f6rungen\",\"publisher\":{\"@id\":\"https:\\\/\\\/viagratenerife.shop\\\/#organization\"},\"potentialAction\":[{\"@type\":\"SearchAction\",\"target\":{\"@type\":\"EntryPoint\",\"urlTemplate\":\"https:\\\/\\\/viagratenerife.shop\\\/?s={search_term_string}\"},\"query-input\":{\"@type\":\"PropertyValueSpecification\",\"valueRequired\":true,\"valueName\":\"search_term_string\"}}],\"inLanguage\":\"de\"},{\"@type\":\"Organization\",\"@id\":\"https:\\\/\\\/viagratenerife.shop\\\/#organization\",\"name\":\"KulliPilleri\",\"url\":\"https:\\\/\\\/viagratenerife.shop\\\/\",\"logo\":{\"@type\":\"ImageObject\",\"inLanguage\":\"de\",\"@id\":\"https:\\\/\\\/viagratenerife.shop\\\/#\\\/schema\\\/logo\\\/image\\\/\",\"url\":\"https:\\\/\\\/viagratenerife.shop\\\/wp-content\\\/uploads\\\/2023\\\/02\\\/ikoon.png\",\"contentUrl\":\"https:\\\/\\\/viagratenerife.shop\\\/wp-content\\\/uploads\\\/2023\\\/02\\\/ikoon.png\",\"width\":513,\"height\":513,\"caption\":\"KulliPilleri\"},\"image\":{\"@id\":\"https:\\\/\\\/viagratenerife.shop\\\/#\\\/schema\\\/logo\\\/image\\\/\"}}]}<\/script>\n<meta property=\"product:brand\" content=\"BEST PRICE\" \/>\n<meta property=\"product:price:amount\" content=\"24.00\" \/>\n<meta property=\"product:price:currency\" content=\"EUR\" \/>\n<meta property=\"og:availability\" content=\"instock\" \/>\n<meta property=\"product:availability\" content=\"instock\" \/>\n<meta property=\"product:retailer_item_id\" content=\"CNFRC-10061236746\" \/>\n<meta property=\"product:condition\" content=\"new\" \/>\n<!-- \/ Yoast SEO Premium plugin. -->","yoast_head_json":{"title":"CNFRC 100 - ViagraTenerife.shop","robots":{"index":"index","follow":"follow","max-snippet":"max-snippet:-1","max-image-preview":"max-image-preview:large","max-video-preview":"max-video-preview:-1"},"canonical":"https:\/\/viagratenerife.shop\/toode\/cenforce-100mg\/","og_locale":"de_DE","og_type":"article","og_title":"CNFRC 100","og_description":"Cenforce 100 (Viagra \u2013 Sildenafil) ist ein wunderbares Produkt zur Erzielung einer lang anhaltenden und starken Erektion. Zus\u00e4tzlich zur sexuellen Stimulation verbessert das Medikament die Durchblutung des Penis und hilft M\u00e4nnern, \u00fcber einen l\u00e4ngeren Zeitraum eine starke, angenehme Erektion zu erreichen.  Es wird empfohlen, die Tablette auf leeren Magen einzunehmen, da die Wirkungsgeschwindigkeit der Tablette durch die Verdauung der Nahrung im Magen verlangsamt wird. Die Wirkung von Cenforce 100 mg h\u00e4lt mindestens 6 Stunden an. Nehmen Sie t\u00e4glich eine Cenforce 100 mg-Tablette ein.","og_url":"https:\/\/viagratenerife.shop\/toode\/cenforce-100mg\/","og_site_name":"ViagraTenerife.shop","article_modified_time":"2025-04-07T05:34:48+00:00","og_image":[{"width":624,"height":624,"url":"https:\/\/viagratenerife.shop\/wp-content\/uploads\/2023\/02\/cenforce-100.png","type":"image\/png"}],"twitter_card":"summary_large_image","twitter_misc":{"Price":"24,00&euro;","Availability":"In stock"},"schema":{"@context":"https:\/\/schema.org","@graph":[{"@type":"WebPage","@id":"https:\/\/viagratenerife.shop\/toode\/cenforce-100mg\/","url":"https:\/\/viagratenerife.shop\/toode\/cenforce-100mg\/","name":"CNFRC 100 - ViagraTenerife.shop","isPartOf":{"@id":"https:\/\/viagratenerife.shop\/#website"},"primaryImageOfPage":{"@id":"https:\/\/viagratenerife.shop\/toode\/cenforce-100mg\/#primaryimage"},"image":{"@id":"https:\/\/viagratenerife.shop\/toode\/cenforce-100mg\/#primaryimage"},"thumbnailUrl":"https:\/\/viagratenerife.shop\/wp-content\/uploads\/2023\/02\/cenforce-100.png","datePublished":"2023-02-26T13:01:16+00:00","dateModified":"2025-04-07T05:34:48+00:00","breadcrumb":{"@id":"https:\/\/viagratenerife.shop\/toode\/cenforce-100mg\/#breadcrumb"},"inLanguage":"de","potentialAction":[{"@type":"ReadAction","target":["https:\/\/viagratenerife.shop\/toode\/cenforce-100mg\/"]}]},{"@type":"ImageObject","inLanguage":"de","@id":"https:\/\/viagratenerife.shop\/toode\/cenforce-100mg\/#primaryimage","url":"https:\/\/viagratenerife.shop\/wp-content\/uploads\/2023\/02\/cenforce-100.png","contentUrl":"https:\/\/viagratenerife.shop\/wp-content\/uploads\/2023\/02\/cenforce-100.png","width":624,"height":624},{"@type":"BreadcrumbList","@id":"https:\/\/viagratenerife.shop\/toode\/cenforce-100mg\/#breadcrumb","itemListElement":[{"@type":"ListItem","position":1,"name":"Home","item":"https:\/\/viagratenerife.shop\/"},{"@type":"ListItem","position":2,"name":"Tooted"},{"@type":"ListItem","position":3,"name":"CNFRC 100"}]},{"@type":"WebSite","@id":"https:\/\/viagratenerife.shop\/#website","url":"https:\/\/viagratenerife.shop\/","name":"ViagraTenerife.shop","description":"Hochwertige Sexpillen zur Behandlung von Erektionsst\u00f6rungen","publisher":{"@id":"https:\/\/viagratenerife.shop\/#organization"},"potentialAction":[{"@type":"SearchAction","target":{"@type":"EntryPoint","urlTemplate":"https:\/\/viagratenerife.shop\/?s={search_term_string}"},"query-input":{"@type":"PropertyValueSpecification","valueRequired":true,"valueName":"search_term_string"}}],"inLanguage":"de"},{"@type":"Organization","@id":"https:\/\/viagratenerife.shop\/#organization","name":"KulliPilleri","url":"https:\/\/viagratenerife.shop\/","logo":{"@type":"ImageObject","inLanguage":"de","@id":"https:\/\/viagratenerife.shop\/#\/schema\/logo\/image\/","url":"https:\/\/viagratenerife.shop\/wp-content\/uploads\/2023\/02\/ikoon.png","contentUrl":"https:\/\/viagratenerife.shop\/wp-content\/uploads\/2023\/02\/ikoon.png","width":513,"height":513,"caption":"KulliPilleri"},"image":{"@id":"https:\/\/viagratenerife.shop\/#\/schema\/logo\/image\/"}}]},"product_brand":"BEST PRICE","product_price_amount":"24.00","product_price_currency":"EUR","og_availability":"instock","product_availability":"instock","product_retailer_item_id":"CNFRC-10061236746","product_condition":"new"},"_links":{"self":[{"href":"https:\/\/viagratenerife.shop\/de\/wp-json\/wp\/v2\/product\/5141","targetHints":{"allow":["GET"]}}],"collection":[{"href":"https:\/\/viagratenerife.shop\/de\/wp-json\/wp\/v2\/product"}],"about":[{"href":"https:\/\/viagratenerife.shop\/de\/wp-json\/wp\/v2\/types\/product"}],"wp:featuredmedia":[{"embeddable":true,"href":"https:\/\/viagratenerife.shop\/de\/wp-json\/wp\/v2\/media\/5143"}],"wp:attachment":[{"href":"https:\/\/viagratenerife.shop\/de\/wp-json\/wp\/v2\/media?parent=5141"}],"wp:term":[{"taxonomy":"product_brand","embeddable":true,"href":"https:\/\/viagratenerife.shop\/de\/wp-json\/wp\/v2\/product_brand?post=5141"},{"taxonomy":"product_cat","embeddable":true,"href":"https:\/\/viagratenerife.shop\/de\/wp-json\/wp\/v2\/product_cat?post=5141"},{"taxonomy":"product_tag","embeddable":true,"href":"https:\/\/viagratenerife.shop\/de\/wp-json\/wp\/v2\/product_tag?post=5141"}],"curies":[{"name":"wp","href":"https:\/\/api.w.org\/{rel}","templated":true}]}}