{"id":5105,"date":"2023-02-27T18:48:59","date_gmt":"2023-02-27T18:48:59","guid":{"rendered":"https:\/\/viagratenerife.shop\/toode\/kmgr-100\/"},"modified":"2023-02-27T18:48:59","modified_gmt":"2023-02-27T18:48:59","slug":"kmgr-100","status":"publish","type":"product","link":"https:\/\/viagratenerife.shop\/de\/toode\/kmgr-100\/","title":{"rendered":"KMGR 100"},"content":{"rendered":"","protected":false},"excerpt":{"rendered":"<p><strong>Kamagra 100 Tabletten<\/strong> sind eine weit verbreitete, erfolgreiche und allgemein anerkannte Behandlung von Erektionsst\u00f6rungen. Kamagra wird von Ajanta Pharma unter klinischen Bedingungen hergestellt und erf\u00fcllt hohe Qualit\u00e4tsstandards, um seine Sicherheit und Wirksamkeit zu gew\u00e4hrleisten.<\/p>\n","protected":false},"featured_media":5106,"template":"","meta":[],"product_brand":[],"product_cat":[159],"product_tag":[],"class_list":{"0":"post-5105","1":"product","2":"type-product","3":"status-publish","4":"has-post-thumbnail","6":"product_cat-generic-viagra-de","8":"first","9":"instock","10":"shipping-taxable","11":"purchasable","12":"product-type-simple"},"yoast_head":"<!-- This site is optimized with the Yoast SEO Premium plugin v24.6 (Yoast SEO v27.4) - https:\/\/yoast.com\/product\/yoast-seo-premium-wordpress\/ -->\n<title>KMGR 100 - ViagraTenerife.shop<\/title>\n<meta name=\"robots\" content=\"index, follow, max-snippet:-1, max-image-preview:large, max-video-preview:-1\" \/>\n<link rel=\"canonical\" href=\"https:\/\/viagratenerife.shop\/de\/toode\/kmgr-100\/\" \/>\n<meta property=\"og:locale\" content=\"de_DE\" \/>\n<meta property=\"og:type\" content=\"article\" \/>\n<meta property=\"og:title\" content=\"KMGR 100\" \/>\n<meta property=\"og:description\" content=\"Kamagra 100 Tabletten sind eine weit verbreitete, erfolgreiche und allgemein anerkannte Behandlung von Erektionsst\u00f6rungen. Kamagra wird von Ajanta Pharma unter klinischen Bedingungen hergestellt und erf\u00fcllt hohe Qualit\u00e4tsstandards, um seine Sicherheit und Wirksamkeit zu gew\u00e4hrleisten.\" \/>\n<meta property=\"og:url\" content=\"https:\/\/viagratenerife.shop\/de\/toode\/kmgr-100\/\" \/>\n<meta property=\"og:site_name\" content=\"ViagraTenerife.shop\" \/>\n<meta property=\"og:image\" content=\"https:\/\/viagratenerife.shop\/wp-content\/uploads\/2023\/02\/kamagra-original-1-624x624-1.jpg\" \/>\n\t<meta property=\"og:image:width\" content=\"624\" \/>\n\t<meta property=\"og:image:height\" content=\"624\" \/>\n\t<meta property=\"og:image:type\" content=\"image\/jpeg\" \/>\n<meta name=\"twitter:card\" content=\"summary_large_image\" \/>\n<meta name=\"twitter:label1\" content=\"Price\" \/>\n\t<meta name=\"twitter:data1\" content=\"13,00&euro;\" \/>\n\t<meta name=\"twitter:label2\" content=\"Availability\" \/>\n\t<meta name=\"twitter:data2\" content=\"In stock\" \/>\n<script type=\"application\/ld+json\" class=\"yoast-schema-graph\">{\"@context\":\"https:\\\/\\\/schema.org\",\"@graph\":[{\"@type\":\"WebPage\",\"@id\":\"https:\\\/\\\/viagratenerife.shop\\\/de\\\/toode\\\/kmgr-100\\\/\",\"url\":\"https:\\\/\\\/viagratenerife.shop\\\/de\\\/toode\\\/kmgr-100\\\/\",\"name\":\"KMGR 100 - ViagraTenerife.shop\",\"isPartOf\":{\"@id\":\"https:\\\/\\\/viagratenerife.shop\\\/#website\"},\"primaryImageOfPage\":{\"@id\":\"https:\\\/\\\/viagratenerife.shop\\\/de\\\/toode\\\/kmgr-100\\\/#primaryimage\"},\"image\":{\"@id\":\"https:\\\/\\\/viagratenerife.shop\\\/de\\\/toode\\\/kmgr-100\\\/#primaryimage\"},\"thumbnailUrl\":\"https:\\\/\\\/viagratenerife.shop\\\/wp-content\\\/uploads\\\/2023\\\/02\\\/kamagra-original-1-624x624-1.jpg\",\"datePublished\":\"2023-02-27T18:48:59+00:00\",\"breadcrumb\":{\"@id\":\"https:\\\/\\\/viagratenerife.shop\\\/de\\\/toode\\\/kmgr-100\\\/#breadcrumb\"},\"inLanguage\":\"de\",\"potentialAction\":[{\"@type\":\"ReadAction\",\"target\":[\"https:\\\/\\\/viagratenerife.shop\\\/de\\\/toode\\\/kmgr-100\\\/\"]}]},{\"@type\":\"ImageObject\",\"inLanguage\":\"de\",\"@id\":\"https:\\\/\\\/viagratenerife.shop\\\/de\\\/toode\\\/kmgr-100\\\/#primaryimage\",\"url\":\"https:\\\/\\\/viagratenerife.shop\\\/wp-content\\\/uploads\\\/2023\\\/02\\\/kamagra-original-1-624x624-1.jpg\",\"contentUrl\":\"https:\\\/\\\/viagratenerife.shop\\\/wp-content\\\/uploads\\\/2023\\\/02\\\/kamagra-original-1-624x624-1.jpg\",\"width\":624,\"height\":624},{\"@type\":\"BreadcrumbList\",\"@id\":\"https:\\\/\\\/viagratenerife.shop\\\/de\\\/toode\\\/kmgr-100\\\/#breadcrumb\",\"itemListElement\":[{\"@type\":\"ListItem\",\"position\":1,\"name\":\"Home\",\"item\":\"https:\\\/\\\/viagratenerife.shop\\\/\"},{\"@type\":\"ListItem\",\"position\":2,\"name\":\"Tooted\"},{\"@type\":\"ListItem\",\"position\":3,\"name\":\"KMGR 100\"}]},{\"@type\":\"WebSite\",\"@id\":\"https:\\\/\\\/viagratenerife.shop\\\/#website\",\"url\":\"https:\\\/\\\/viagratenerife.shop\\\/\",\"name\":\"ViagraTenerife.shop\",\"description\":\"Hochwertige Sexpillen zur Behandlung von Erektionsst\u00f6rungen\",\"publisher\":{\"@id\":\"https:\\\/\\\/viagratenerife.shop\\\/#organization\"},\"potentialAction\":[{\"@type\":\"SearchAction\",\"target\":{\"@type\":\"EntryPoint\",\"urlTemplate\":\"https:\\\/\\\/viagratenerife.shop\\\/?s={search_term_string}\"},\"query-input\":{\"@type\":\"PropertyValueSpecification\",\"valueRequired\":true,\"valueName\":\"search_term_string\"}}],\"inLanguage\":\"de\"},{\"@type\":\"Organization\",\"@id\":\"https:\\\/\\\/viagratenerife.shop\\\/#organization\",\"name\":\"KulliPilleri\",\"url\":\"https:\\\/\\\/viagratenerife.shop\\\/\",\"logo\":{\"@type\":\"ImageObject\",\"inLanguage\":\"de\",\"@id\":\"https:\\\/\\\/viagratenerife.shop\\\/#\\\/schema\\\/logo\\\/image\\\/\",\"url\":\"https:\\\/\\\/viagratenerife.shop\\\/wp-content\\\/uploads\\\/2023\\\/02\\\/ikoon.png\",\"contentUrl\":\"https:\\\/\\\/viagratenerife.shop\\\/wp-content\\\/uploads\\\/2023\\\/02\\\/ikoon.png\",\"width\":513,\"height\":513,\"caption\":\"KulliPilleri\"},\"image\":{\"@id\":\"https:\\\/\\\/viagratenerife.shop\\\/#\\\/schema\\\/logo\\\/image\\\/\"}}]}<\/script>\n<meta property=\"product:brand\" content=\"Generic Viagra\" \/>\n<meta property=\"product:price:amount\" content=\"13.00\" \/>\n<meta property=\"product:price:currency\" content=\"EUR\" \/>\n<meta property=\"og:availability\" content=\"instock\" \/>\n<meta property=\"product:availability\" content=\"instock\" \/>\n<meta property=\"product:retailer_item_id\" content=\"KMGR-1005566286\" \/>\n<meta property=\"product:condition\" content=\"new\" \/>\n<!-- \/ Yoast SEO Premium plugin. -->","yoast_head_json":{"title":"KMGR 100 - ViagraTenerife.shop","robots":{"index":"index","follow":"follow","max-snippet":"max-snippet:-1","max-image-preview":"max-image-preview:large","max-video-preview":"max-video-preview:-1"},"canonical":"https:\/\/viagratenerife.shop\/de\/toode\/kmgr-100\/","og_locale":"de_DE","og_type":"article","og_title":"KMGR 100","og_description":"Kamagra 100 Tabletten sind eine weit verbreitete, erfolgreiche und allgemein anerkannte Behandlung von Erektionsst\u00f6rungen. Kamagra wird von Ajanta Pharma unter klinischen Bedingungen hergestellt und erf\u00fcllt hohe Qualit\u00e4tsstandards, um seine Sicherheit und Wirksamkeit zu gew\u00e4hrleisten.","og_url":"https:\/\/viagratenerife.shop\/de\/toode\/kmgr-100\/","og_site_name":"ViagraTenerife.shop","og_image":[{"width":624,"height":624,"url":"https:\/\/viagratenerife.shop\/wp-content\/uploads\/2023\/02\/kamagra-original-1-624x624-1.jpg","type":"image\/jpeg"}],"twitter_card":"summary_large_image","twitter_misc":{"Price":"13,00&euro;","Availability":"In stock"},"schema":{"@context":"https:\/\/schema.org","@graph":[{"@type":"WebPage","@id":"https:\/\/viagratenerife.shop\/de\/toode\/kmgr-100\/","url":"https:\/\/viagratenerife.shop\/de\/toode\/kmgr-100\/","name":"KMGR 100 - ViagraTenerife.shop","isPartOf":{"@id":"https:\/\/viagratenerife.shop\/#website"},"primaryImageOfPage":{"@id":"https:\/\/viagratenerife.shop\/de\/toode\/kmgr-100\/#primaryimage"},"image":{"@id":"https:\/\/viagratenerife.shop\/de\/toode\/kmgr-100\/#primaryimage"},"thumbnailUrl":"https:\/\/viagratenerife.shop\/wp-content\/uploads\/2023\/02\/kamagra-original-1-624x624-1.jpg","datePublished":"2023-02-27T18:48:59+00:00","breadcrumb":{"@id":"https:\/\/viagratenerife.shop\/de\/toode\/kmgr-100\/#breadcrumb"},"inLanguage":"de","potentialAction":[{"@type":"ReadAction","target":["https:\/\/viagratenerife.shop\/de\/toode\/kmgr-100\/"]}]},{"@type":"ImageObject","inLanguage":"de","@id":"https:\/\/viagratenerife.shop\/de\/toode\/kmgr-100\/#primaryimage","url":"https:\/\/viagratenerife.shop\/wp-content\/uploads\/2023\/02\/kamagra-original-1-624x624-1.jpg","contentUrl":"https:\/\/viagratenerife.shop\/wp-content\/uploads\/2023\/02\/kamagra-original-1-624x624-1.jpg","width":624,"height":624},{"@type":"BreadcrumbList","@id":"https:\/\/viagratenerife.shop\/de\/toode\/kmgr-100\/#breadcrumb","itemListElement":[{"@type":"ListItem","position":1,"name":"Home","item":"https:\/\/viagratenerife.shop\/"},{"@type":"ListItem","position":2,"name":"Tooted"},{"@type":"ListItem","position":3,"name":"KMGR 100"}]},{"@type":"WebSite","@id":"https:\/\/viagratenerife.shop\/#website","url":"https:\/\/viagratenerife.shop\/","name":"ViagraTenerife.shop","description":"Hochwertige Sexpillen zur Behandlung von Erektionsst\u00f6rungen","publisher":{"@id":"https:\/\/viagratenerife.shop\/#organization"},"potentialAction":[{"@type":"SearchAction","target":{"@type":"EntryPoint","urlTemplate":"https:\/\/viagratenerife.shop\/?s={search_term_string}"},"query-input":{"@type":"PropertyValueSpecification","valueRequired":true,"valueName":"search_term_string"}}],"inLanguage":"de"},{"@type":"Organization","@id":"https:\/\/viagratenerife.shop\/#organization","name":"KulliPilleri","url":"https:\/\/viagratenerife.shop\/","logo":{"@type":"ImageObject","inLanguage":"de","@id":"https:\/\/viagratenerife.shop\/#\/schema\/logo\/image\/","url":"https:\/\/viagratenerife.shop\/wp-content\/uploads\/2023\/02\/ikoon.png","contentUrl":"https:\/\/viagratenerife.shop\/wp-content\/uploads\/2023\/02\/ikoon.png","width":513,"height":513,"caption":"KulliPilleri"},"image":{"@id":"https:\/\/viagratenerife.shop\/#\/schema\/logo\/image\/"}}]},"product_brand":"Generic Viagra","product_price_amount":"13.00","product_price_currency":"EUR","og_availability":"instock","product_availability":"instock","product_retailer_item_id":"KMGR-1005566286","product_condition":"new"},"_links":{"self":[{"href":"https:\/\/viagratenerife.shop\/de\/wp-json\/wp\/v2\/product\/5105","targetHints":{"allow":["GET"]}}],"collection":[{"href":"https:\/\/viagratenerife.shop\/de\/wp-json\/wp\/v2\/product"}],"about":[{"href":"https:\/\/viagratenerife.shop\/de\/wp-json\/wp\/v2\/types\/product"}],"wp:featuredmedia":[{"embeddable":true,"href":"https:\/\/viagratenerife.shop\/de\/wp-json\/wp\/v2\/media\/5106"}],"wp:attachment":[{"href":"https:\/\/viagratenerife.shop\/de\/wp-json\/wp\/v2\/media?parent=5105"}],"wp:term":[{"taxonomy":"product_brand","embeddable":true,"href":"https:\/\/viagratenerife.shop\/de\/wp-json\/wp\/v2\/product_brand?post=5105"},{"taxonomy":"product_cat","embeddable":true,"href":"https:\/\/viagratenerife.shop\/de\/wp-json\/wp\/v2\/product_cat?post=5105"},{"taxonomy":"product_tag","embeddable":true,"href":"https:\/\/viagratenerife.shop\/de\/wp-json\/wp\/v2\/product_tag?post=5105"}],"curies":[{"name":"wp","href":"https:\/\/api.w.org\/{rel}","templated":true}]}}