{"id":5092,"date":"2023-02-27T18:59:14","date_gmt":"2023-02-27T18:59:14","guid":{"rendered":"https:\/\/viagratenerife.shop\/toode\/tdpx-80\/"},"modified":"2023-02-27T18:59:14","modified_gmt":"2023-02-27T18:59:14","slug":"tdpx-80","status":"publish","type":"product","link":"https:\/\/viagratenerife.shop\/de\/toode\/tdpx-80\/","title":{"rendered":"TDPX 80"},"content":{"rendered":"","protected":false},"excerpt":{"rendered":"<p>Tadapox 80 und Super Vidalista 80 (Tadalafil 20 mg &#038; Dapoxetin 60 mg) sind eine beliebte und erfolgreiche Behandlung gegen Erektionsst\u00f6rungen. Da es die gleichen Wirkstoffe wie Cialis enth\u00e4lt, profitieren Patienten von einer effektiven Behandlungsdauer von mindestens 36 Stunden. Dies erm\u00f6glicht Paaren Geschlechtsverkehr zu einem normalen Zeitpunkt. Diese l\u00e4ngere Wirkdauer hat dem Medikament in Frankreich den Spitznamen \u201eLe Weekender\u201c eingebracht.<\/p>\n","protected":false},"featured_media":5093,"template":"","meta":[],"product_brand":[],"product_cat":[161,158],"product_tag":[],"class_list":{"0":"post-5092","1":"product","2":"type-product","3":"status-publish","4":"has-post-thumbnail","6":"product_cat-best-price-de","7":"product_cat-generic-priligy-de","9":"first","10":"instock","11":"shipping-taxable","12":"purchasable","13":"product-type-simple"},"yoast_head":"<!-- This site is optimized with the Yoast SEO Premium plugin v24.6 (Yoast SEO v27.4) - https:\/\/yoast.com\/product\/yoast-seo-premium-wordpress\/ -->\n<title>TDPX 80 - ViagraTenerife.shop<\/title>\n<meta name=\"robots\" content=\"index, follow, max-snippet:-1, max-image-preview:large, max-video-preview:-1\" \/>\n<link rel=\"canonical\" href=\"https:\/\/viagratenerife.shop\/toode\/tadapox-80mg\/\" \/>\n<meta property=\"og:locale\" content=\"de_DE\" \/>\n<meta property=\"og:type\" content=\"article\" \/>\n<meta property=\"og:title\" content=\"TDPX 80\" \/>\n<meta property=\"og:description\" content=\"Tadapox 80 und Super Vidalista 80 (Tadalafil 20 mg &amp; Dapoxetin 60 mg) sind eine beliebte und erfolgreiche Behandlung gegen Erektionsst\u00f6rungen. Da es die gleichen Wirkstoffe wie Cialis enth\u00e4lt, profitieren Patienten von einer effektiven Behandlungsdauer von mindestens 36 Stunden. Dies erm\u00f6glicht Paaren Geschlechtsverkehr zu einem normalen Zeitpunkt. Diese l\u00e4ngere Wirkdauer hat dem Medikament in Frankreich den Spitznamen \u201eLe Weekender\u201c eingebracht.\" \/>\n<meta property=\"og:url\" content=\"https:\/\/viagratenerife.shop\/toode\/tadapox-80mg\/\" \/>\n<meta property=\"og:site_name\" content=\"ViagraTenerife.shop\" \/>\n<meta property=\"og:image\" content=\"https:\/\/viagratenerife.shop\/wp-content\/uploads\/2023\/02\/Tadapox-80Mg.webp\" \/>\n\t<meta property=\"og:image:width\" content=\"800\" \/>\n\t<meta property=\"og:image:height\" content=\"800\" \/>\n\t<meta property=\"og:image:type\" content=\"image\/webp\" \/>\n<meta name=\"twitter:card\" content=\"summary_large_image\" \/>\n<meta name=\"twitter:label1\" content=\"Price\" \/>\n\t<meta name=\"twitter:data1\" content=\"29,00&euro;\" \/>\n\t<meta name=\"twitter:label2\" content=\"Availability\" \/>\n\t<meta name=\"twitter:data2\" content=\"In stock\" \/>\n<script type=\"application\/ld+json\" class=\"yoast-schema-graph\">{\"@context\":\"https:\\\/\\\/schema.org\",\"@graph\":[{\"@type\":\"WebPage\",\"@id\":\"https:\\\/\\\/viagratenerife.shop\\\/toode\\\/tadapox-80mg\\\/\",\"url\":\"https:\\\/\\\/viagratenerife.shop\\\/toode\\\/tadapox-80mg\\\/\",\"name\":\"TDPX 80 - ViagraTenerife.shop\",\"isPartOf\":{\"@id\":\"https:\\\/\\\/viagratenerife.shop\\\/#website\"},\"primaryImageOfPage\":{\"@id\":\"https:\\\/\\\/viagratenerife.shop\\\/toode\\\/tadapox-80mg\\\/#primaryimage\"},\"image\":{\"@id\":\"https:\\\/\\\/viagratenerife.shop\\\/toode\\\/tadapox-80mg\\\/#primaryimage\"},\"thumbnailUrl\":\"https:\\\/\\\/viagratenerife.shop\\\/wp-content\\\/uploads\\\/2023\\\/02\\\/Tadapox-80Mg.webp\",\"datePublished\":\"2023-02-27T18:59:14+00:00\",\"breadcrumb\":{\"@id\":\"https:\\\/\\\/viagratenerife.shop\\\/toode\\\/tadapox-80mg\\\/#breadcrumb\"},\"inLanguage\":\"de\",\"potentialAction\":[{\"@type\":\"ReadAction\",\"target\":[\"https:\\\/\\\/viagratenerife.shop\\\/toode\\\/tadapox-80mg\\\/\"]}]},{\"@type\":\"ImageObject\",\"inLanguage\":\"de\",\"@id\":\"https:\\\/\\\/viagratenerife.shop\\\/toode\\\/tadapox-80mg\\\/#primaryimage\",\"url\":\"https:\\\/\\\/viagratenerife.shop\\\/wp-content\\\/uploads\\\/2023\\\/02\\\/Tadapox-80Mg.webp\",\"contentUrl\":\"https:\\\/\\\/viagratenerife.shop\\\/wp-content\\\/uploads\\\/2023\\\/02\\\/Tadapox-80Mg.webp\",\"width\":800,\"height\":800},{\"@type\":\"BreadcrumbList\",\"@id\":\"https:\\\/\\\/viagratenerife.shop\\\/toode\\\/tadapox-80mg\\\/#breadcrumb\",\"itemListElement\":[{\"@type\":\"ListItem\",\"position\":1,\"name\":\"Home\",\"item\":\"https:\\\/\\\/viagratenerife.shop\\\/\"},{\"@type\":\"ListItem\",\"position\":2,\"name\":\"Tooted\"},{\"@type\":\"ListItem\",\"position\":3,\"name\":\"TDPX 80\"}]},{\"@type\":\"WebSite\",\"@id\":\"https:\\\/\\\/viagratenerife.shop\\\/#website\",\"url\":\"https:\\\/\\\/viagratenerife.shop\\\/\",\"name\":\"ViagraTenerife.shop\",\"description\":\"Hochwertige Sexpillen zur Behandlung von Erektionsst\u00f6rungen\",\"publisher\":{\"@id\":\"https:\\\/\\\/viagratenerife.shop\\\/#organization\"},\"potentialAction\":[{\"@type\":\"SearchAction\",\"target\":{\"@type\":\"EntryPoint\",\"urlTemplate\":\"https:\\\/\\\/viagratenerife.shop\\\/?s={search_term_string}\"},\"query-input\":{\"@type\":\"PropertyValueSpecification\",\"valueRequired\":true,\"valueName\":\"search_term_string\"}}],\"inLanguage\":\"de\"},{\"@type\":\"Organization\",\"@id\":\"https:\\\/\\\/viagratenerife.shop\\\/#organization\",\"name\":\"KulliPilleri\",\"url\":\"https:\\\/\\\/viagratenerife.shop\\\/\",\"logo\":{\"@type\":\"ImageObject\",\"inLanguage\":\"de\",\"@id\":\"https:\\\/\\\/viagratenerife.shop\\\/#\\\/schema\\\/logo\\\/image\\\/\",\"url\":\"https:\\\/\\\/viagratenerife.shop\\\/wp-content\\\/uploads\\\/2023\\\/02\\\/ikoon.png\",\"contentUrl\":\"https:\\\/\\\/viagratenerife.shop\\\/wp-content\\\/uploads\\\/2023\\\/02\\\/ikoon.png\",\"width\":513,\"height\":513,\"caption\":\"KulliPilleri\"},\"image\":{\"@id\":\"https:\\\/\\\/viagratenerife.shop\\\/#\\\/schema\\\/logo\\\/image\\\/\"}}]}<\/script>\n<meta property=\"product:brand\" content=\"BEST PRICE\" \/>\n<meta property=\"product:price:amount\" content=\"29.00\" \/>\n<meta property=\"product:price:currency\" content=\"EUR\" \/>\n<meta property=\"og:availability\" content=\"instock\" \/>\n<meta property=\"product:availability\" content=\"instock\" \/>\n<meta property=\"product:retailer_item_id\" content=\"TDPX-8067643878\" \/>\n<meta property=\"product:condition\" content=\"new\" \/>\n<!-- \/ Yoast SEO Premium plugin. -->","yoast_head_json":{"title":"TDPX 80 - ViagraTenerife.shop","robots":{"index":"index","follow":"follow","max-snippet":"max-snippet:-1","max-image-preview":"max-image-preview:large","max-video-preview":"max-video-preview:-1"},"canonical":"https:\/\/viagratenerife.shop\/toode\/tadapox-80mg\/","og_locale":"de_DE","og_type":"article","og_title":"TDPX 80","og_description":"Tadapox 80 und Super Vidalista 80 (Tadalafil 20 mg & Dapoxetin 60 mg) sind eine beliebte und erfolgreiche Behandlung gegen Erektionsst\u00f6rungen. Da es die gleichen Wirkstoffe wie Cialis enth\u00e4lt, profitieren Patienten von einer effektiven Behandlungsdauer von mindestens 36 Stunden. Dies erm\u00f6glicht Paaren Geschlechtsverkehr zu einem normalen Zeitpunkt. Diese l\u00e4ngere Wirkdauer hat dem Medikament in Frankreich den Spitznamen \u201eLe Weekender\u201c eingebracht.","og_url":"https:\/\/viagratenerife.shop\/toode\/tadapox-80mg\/","og_site_name":"ViagraTenerife.shop","og_image":[{"width":800,"height":800,"url":"https:\/\/viagratenerife.shop\/wp-content\/uploads\/2023\/02\/Tadapox-80Mg.webp","type":"image\/webp"}],"twitter_card":"summary_large_image","twitter_misc":{"Price":"29,00&euro;","Availability":"In stock"},"schema":{"@context":"https:\/\/schema.org","@graph":[{"@type":"WebPage","@id":"https:\/\/viagratenerife.shop\/toode\/tadapox-80mg\/","url":"https:\/\/viagratenerife.shop\/toode\/tadapox-80mg\/","name":"TDPX 80 - ViagraTenerife.shop","isPartOf":{"@id":"https:\/\/viagratenerife.shop\/#website"},"primaryImageOfPage":{"@id":"https:\/\/viagratenerife.shop\/toode\/tadapox-80mg\/#primaryimage"},"image":{"@id":"https:\/\/viagratenerife.shop\/toode\/tadapox-80mg\/#primaryimage"},"thumbnailUrl":"https:\/\/viagratenerife.shop\/wp-content\/uploads\/2023\/02\/Tadapox-80Mg.webp","datePublished":"2023-02-27T18:59:14+00:00","breadcrumb":{"@id":"https:\/\/viagratenerife.shop\/toode\/tadapox-80mg\/#breadcrumb"},"inLanguage":"de","potentialAction":[{"@type":"ReadAction","target":["https:\/\/viagratenerife.shop\/toode\/tadapox-80mg\/"]}]},{"@type":"ImageObject","inLanguage":"de","@id":"https:\/\/viagratenerife.shop\/toode\/tadapox-80mg\/#primaryimage","url":"https:\/\/viagratenerife.shop\/wp-content\/uploads\/2023\/02\/Tadapox-80Mg.webp","contentUrl":"https:\/\/viagratenerife.shop\/wp-content\/uploads\/2023\/02\/Tadapox-80Mg.webp","width":800,"height":800},{"@type":"BreadcrumbList","@id":"https:\/\/viagratenerife.shop\/toode\/tadapox-80mg\/#breadcrumb","itemListElement":[{"@type":"ListItem","position":1,"name":"Home","item":"https:\/\/viagratenerife.shop\/"},{"@type":"ListItem","position":2,"name":"Tooted"},{"@type":"ListItem","position":3,"name":"TDPX 80"}]},{"@type":"WebSite","@id":"https:\/\/viagratenerife.shop\/#website","url":"https:\/\/viagratenerife.shop\/","name":"ViagraTenerife.shop","description":"Hochwertige Sexpillen zur Behandlung von Erektionsst\u00f6rungen","publisher":{"@id":"https:\/\/viagratenerife.shop\/#organization"},"potentialAction":[{"@type":"SearchAction","target":{"@type":"EntryPoint","urlTemplate":"https:\/\/viagratenerife.shop\/?s={search_term_string}"},"query-input":{"@type":"PropertyValueSpecification","valueRequired":true,"valueName":"search_term_string"}}],"inLanguage":"de"},{"@type":"Organization","@id":"https:\/\/viagratenerife.shop\/#organization","name":"KulliPilleri","url":"https:\/\/viagratenerife.shop\/","logo":{"@type":"ImageObject","inLanguage":"de","@id":"https:\/\/viagratenerife.shop\/#\/schema\/logo\/image\/","url":"https:\/\/viagratenerife.shop\/wp-content\/uploads\/2023\/02\/ikoon.png","contentUrl":"https:\/\/viagratenerife.shop\/wp-content\/uploads\/2023\/02\/ikoon.png","width":513,"height":513,"caption":"KulliPilleri"},"image":{"@id":"https:\/\/viagratenerife.shop\/#\/schema\/logo\/image\/"}}]},"product_brand":"BEST PRICE","product_price_amount":"29.00","product_price_currency":"EUR","og_availability":"instock","product_availability":"instock","product_retailer_item_id":"TDPX-8067643878","product_condition":"new"},"_links":{"self":[{"href":"https:\/\/viagratenerife.shop\/de\/wp-json\/wp\/v2\/product\/5092","targetHints":{"allow":["GET"]}}],"collection":[{"href":"https:\/\/viagratenerife.shop\/de\/wp-json\/wp\/v2\/product"}],"about":[{"href":"https:\/\/viagratenerife.shop\/de\/wp-json\/wp\/v2\/types\/product"}],"wp:featuredmedia":[{"embeddable":true,"href":"https:\/\/viagratenerife.shop\/de\/wp-json\/wp\/v2\/media\/5093"}],"wp:attachment":[{"href":"https:\/\/viagratenerife.shop\/de\/wp-json\/wp\/v2\/media?parent=5092"}],"wp:term":[{"taxonomy":"product_brand","embeddable":true,"href":"https:\/\/viagratenerife.shop\/de\/wp-json\/wp\/v2\/product_brand?post=5092"},{"taxonomy":"product_cat","embeddable":true,"href":"https:\/\/viagratenerife.shop\/de\/wp-json\/wp\/v2\/product_cat?post=5092"},{"taxonomy":"product_tag","embeddable":true,"href":"https:\/\/viagratenerife.shop\/de\/wp-json\/wp\/v2\/product_tag?post=5092"}],"curies":[{"name":"wp","href":"https:\/\/api.w.org\/{rel}","templated":true}]}}